{"id":27680,"date":"2021-02-21T15:05:48","date_gmt":"2021-02-21T15:05:48","guid":{"rendered":"https:\/\/www.autonvaraosahaku.fi\/?product=mahle-original-kc-24-polttoainesuodatin"},"modified":"2021-02-21T15:05:48","modified_gmt":"2021-02-21T15:05:48","slug":"mahle-original-kc-24-polttoainesuodatin","status":"publish","type":"product","link":"https:\/\/www.autonvaraosahaku.fi\/?product=mahle-original-kc-24-polttoainesuodatin","title":{"rendered":"MAHLE ORIGINAL KC 24 Polttoainesuodatin"},"content":{"rendered":"<p>Suodatintyyppi: Ruuvattava suodatin, Vorfilter; Korkeus (mm): 119,5; Kopan l\u00e4pimitta (mm): 76,5; Ulkol\u00e4pimitta 2 [mm]: 72,0; Sis\u00e4l\u00e4pimitta 2 [mm]: 62,0; Liitinkierre: M16x1,5; Kiristysmomentti: 20, 20, 20; Suositellun erikoisty\u00f6kalun tuotenumero: -, -; VW: WORKER; IVECO: MAGELYS,URBANWAY; VOLVO: B10,B12,B6,F10,F12,F16,F6,F7,F80,FH16,FL,FL10,FL4,FL6,FL7,FS7,N10,N12,N7,NL,OLYMPIAN; FORD: Cargo,F-SERIES; FIAT: Series 130,Series 190,Series 70; AGRALE: 1-Series; SCANIA: 2 &#8211; series,3 &#8211; series,3 &#8211; series bus; RENAULT TRUCKS: B Pritsche\/Fahrgestell,B Kasten\/Kombi,AGORA,ARES,C,FR1,G,ILIADE,KERAX,MAGNUM,MAJOR,MANAGER,MAXTER,MIDLINER,MIDLUM,PR,PREMIUM,R,TB,TBH,TR,TRACER; OTOKAR: NAVIGO; NEOPLAN: Cityliner,Jetliner,Skyliner,Spaceliner,Transliner; TAE127177, TN4127177A, TAE127177, TN4127177A, 456005, 7110301, 7122737, 75204003, 75208272, E7HN9N327AA, 9307815, 6732716110, 0000504113074, 0504113074, 42074972, 5001019686, 504113074, 0022852800, 5000790570, 5000814227, 6005000788, 7701015820, 7701017732, 0870017560, 4033156710, 5000686589, 5000686590, 5000790570, 5000806336, 5000814227, 7701015820, 7701017322, 7701017732, 22037100, 11706667, 21492771, 241672, 2416725, 241674, 243004, 2430049, 243009, 3825133, 38251336, 466987, 4669873, 4669875, 47701701, 6884380, 6884438, 6888794, 7243004, 72430044, 72430049, 8000250, 8125339, 2RK127177A, 9451080065<\/p>\n","protected":false},"excerpt":{"rendered":"<p>MAHLE ORIGINAL Polttoainesuodatin KC 24  VW,IVECO,VOLVO,WORKER,MAGELYS,URBANWAY,B10,B12,B6,F10,F12,F16,F6,F7,F80,FH16,FL,FL10,FL4,FL6,FL7,FS7,N10,N12<\/p>\n","protected":false},"featured_media":0,"template":"","meta":{"site-sidebar-layout":"default","site-content-layout":"default","ast-global-header-display":"","ast-main-header-display":"","ast-hfb-above-header-display":"","ast-hfb-below-header-display":"","ast-hfb-mobile-header-display":"","site-post-title":"","ast-breadcrumbs-content":"","ast-featured-img":"","footer-sml-layout":"","theme-transparent-header-meta":"","adv-header-id-meta":"","stick-header-meta":"","header-above-stick-meta":"","header-main-stick-meta":"","header-below-stick-meta":""},"pwb-brand":[153],"product_cat":[29],"product_tag":[],"class_list":{"0":"post-27680","1":"product","2":"type-product","3":"status-publish","5":"pwb-brand-mahle-original","6":"product_cat-polttoainesuodatin","7":"desktop-align-left","8":"tablet-align-left","9":"mobile-align-left","11":"first","12":"instock","13":"product-type-external"},"brands":[{"id":153,"name":"MAHLE ORIGINAL","slug":"mahle-original"}],"_links":{"self":[{"href":"https:\/\/www.autonvaraosahaku.fi\/index.php?rest_route=\/wp\/v2\/product\/27680","targetHints":{"allow":["GET"]}}],"collection":[{"href":"https:\/\/www.autonvaraosahaku.fi\/index.php?rest_route=\/wp\/v2\/product"}],"about":[{"href":"https:\/\/www.autonvaraosahaku.fi\/index.php?rest_route=\/wp\/v2\/types\/product"}],"wp:attachment":[{"href":"https:\/\/www.autonvaraosahaku.fi\/index.php?rest_route=%2Fwp%2Fv2%2Fmedia&parent=27680"}],"wp:term":[{"taxonomy":"pwb-brand","embeddable":true,"href":"https:\/\/www.autonvaraosahaku.fi\/index.php?rest_route=%2Fwp%2Fv2%2Fpwb-brand&post=27680"},{"taxonomy":"product_cat","embeddable":true,"href":"https:\/\/www.autonvaraosahaku.fi\/index.php?rest_route=%2Fwp%2Fv2%2Fproduct_cat&post=27680"},{"taxonomy":"product_tag","embeddable":true,"href":"https:\/\/www.autonvaraosahaku.fi\/index.php?rest_route=%2Fwp%2Fv2%2Fproduct_tag&post=27680"}],"curies":[{"name":"wp","href":"https:\/\/api.w.org\/{rel}","templated":true}]}}