{"id":27736,"date":"2021-02-21T15:05:56","date_gmt":"2021-02-21T15:05:56","guid":{"rendered":"https:\/\/www.autonvaraosahaku.fi\/?product=purflux-fcs772a-polttoainesuodatin"},"modified":"2021-02-21T15:05:58","modified_gmt":"2021-02-21T15:05:58","slug":"purflux-fcs772a-polttoainesuodatin","status":"publish","type":"product","link":"https:\/\/www.autonvaraosahaku.fi\/?product=purflux-fcs772a-polttoainesuodatin","title":{"rendered":"PURFLUX FCS772A Polttoainesuodatin"},"content":{"rendered":"<p>Ulkol\u00e4pimitta [mm]: 80; Sis\u00e4l\u00e4pimitta [mm]: 10; Korkeus (mm): 208; Varustelumahdollisuudet: Delphi; DACIA: DUSTER,SANDERO,LOGAN MCV KS_,LOGAN LS_,LOGAN EXPRESS FS_,LOGAN Pick-up US_,DUSTER Kasten; RENAULT: DUSTER,LOGAN I Kombi KS_,LOGAN I LS_; 164000884R, 164002137R, 6001552226, 7701478546, 7701478547, 8200803830, 8200803831, 8200813237, 8200947514<\/p>\n","protected":false},"excerpt":{"rendered":"<p>PURFLUX Polttoainesuodatin FCS772A  DACIA,RENAULT,DUSTER,SANDERO,LOGAN MCV KS_,LOGAN LS_,LOGAN EXPRESS FS_,LOGAN Pick-up US_,DUSTER Kasten,DUSTER<\/p>\n","protected":false},"featured_media":0,"template":"","meta":{"site-sidebar-layout":"default","site-content-layout":"default","ast-global-header-display":"","ast-main-header-display":"","ast-hfb-above-header-display":"","ast-hfb-below-header-display":"","ast-hfb-mobile-header-display":"","site-post-title":"","ast-breadcrumbs-content":"","ast-featured-img":"","footer-sml-layout":"","theme-transparent-header-meta":"","adv-header-id-meta":"","stick-header-meta":"","header-above-stick-meta":"","header-main-stick-meta":"","header-below-stick-meta":""},"pwb-brand":[303],"product_cat":[29],"product_tag":[],"class_list":{"0":"post-27736","1":"product","2":"type-product","3":"status-publish","5":"pwb-brand-purflux","6":"product_cat-polttoainesuodatin","7":"desktop-align-left","8":"tablet-align-left","9":"mobile-align-left","11":"first","12":"instock","13":"product-type-external"},"brands":[{"id":303,"name":"PURFLUX","slug":"purflux"}],"_links":{"self":[{"href":"https:\/\/www.autonvaraosahaku.fi\/index.php?rest_route=\/wp\/v2\/product\/27736","targetHints":{"allow":["GET"]}}],"collection":[{"href":"https:\/\/www.autonvaraosahaku.fi\/index.php?rest_route=\/wp\/v2\/product"}],"about":[{"href":"https:\/\/www.autonvaraosahaku.fi\/index.php?rest_route=\/wp\/v2\/types\/product"}],"wp:attachment":[{"href":"https:\/\/www.autonvaraosahaku.fi\/index.php?rest_route=%2Fwp%2Fv2%2Fmedia&parent=27736"}],"wp:term":[{"taxonomy":"pwb-brand","embeddable":true,"href":"https:\/\/www.autonvaraosahaku.fi\/index.php?rest_route=%2Fwp%2Fv2%2Fpwb-brand&post=27736"},{"taxonomy":"product_cat","embeddable":true,"href":"https:\/\/www.autonvaraosahaku.fi\/index.php?rest_route=%2Fwp%2Fv2%2Fproduct_cat&post=27736"},{"taxonomy":"product_tag","embeddable":true,"href":"https:\/\/www.autonvaraosahaku.fi\/index.php?rest_route=%2Fwp%2Fv2%2Fproduct_tag&post=27736"}],"curies":[{"name":"wp","href":"https:\/\/api.w.org\/{rel}","templated":true}]}}