{"id":27740,"date":"2021-02-21T15:06:00","date_gmt":"2021-02-21T15:06:00","guid":{"rendered":"https:\/\/www.autonvaraosahaku.fi\/?product=hella-4ra-933-766-111-muut-luokat"},"modified":"2021-02-21T15:06:00","modified_gmt":"2021-02-21T15:06:00","slug":"hella-4ra-933-766-111-muut-luokat","status":"publish","type":"product","link":"https:\/\/www.autonvaraosahaku.fi\/?product=hella-4ra-933-766-111-muut-luokat","title":{"rendered":"HELLA 4RA 933 766-111 Muut luokat"},"content":{"rendered":"<p>Korvaava tuote\/korvaava tiedote 2: Vastuksella; Lis\u00e4tarvike\/lis\u00e4tieto: Ilman pidikett\u00e4; Yhdistelm\u00e4kytkintoiminto: Sulkija; Suojausmalli (IP-koodi): IP54; Napojen m\u00e4\u00e4r\u00e4: 4; Nimellisj\u00e4nnite (V): 12; L\u00e4mp\u00f6alue alkaen [\u00b0C]: -40; L\u00e4mp\u00f6tila-alue korkeintaan [\u00b0C]: +125; V\u00e4ri: Musta; Induktiivinen kuorma [A]: 20; Kapasitiivinen kuorma: 20; Ohmikuorma [A]: 20; Kytkent\u00e4kaavio: S2; Pistokemallin tunnus: C; Reletoiminto: Mukavuusvarusteet, Pys\u00e4k\u00f6intitutka, ABS, L\u00e4hivalo, Kaukovalot, Takaikkuna l\u00e4mmitetty, ESP, Ikkunamekanismi, K\u00e4ynnistin, \u00c4\u00e4nitorvi, Ilmastointilaite, Valokatkaisija, Puhallin, l\u00e4mmitys-\/ilmastointilaite, Sis\u00e4ilmapuhallin, Napa 15, P\u00e4iv\u00e4ajovalo, Kattohydrauliikka, Keskuslukitus, ABS-palautuspumppu, Ulkopeilin s\u00e4\u00e4t\u00f6, L\u00e4mmitett\u00e4va ulkopeili, S\u00e4hk\u00f6-lis\u00e4l\u00e4mmitys, Sis\u00e4valaistus, Napa 15R, Napa 87, Polttoainepumppu, Lambdasondi, Puhallin, moottorij\u00e4\u00e4hdytys, Sumuvalonheitin, Lasinpyyhkij\u00e4, Pyyhkij\u00e4n lepoaseman l\u00e4mmitys, Kattoluukku, Toisioilmaj\u00e4rjestelm\u00e4, Istuinl\u00e4mmitys; LEXUS: RX MHU3_, GSU3_, MCU3_,RX GYL1_, GGL15, AGL10,LX URJ201,GX _J12_,GX URJ15_,ES MCV_, VZV_,HS ANF10,NX ZGZ1_, AGZ1_, AYZ1_; MERCEDES-BENZ: C-CLASS W203,E-CLASS W211,A-CLASS W168,C-CLASS T-Model S204,C-CLASS T-Model S203,C-CLASS W202,E-CLASS T-Model S211,E-CLASS W210,E-CLASS W212,B-CLASS W246, W242,M-CLASS W164,C-CLASS Coupe CL203,M-CLASS W163,GLK-CLASS X204,E-CLASS Kombi S210,SLK R171,CLK C208,A-CLASS W176,SL R129,CLK C209,C-CLASS Kombi S202,S-CLASS W220,S-CLASS W221,CLS C219,VANEO 414,SL R230,R-CLASS W251, V251,M-CLASS W166,G-CLASS W463,E-CLASS Coupe C207,CLK Cabriolet A208,CLK Cabriolet A209,C-CLASS Coupe C204,E-CLASS Cabriolet A207,CLC-CLASS CL203,GL-CLASS X164,S-CLASS Coupe C215,S-CLASS Coupe C216,GL-CLASS X166,SL R231,G-CLASS Cabrio W463; TOYOTA: AURIS NZE18_, ZRE18_,PRIUS Liftback NHW20_,AURIS TOURING SPORTS ADE18_, ZWE18_, ZRE18_,CELICA ZZT23_,RAV 4 IV ZSA4_, ALA4_,MR 2 III ZZW3_,LAND CRUISER PZJ7_, KZJ7_, HZJ7_, BJ7_, LJ7_, RJ7_,LAND CRUISER 150 KDJ15_, GRJ15_,CAMRY MCV3_, ACV3_, _XV3_,LAND CRUISER VDJ20_, UZJ20_,LAND CRUISER Pick-up _J7_,COROLLA Stufenheck NRE18_, ZRE17_, ZRE18_, NDE18_,TUNDRA Pick-up _K5_,FJ CRUISER GSJ1_,4 RUNNER UZN21_, KZN21_, GRN21_,SIENNA ASL3_, GSL3_,CAMRY Stufenheck _XV4_,SIENNA MCL2_, GSL2_,AURIS VAN Kasten ZRE18_, NZE18_,CAMRY SOLARA Coupe MCV3_, ACV3_,COROLLA Station Wagon NKE16_, NZE16_,MATRIX ZZE13_,TACOMA Pick-up TRN2_, GRN2_,4 RUNNER TRN28_, GRN28_,TACOMA Pick-up _N3_; 0025421119, 0025428319, 0025428419, 0025451119, A0025421119, A0025428319, A0025428419, A0025451119, 0025421119, 0025428319, 0025428419, 0025451119, A0025421119, A0025428319, A0025428419, A0025451119, 9098702028<\/p>\n","protected":false},"excerpt":{"rendered":"<p>HELLA Rele, Ty\u00f6virta 4RA 933 766-111  LEXUS,MERCEDES-BENZ,TOYOTA,RX MHU3_, GSU3_, MCU3_,RX GYL1_, GGL15, AGL10,LX URJ201,GX _J12_,GX URJ15_<\/p>\n","protected":false},"featured_media":0,"template":"","meta":{"site-sidebar-layout":"default","site-content-layout":"default","ast-global-header-display":"","ast-main-header-display":"","ast-hfb-above-header-display":"","ast-hfb-below-header-display":"","ast-hfb-mobile-header-display":"","site-post-title":"","ast-breadcrumbs-content":"","ast-featured-img":"","footer-sml-layout":"","theme-transparent-header-meta":"","adv-header-id-meta":"","stick-header-meta":"","header-above-stick-meta":"","header-main-stick-meta":"","header-below-stick-meta":""},"pwb-brand":[24],"product_cat":[37],"product_tag":[],"class_list":{"0":"post-27740","1":"product","2":"type-product","3":"status-publish","5":"pwb-brand-hella","6":"product_cat-muut-luokat","7":"desktop-align-left","8":"tablet-align-left","9":"mobile-align-left","11":"first","12":"instock","13":"product-type-external"},"brands":[{"id":24,"name":"HELLA","slug":"hella"}],"_links":{"self":[{"href":"https:\/\/www.autonvaraosahaku.fi\/index.php?rest_route=\/wp\/v2\/product\/27740","targetHints":{"allow":["GET"]}}],"collection":[{"href":"https:\/\/www.autonvaraosahaku.fi\/index.php?rest_route=\/wp\/v2\/product"}],"about":[{"href":"https:\/\/www.autonvaraosahaku.fi\/index.php?rest_route=\/wp\/v2\/types\/product"}],"wp:attachment":[{"href":"https:\/\/www.autonvaraosahaku.fi\/index.php?rest_route=%2Fwp%2Fv2%2Fmedia&parent=27740"}],"wp:term":[{"taxonomy":"pwb-brand","embeddable":true,"href":"https:\/\/www.autonvaraosahaku.fi\/index.php?rest_route=%2Fwp%2Fv2%2Fpwb-brand&post=27740"},{"taxonomy":"product_cat","embeddable":true,"href":"https:\/\/www.autonvaraosahaku.fi\/index.php?rest_route=%2Fwp%2Fv2%2Fproduct_cat&post=27740"},{"taxonomy":"product_tag","embeddable":true,"href":"https:\/\/www.autonvaraosahaku.fi\/index.php?rest_route=%2Fwp%2Fv2%2Fproduct_tag&post=27740"}],"curies":[{"name":"wp","href":"https:\/\/api.w.org\/{rel}","templated":true}]}}