{"id":27743,"date":"2021-02-21T15:06:00","date_gmt":"2021-02-21T15:06:00","guid":{"rendered":"https:\/\/www.autonvaraosahaku.fi\/?product=ridex-13d0004-vetoakseli"},"modified":"2021-02-21T15:06:01","modified_gmt":"2021-02-21T15:06:01","slug":"ridex-13d0004-vetoakseli","status":"publish","type":"product","link":"https:\/\/www.autonvaraosahaku.fi\/?product=ridex-13d0004-vetoakseli","title":{"rendered":"RIDEX 13D0004 Vetoakseli"},"content":{"rendered":"<p>Asennuspuoli: Etuakseli, vasen; Pituus (mm): 560; Ulkohammastus, py\u00f6r\u00e4npuoli: 36; Nivelen l\u00e4pimitta py\u00f6r\u00e4puoli [mm]: 90,00; Nivelen l\u00e4pimitta vaihteistopuoli [mm]: 100,0; Vaihteistomalli: K\u00e4sivaihteisto, Schaltgetriebe; VW: GOLF IV 1J1,GOLF III 1H1,GOLF IV Variant 1J5,PASSAT Variant 3A5, 35I,BORA 1J2,NEW BEETLE 9C1, 1C1,GOLF Mk III Cabriolet 1E7,BORA Kombi 1J6,GOLF III Variant 1H5,NEW BEETLE Cabriolet 1Y7,PASSAT 3A2, 35I,GOLF IV Van 1J1; AUDI: A3 8L1; SKODA: OCTAVIA Combi 1U5,OCTAVIA 1U2; SEAT: LEON 1M1,TOLEDO II 1M2; 1J0407271AP, 1J0407271AQ, 1J0407271C, 1J0407271DL, 1J0407271FN, 1J0407271H, 1J0407451AX, 1J0407271AP, 1J0407271AQ, 1J0407271C, 1J0407271DL, 1J0407271FN, 1J0407271H, 1J0407451AX, 1J0407271AP, 1J0407271AQ, 1J0407271C, 1J0407271DL, 1J0407271FN, 1J0407271H, 1J0407451AX, 1J0407271AD, 1J0407271AF, 1J0407271AP, 1J0407271AQ, 1J0407271B, 1J0407271C, 1J0407271DF, 1J0407271EN, 1J0407271FN, 1J0407271JD, 1J0407271KH, 1J0407271NR, 1J0407451AX<\/p>\n","protected":false},"excerpt":{"rendered":"<p>RIDEX Vetoakseli 13D0004  VW,AUDI,SKODA,GOLF IV 1J1,GOLF III 1H1,GOLF IV Variant 1J5,PASSAT Variant 3A5, 35I,BORA 1J2,NEW BEETLE 9C1, 1C1<\/p>\n","protected":false},"featured_media":0,"template":"","meta":{"site-sidebar-layout":"default","site-content-layout":"default","ast-global-header-display":"","ast-main-header-display":"","ast-hfb-above-header-display":"","ast-hfb-below-header-display":"","ast-hfb-mobile-header-display":"","site-post-title":"","ast-breadcrumbs-content":"","ast-featured-img":"","footer-sml-layout":"","theme-transparent-header-meta":"","adv-header-id-meta":"","stick-header-meta":"","header-above-stick-meta":"","header-main-stick-meta":"","header-below-stick-meta":""},"pwb-brand":[157],"product_cat":[215],"product_tag":[],"class_list":{"0":"post-27743","1":"product","2":"type-product","3":"status-publish","5":"pwb-brand-ridex","6":"product_cat-vetoakseli","7":"desktop-align-left","8":"tablet-align-left","9":"mobile-align-left","11":"first","12":"instock","13":"product-type-external"},"brands":[{"id":157,"name":"RIDEX","slug":"ridex"}],"_links":{"self":[{"href":"https:\/\/www.autonvaraosahaku.fi\/index.php?rest_route=\/wp\/v2\/product\/27743","targetHints":{"allow":["GET"]}}],"collection":[{"href":"https:\/\/www.autonvaraosahaku.fi\/index.php?rest_route=\/wp\/v2\/product"}],"about":[{"href":"https:\/\/www.autonvaraosahaku.fi\/index.php?rest_route=\/wp\/v2\/types\/product"}],"wp:attachment":[{"href":"https:\/\/www.autonvaraosahaku.fi\/index.php?rest_route=%2Fwp%2Fv2%2Fmedia&parent=27743"}],"wp:term":[{"taxonomy":"pwb-brand","embeddable":true,"href":"https:\/\/www.autonvaraosahaku.fi\/index.php?rest_route=%2Fwp%2Fv2%2Fpwb-brand&post=27743"},{"taxonomy":"product_cat","embeddable":true,"href":"https:\/\/www.autonvaraosahaku.fi\/index.php?rest_route=%2Fwp%2Fv2%2Fproduct_cat&post=27743"},{"taxonomy":"product_tag","embeddable":true,"href":"https:\/\/www.autonvaraosahaku.fi\/index.php?rest_route=%2Fwp%2Fv2%2Fproduct_tag&post=27743"}],"curies":[{"name":"wp","href":"https:\/\/api.w.org\/{rel}","templated":true}]}}