{"id":27764,"date":"2021-02-21T15:06:04","date_gmt":"2021-02-21T15:06:04","guid":{"rendered":"https:\/\/www.autonvaraosahaku.fi\/?product=beru-z22-sytytystulpat"},"modified":"2021-02-21T15:06:05","modified_gmt":"2021-02-21T15:06:05","slug":"beru-z22-sytytystulpat","status":"publish","type":"product","link":"https:\/\/www.autonvaraosahaku.fi\/?product=beru-z22-sytytystulpat","title":{"rendered":"BERU Z22 Sytytystulpat"},"content":{"rendered":"<p>K\u00e4rkiv\u00e4li (mm): 0,7; Liittimet: SAE\/M4; Kierremitta: M14x1,25; Avainv\u00e4li: 21 mm; Sytytystulppa: 1-maaelektroodi, suoralla istukalla; Kierteen pituus (mm): 19; Teknisten tietojen numero: 14-6 DU; Itsepalvelupakattu, katso osaluettelo: ; Kiristysmomentti > [Nm]: 20; Kiristysmomentti enint\u00e4\u00e4n [Nm]: 30; Tuotelinja: ULTRA; Tarvittava kappalem\u00e4\u00e4r\u00e4: 4; VW: GOLF II 19E, 1G1,POLO CLASSIC 6KV2,SCIROCCO 53B,LT 28-35 I Kasten 281-363,LT 28-35 I Bus 281-363,PASSAT Variant 32B,LT 28-35 I Pritsche\/Fahrgestell 281-363,PASSAT 32B,LT 40-55 I Pritsche\/Fahrgestell 293-909,POLO 86,SCIROCCO 53,GOL I,PASSAT 32,LT 40-55 I Kasten 291-512,PASSAT Stufenheck 32B,PASSAT Variant 33; AUDI: 100 44, 44Q, C3,80 81, 85, B2,100 Avant 44, 44Q, C3,COUPE 81, 85,80 80, 82, B1,100 C1,100 43, C2,50 86,100 Avant 43, C2; MERCEDES-BENZ: Stufenheck W123,G-CLASS W460,S-CLASS W108, W109,S-CLASS W116,KOMBI Kombi S123,SL Coupe C107,HECKFLOSSE W111, W112,SL W121; BMW: 02 E10,5 E12,02 Touring E6,02 Cabriolet E10; OPEL: ASCONA A 81_, 86_, 87_, 88_; FORD: TAUNUS 17M Turnier 35F,TAUNUS 12M 11G,TAUNUS 15M 21G,TAUNUS 17M Turnier 36F,TAUNUS 15M Coupe 23G,TAUNUS 15M 22G,TAUNUS 15M Turnier 25G; RENAULT: SUPER 5 B\/C40_,TRAFIC Kasten TXX,9 L42_,TRAFIC Bus TXW,19 II Chamade L53_,11 B\/C37_,16 115_,21 Stufenheck L48_,MASTER I Kasten T__,TRAFIC Kasten T1, T3, T4,TRAFIC Bus T5, T6, T7,18 134_,21 Kombi K48_,17,18 Variable 135_,FUEGO 136_,21 B48_,MASTER I Bus T__,20 127_,TRAFIC Pritsche\/Fahrgestell P6,MASTER I Pritsche\/Fahrgestell P__,TRAFIC Pritsche\/Fahrgestell PXX,15 130_,21 Kasten S48_; FIAT: 124 Spider,126,850,125,131,124 Coupe,124,132,124 Familiare; PEUGEOT: 505 551A; SEAT: 124,128,132,RONDA 022A; 0012700517009, N01781120, N01781213, 12121257081, 12121257082, 12121338145, 12121353286, 12128353286, 12128636166, 12128636168, 75491694, 75491695, 75491697, GX0618808A, ZA3406176, ZA4233922, ZCT000012, 1L45J, 2284662, 2301711, 3233922, 4249164, 4345041, 7554419, 7554453, 1506413, 5099961, 53, 2284662, 2301711, 4233922, 4249164, 4345040, 4345041, 51259230020, 51259230022, 51259230023, 0011594703, 0011595103, 0011596803, 0011597103, 0011598403, 0011598503, 0011599403, 0021590803, 0021590903, 0021591403, 0021591503, 0021594103, 0021594203, 0031591303, 0031595703, 0031595803, 1101590003, A0031595703, 1214025, 1214039, 1214110, 596127, 596143, 596216, 596245, 596265, 5962A1, 9561837880, AOP, 99917013890, 99917013990, 99917016890, 7700647273, 7700659152, 7700861471, 7701366086, 7701366087, 7701366138, 7701366268, 7701414044, 0003901171, 0003910649, 9050711, 0004345600, 0013112000, 0016631600, 000057022, 000057023A, 1276514, 1306604, 273546, 273591, 273596, 463512; Tulpat,Sytytystulppa<\/p>\n","protected":false},"excerpt":{"rendered":"<p>BERU Sytytystulpat Z22 Tulpat,Sytytystulppa VW,AUDI,MERCEDES-BENZ,GOLF II 19E, 1G1,POLO CLASSIC 6KV2,SCIROCCO 53B,LT 28-35 I Kasten 281-363<\/p>\n","protected":false},"featured_media":0,"template":"","meta":{"site-sidebar-layout":"default","site-content-layout":"default","ast-global-header-display":"","ast-main-header-display":"","ast-hfb-above-header-display":"","ast-hfb-below-header-display":"","ast-hfb-mobile-header-display":"","site-post-title":"","ast-breadcrumbs-content":"","ast-featured-img":"","footer-sml-layout":"","theme-transparent-header-meta":"","adv-header-id-meta":"","stick-header-meta":"","header-above-stick-meta":"","header-main-stick-meta":"","header-below-stick-meta":""},"pwb-brand":[327],"product_cat":[165],"product_tag":[],"class_list":{"0":"post-27764","1":"product","2":"type-product","3":"status-publish","5":"pwb-brand-beru","6":"product_cat-sytytystulpat","7":"desktop-align-left","8":"tablet-align-left","9":"mobile-align-left","11":"first","12":"instock","13":"product-type-external"},"brands":[{"id":327,"name":"BERU","slug":"beru"}],"_links":{"self":[{"href":"https:\/\/www.autonvaraosahaku.fi\/index.php?rest_route=\/wp\/v2\/product\/27764","targetHints":{"allow":["GET"]}}],"collection":[{"href":"https:\/\/www.autonvaraosahaku.fi\/index.php?rest_route=\/wp\/v2\/product"}],"about":[{"href":"https:\/\/www.autonvaraosahaku.fi\/index.php?rest_route=\/wp\/v2\/types\/product"}],"wp:attachment":[{"href":"https:\/\/www.autonvaraosahaku.fi\/index.php?rest_route=%2Fwp%2Fv2%2Fmedia&parent=27764"}],"wp:term":[{"taxonomy":"pwb-brand","embeddable":true,"href":"https:\/\/www.autonvaraosahaku.fi\/index.php?rest_route=%2Fwp%2Fv2%2Fpwb-brand&post=27764"},{"taxonomy":"product_cat","embeddable":true,"href":"https:\/\/www.autonvaraosahaku.fi\/index.php?rest_route=%2Fwp%2Fv2%2Fproduct_cat&post=27764"},{"taxonomy":"product_tag","embeddable":true,"href":"https:\/\/www.autonvaraosahaku.fi\/index.php?rest_route=%2Fwp%2Fv2%2Fproduct_tag&post=27764"}],"curies":[{"name":"wp","href":"https:\/\/api.w.org\/{rel}","templated":true}]}}