{"id":27774,"date":"2021-02-21T15:06:04","date_gmt":"2021-02-21T15:06:04","guid":{"rendered":"https:\/\/www.autonvaraosahaku.fi\/?product=elring-707-180-venttiilinvarren-kumit"},"modified":"2021-02-21T15:06:06","modified_gmt":"2021-02-21T15:06:06","slug":"elring-707-180-venttiilinvarren-kumit","status":"publish","type":"product","link":"https:\/\/www.autonvaraosahaku.fi\/?product=elring-707-180-venttiilinvarren-kumit","title":{"rendered":"ELRING 707.180 Venttiilinvarren kumit"},"content":{"rendered":"<p>Venttiilinvarren l\u00e4pimitta [mm]: 6, 6; Sis\u00e4l\u00e4pimitta [mm]: 10,8; Ulkol\u00e4pimitta [mm]: 13,6; Korkeus (mm): 10,3; Materiaali: FPM (fluori-kumi); V\u00e4ri: Vihre\u00e4; Asennuspuoli: Einlassseite; MAZDA: 5 CR19,3 BK,6 Station Wagon GY,MX-5 II NB,6 Kombi GH,323 F VI BJ,PREMACY CP,CX-7 ER,6 Hatchback GG,6 GG,3 BL,MX-5 I NA,DEMIO DW,6 Schr\u00e4gheck GH,626 V Hatchback GF,3 Stufenheck BK,6 GH,MPV II LW,626 V GF,626 V Station Wagon GW,323 P V BA,3 Stufenheck BL,626 IV Hatchback GE,MX-3 EC,FAMILIA VI BJ,XEDOS 6 CA,323 C IV BG,FAMILIA IV BF,XEDOS 9 TA,626 IV GE,FAMILIA V BA,FAMILIA V BG8,323 III Hatchback BF,121 II DB,MX-6 GE,626 III GD,FAMILIA IV BG,626 III Hatchback GD,626 III Coupe GD,626 III Station Wagon GV,323 III BF,323 III Station Wagon BW,MX-6 GD; KIA: SPORTAGE JE_, KM_,CARENS II FJ,SPORTAGE K00,SHUMA II FB,CARENS I FC,RETONA CE,SHUMA FB,PRIDE DA,CLARUS K9A,CLARUS Kombi GC,SEPHIA Stufenheck FA,SEPHIA FA,SEPHIA FB,CERATO Stufenheck,AVELLA,PRIDE Van DA; FORD USA: PROBE II ECP; SUZUKI: GRAND VITARA II JT,GRAND VITARA I FT,VITARA ET, TA; FORD: PUMA EC_; 1031012, 97MF6571BA, MB66010106, B3C810155, B66010155, KL0210155, RF7J10155<\/p>\n","protected":false},"excerpt":{"rendered":"<p>ELRING Tiiviste, Venttiilivarsi 707.180  MAZDA,KIA,FORD USA,5 CR19,3 BK,6 Station Wagon GY,MX-5 II NB,6 Kombi GH,323 F VI BJ,PREMACY CP,CX-7 ER<\/p>\n","protected":false},"featured_media":0,"template":"","meta":{"site-sidebar-layout":"default","site-content-layout":"default","ast-global-header-display":"","ast-main-header-display":"","ast-hfb-above-header-display":"","ast-hfb-below-header-display":"","ast-hfb-mobile-header-display":"","site-post-title":"","ast-breadcrumbs-content":"","ast-featured-img":"","footer-sml-layout":"","theme-transparent-header-meta":"","adv-header-id-meta":"","stick-header-meta":"","header-above-stick-meta":"","header-main-stick-meta":"","header-below-stick-meta":""},"pwb-brand":[26],"product_cat":[170],"product_tag":[],"class_list":{"0":"post-27774","1":"product","2":"type-product","3":"status-publish","5":"pwb-brand-elring","6":"product_cat-venttiilinvarren-kumit","7":"desktop-align-left","8":"tablet-align-left","9":"mobile-align-left","11":"first","12":"instock","13":"product-type-external"},"brands":[{"id":26,"name":"ELRING","slug":"elring"}],"_links":{"self":[{"href":"https:\/\/www.autonvaraosahaku.fi\/index.php?rest_route=\/wp\/v2\/product\/27774","targetHints":{"allow":["GET"]}}],"collection":[{"href":"https:\/\/www.autonvaraosahaku.fi\/index.php?rest_route=\/wp\/v2\/product"}],"about":[{"href":"https:\/\/www.autonvaraosahaku.fi\/index.php?rest_route=\/wp\/v2\/types\/product"}],"wp:attachment":[{"href":"https:\/\/www.autonvaraosahaku.fi\/index.php?rest_route=%2Fwp%2Fv2%2Fmedia&parent=27774"}],"wp:term":[{"taxonomy":"pwb-brand","embeddable":true,"href":"https:\/\/www.autonvaraosahaku.fi\/index.php?rest_route=%2Fwp%2Fv2%2Fpwb-brand&post=27774"},{"taxonomy":"product_cat","embeddable":true,"href":"https:\/\/www.autonvaraosahaku.fi\/index.php?rest_route=%2Fwp%2Fv2%2Fproduct_cat&post=27774"},{"taxonomy":"product_tag","embeddable":true,"href":"https:\/\/www.autonvaraosahaku.fi\/index.php?rest_route=%2Fwp%2Fv2%2Fproduct_tag&post=27774"}],"curies":[{"name":"wp","href":"https:\/\/api.w.org\/{rel}","templated":true}]}}