{"id":27787,"date":"2021-02-21T15:06:08","date_gmt":"2021-02-21T15:06:08","guid":{"rendered":"https:\/\/www.autonvaraosahaku.fi\/?product=topran-107-308-jaahdytysnesteen-laippa"},"modified":"2021-02-21T15:06:09","modified_gmt":"2021-02-21T15:06:09","slug":"topran-107-308-jaahdytysnesteen-laippa","status":"publish","type":"product","link":"https:\/\/www.autonvaraosahaku.fi\/?product=topran-107-308-jaahdytysnesteen-laippa","title":{"rendered":"TOPRAN 107 308 J\u00e4\u00e4hdytysnesteen laippa"},"content":{"rendered":"<p>Asennuspuoli: Sylinterikansi, Etup\u00e4\u00e4, Vaihteiston puoli; Korvaava tuote\/korvaava tiedote 2: Tiivisterenkaalla; Materiaali: Muovi; TECDOC-moottorinumero: 257; VW: LUPO 6X1, 6E1,GOLF III 1H1,SHARAN 7M8, 7M9, 7M6,POLO 6N2,POLO 6N1,GOLF II 19E, 1G1,PASSAT Variant 3A5, 35I,GOLF III Variant 1H5,TRANSPORTER III Bus,PASSAT 3A2, 35I,CADDY II Kasten 9K9A,POLO CLASSIC 6KV2,VENTO 1H2,GOLF I 17,JETTA II 19E, 1G2, 165,TRANSPORTER III Kasten,CADDY II Kombi 9K9B,TRANSPORTER III Pritsche\/Fahrgestell,PASSAT 32B,CADDY II Pick-up 9U7,JETTA I 16; AUDI: A6 Avant 4B5, C5,80 8C, B4,80 89, 89Q, 8A, B3,100 4A, C4,80 Avant 8C, B4,100 44, 44Q, C3,A6 Avant 4A, C4,A6 4A, C4,80 81, 85, B2,100 Avant 4A, C4; SKODA: FELICIA I 6U1,FELICIA I Fun 797,FELICIA II Kombi 6U5; SEAT: LEON 1M1,AROSA 6H,ALHAMBRA 7V8, 7V9,IBIZA II 6K1,CORDOBA 6K1, 6K2,TOLEDO I 1L,INCA 6K9; 026121144A, 026121144E, 026121145E, 037121144A, 037121145, 026121144A, 026121144E, 026121145E, 037121144A, 037121145, 026121144A, 026121144E, 026121145E, 037121144A, 037121145, 026121144A, 026121144E, 026121145E, 037121144A, 037121145<\/p>\n","protected":false},"excerpt":{"rendered":"<p>TOPRAN J\u00e4\u00e4hdytysnesteen Laippa 107 308  VW,AUDI,SKODA,LUPO 6X1, 6E1,GOLF III 1H1,SHARAN 7M8, 7M9, 7M6,POLO 6N2,POLO 6N1,GOLF II 19E, 1G1<\/p>\n","protected":false},"featured_media":0,"template":"","meta":{"site-sidebar-layout":"default","site-content-layout":"default","ast-global-header-display":"","ast-main-header-display":"","ast-hfb-above-header-display":"","ast-hfb-below-header-display":"","ast-hfb-mobile-header-display":"","site-post-title":"","ast-breadcrumbs-content":"","ast-featured-img":"","footer-sml-layout":"","theme-transparent-header-meta":"","adv-header-id-meta":"","stick-header-meta":"","header-above-stick-meta":"","header-main-stick-meta":"","header-below-stick-meta":""},"pwb-brand":[18],"product_cat":[207],"product_tag":[],"class_list":{"0":"post-27787","1":"product","2":"type-product","3":"status-publish","5":"pwb-brand-topran","6":"product_cat-jaahdytysnesteen-laippa","7":"desktop-align-left","8":"tablet-align-left","9":"mobile-align-left","11":"first","12":"instock","13":"product-type-external"},"brands":[{"id":18,"name":"TOPRAN","slug":"topran"}],"_links":{"self":[{"href":"https:\/\/www.autonvaraosahaku.fi\/index.php?rest_route=\/wp\/v2\/product\/27787","targetHints":{"allow":["GET"]}}],"collection":[{"href":"https:\/\/www.autonvaraosahaku.fi\/index.php?rest_route=\/wp\/v2\/product"}],"about":[{"href":"https:\/\/www.autonvaraosahaku.fi\/index.php?rest_route=\/wp\/v2\/types\/product"}],"wp:attachment":[{"href":"https:\/\/www.autonvaraosahaku.fi\/index.php?rest_route=%2Fwp%2Fv2%2Fmedia&parent=27787"}],"wp:term":[{"taxonomy":"pwb-brand","embeddable":true,"href":"https:\/\/www.autonvaraosahaku.fi\/index.php?rest_route=%2Fwp%2Fv2%2Fpwb-brand&post=27787"},{"taxonomy":"product_cat","embeddable":true,"href":"https:\/\/www.autonvaraosahaku.fi\/index.php?rest_route=%2Fwp%2Fv2%2Fproduct_cat&post=27787"},{"taxonomy":"product_tag","embeddable":true,"href":"https:\/\/www.autonvaraosahaku.fi\/index.php?rest_route=%2Fwp%2Fv2%2Fproduct_tag&post=27787"}],"curies":[{"name":"wp","href":"https:\/\/api.w.org\/{rel}","templated":true}]}}