{"id":27804,"date":"2021-02-21T15:06:12","date_gmt":"2021-02-21T15:06:12","guid":{"rendered":"https:\/\/www.autonvaraosahaku.fi\/?product=autofren-seinsa-d8511-vetonivelen-suojakumi"},"modified":"2021-02-21T15:06:13","modified_gmt":"2021-02-21T15:06:13","slug":"autofren-seinsa-d8511-vetonivelen-suojakumi","status":"publish","type":"product","link":"https:\/\/www.autonvaraosahaku.fi\/?product=autofren-seinsa-d8511-vetonivelen-suojakumi","title":{"rendered":"AUTOFREN SEINSA D8511 Vetonivelen suojakumi"},"content":{"rendered":"<p>Sis\u00e4l\u00e4pimitta 1 [mm]: 20; Sis\u00e4l\u00e4pimitta 2 [mm]: 67; Korkeus (mm): 82; Asennuspuoli: getriebeseitig; NISSAN: MICRA III K12,NOTE E11,ALMERA TINO V10,ALMERA II Hatchback N16,PRIMERA P11,PRIMERA Kombi WP12,PRIMERA P12,PRIMERA Traveller WP11,PRIMERA Hatchback P11,PRIMERA Hatchback P12,ALMERA Mk II N16; MINI: MINI R50, R53,MINI Cabriolet R52; LANCIA: YPSILON 843,MUSA 350; OPEL: CORSA D,CORSA C F08, F68,MERIVA,INSIGNIA Caravan,TIGRA TwinTop,INSIGNIA,INSIGNIA Stufenheck,COMBO Kasten\/Kombi,COMBO Tour,CORSA D Van,INSIGNIA A Country Tourer G09; TOYOTA: AVENSIS Kombi T25,AURIS NRE15_, ZZE15_, ADE15_, ZRE15_, NDE15_,AVENSIS T25_,COROLLA Kombi _E12J_, _E12T_,AVENSIS Stufenheck T25,AVENSIS _T22_,AVENSIS Station Wagon _T22_,COROLLA Stufenheck _E12J_, _E12T_,AVENSIS Liftback _T22_,COROLLA Stufenheck E15_; ROVER: 75 RJ,75 Tourer RJ; SAAB: 9-5 YS3G; MG: MG ZT; FIAT: GRANDE PUNTO 199,PUNTO EVO 199,PUNTO 199,IDEA,QUBO 225,FIORINO Kasten\/Kombi 225,PUNTO Van 199,GRANDE PUNTO Van 199_,PUNTO EVO Van 199_; MITSUBISHI: SPACE STAR DG_A,CARISMA DA_,CARISMA Stufenheck DA_; 31607518258, MR911161, MR911162, 39741BM727, 39741BM728, 1603226, GDG163, TDR100920<\/p>\n","protected":false},"excerpt":{"rendered":"<p>AUTOFREN SEINSA Paljekumisarja, Vetoakseli D8511  NISSAN,MINI,LANCIA,MICRA III K12,NOTE E11,ALMERA TINO V10,ALMERA II Hatchback N16,PRIMERA P11<\/p>\n","protected":false},"featured_media":0,"template":"","meta":{"site-sidebar-layout":"default","site-content-layout":"default","ast-global-header-display":"","ast-main-header-display":"","ast-hfb-above-header-display":"","ast-hfb-below-header-display":"","ast-hfb-mobile-header-display":"","site-post-title":"","ast-breadcrumbs-content":"","ast-featured-img":"","footer-sml-layout":"","theme-transparent-header-meta":"","adv-header-id-meta":"","stick-header-meta":"","header-above-stick-meta":"","header-main-stick-meta":"","header-below-stick-meta":""},"pwb-brand":[243],"product_cat":[42],"product_tag":[],"class_list":{"0":"post-27804","1":"product","2":"type-product","3":"status-publish","5":"pwb-brand-autofren-seinsa","6":"product_cat-vetonivelen-suojakumi","7":"desktop-align-left","8":"tablet-align-left","9":"mobile-align-left","11":"first","12":"instock","13":"product-type-external"},"brands":[{"id":243,"name":"AUTOFREN SEINSA","slug":"autofren-seinsa"}],"_links":{"self":[{"href":"https:\/\/www.autonvaraosahaku.fi\/index.php?rest_route=\/wp\/v2\/product\/27804","targetHints":{"allow":["GET"]}}],"collection":[{"href":"https:\/\/www.autonvaraosahaku.fi\/index.php?rest_route=\/wp\/v2\/product"}],"about":[{"href":"https:\/\/www.autonvaraosahaku.fi\/index.php?rest_route=\/wp\/v2\/types\/product"}],"wp:attachment":[{"href":"https:\/\/www.autonvaraosahaku.fi\/index.php?rest_route=%2Fwp%2Fv2%2Fmedia&parent=27804"}],"wp:term":[{"taxonomy":"pwb-brand","embeddable":true,"href":"https:\/\/www.autonvaraosahaku.fi\/index.php?rest_route=%2Fwp%2Fv2%2Fpwb-brand&post=27804"},{"taxonomy":"product_cat","embeddable":true,"href":"https:\/\/www.autonvaraosahaku.fi\/index.php?rest_route=%2Fwp%2Fv2%2Fproduct_cat&post=27804"},{"taxonomy":"product_tag","embeddable":true,"href":"https:\/\/www.autonvaraosahaku.fi\/index.php?rest_route=%2Fwp%2Fv2%2Fproduct_tag&post=27804"}],"curies":[{"name":"wp","href":"https:\/\/api.w.org\/{rel}","templated":true}]}}