{"id":27830,"date":"2021-02-21T15:06:16","date_gmt":"2021-02-21T15:06:16","guid":{"rendered":"https:\/\/www.autonvaraosahaku.fi\/?product=beru-z190-sytytystulpat"},"modified":"2021-02-21T15:06:18","modified_gmt":"2021-02-21T15:06:18","slug":"beru-z190-sytytystulpat","status":"publish","type":"product","link":"https:\/\/www.autonvaraosahaku.fi\/?product=beru-z190-sytytystulpat","title":{"rendered":"BERU Z190 Sytytystulpat"},"content":{"rendered":"<p>K\u00e4rkiv\u00e4li (mm): 1,2; Liittimet: SAE; Kierremitta: M14x1,25; Avainv\u00e4li: 16 mm; Sytytystulppa: 4-maaelektroodia, suoralla istukalla; Kierteen pituus (mm): 19; Teknisten tietojen numero: 14 FGR-8 DQU7; Itsepalvelupakattu, katso osaluettelo: ; Kiristysmomentti > [Nm]: 20; Kiristysmomentti enint\u00e4\u00e4n [Nm]: 30; Tuotelinja: ULTRA; Tarvittava kappalem\u00e4\u00e4r\u00e4: 4; OPEL: CORSA C F08, F68,ZAFIRA B A05,MERIVA,ZAFIRA A F75_,ASTRA G CC F48_, F08_,ASTRA G Caravan F35_,CORSA B 73_, 78_, 79_,VECTRA C Caravan,SIGNUM,VECTRA C,AGILA A H00,VECTRA B 36_,ASTRA F CC 53_, 54_, 58_, 59_,OMEGA B Caravan 21_, 22_, 23_,OMEGA B 25_, 26_, 27_,VECTRA C GTS,ANTARA,VECTRA B Caravan 31_,ASTRA G Cabriolet F67,ASTRA F Caravan 51_, 52_,FRONTERA B 6B_,ASTRA G Coupe F07_,ASTRA G Stufenheck F69_,CALIBRA A 85_,VECTRA B CC 38_,VECTRA A 86_, 87_,ASTRA F Cabriolet 53_B,ASTRA F 56_, 57_,KADETT E CC 33_, 34_, 43_, 44_,SINTRA,FRONTERA A Sport 5_SUD2,TIGRA 95_,CORSA A CC 93_, 94_, 98_, 99_,FRONTERA A 5_MWL4,CORSA C Kasten F08, W5L,VECTRA A CC 88_, 89_,COMBO 71_,KADETT E Cabriolet 43B_,ASTRA F CLASSIC CC,SPEEDSTER,ASTRA F CLASSIC Stufenheck,ASTRA F CLASSIC Caravan,KADETT E 39_, 49_,CORSA B Kasten 73_,ASTRA G Kasten F70,KADETT E Caravan 35_, 36_, 45_, 46_,ASTRA F Van 55_,KADETT E Kasten 37_, 47_,KADETT E Combo 38_, 48_; CHEVROLET: CAPTIVA C100, C140; VAUXHALL: CALIBRA,ZAFIRA Mk I A F75,CORSA Mk II C W5L, F08,ASTRA Mk IV G CC,ASTRA Mk III F CC,FRONTERA Mk II B,CORSA Mk I B,CORSAVAN Mk II C,ASTRA Mk IV G Sedan,OMEGA B,ASTRA Mk II CC,AGILA Mk I A,VECTRA B CC,FRONTERA Mk I A,CAVALIER Mk III 87,VECTRA B Estate,VECTRA B,FRONTERA Mk I A Sport,ASTRA Mk III F Estate,ASTRAVAN Mk IV G,ASTRA Mk IV G Coupe F67,CAVALIER Mk III CC,COMBO Mk I B,TIGRA Mk I F07,OMEGA B Estate,ASTRA Mk IV G Convertible,COMBO Mk II C Kasten\/Kombi F25,ASTRAVAN Mk III F,NOVA,ASTRA Mk IV G Estate,CAVALIER Mk II CC,NOVA CC,CARLTON Mk III; 1214027, 55350481, 93175880; Tulpat,Sytytystulppa<\/p>\n","protected":false},"excerpt":{"rendered":"<p>BERU Sytytystulpat Z190 Tulpat,Sytytystulppa OPEL,CHEVROLET,VAUXHALL,CORSA C F08, F68,ZAFIRA B A05,MERIVA,ZAFIRA A F75_,ASTRA G CC F48_, F08_<\/p>\n","protected":false},"featured_media":0,"template":"","meta":{"site-sidebar-layout":"default","site-content-layout":"default","ast-global-header-display":"","ast-main-header-display":"","ast-hfb-above-header-display":"","ast-hfb-below-header-display":"","ast-hfb-mobile-header-display":"","site-post-title":"","ast-breadcrumbs-content":"","ast-featured-img":"","footer-sml-layout":"","theme-transparent-header-meta":"","adv-header-id-meta":"","stick-header-meta":"","header-above-stick-meta":"","header-main-stick-meta":"","header-below-stick-meta":""},"pwb-brand":[327],"product_cat":[165],"product_tag":[],"class_list":{"0":"post-27830","1":"product","2":"type-product","3":"status-publish","5":"pwb-brand-beru","6":"product_cat-sytytystulpat","7":"desktop-align-left","8":"tablet-align-left","9":"mobile-align-left","11":"first","12":"instock","13":"product-type-external"},"brands":[{"id":327,"name":"BERU","slug":"beru"}],"_links":{"self":[{"href":"https:\/\/www.autonvaraosahaku.fi\/index.php?rest_route=\/wp\/v2\/product\/27830","targetHints":{"allow":["GET"]}}],"collection":[{"href":"https:\/\/www.autonvaraosahaku.fi\/index.php?rest_route=\/wp\/v2\/product"}],"about":[{"href":"https:\/\/www.autonvaraosahaku.fi\/index.php?rest_route=\/wp\/v2\/types\/product"}],"wp:attachment":[{"href":"https:\/\/www.autonvaraosahaku.fi\/index.php?rest_route=%2Fwp%2Fv2%2Fmedia&parent=27830"}],"wp:term":[{"taxonomy":"pwb-brand","embeddable":true,"href":"https:\/\/www.autonvaraosahaku.fi\/index.php?rest_route=%2Fwp%2Fv2%2Fpwb-brand&post=27830"},{"taxonomy":"product_cat","embeddable":true,"href":"https:\/\/www.autonvaraosahaku.fi\/index.php?rest_route=%2Fwp%2Fv2%2Fproduct_cat&post=27830"},{"taxonomy":"product_tag","embeddable":true,"href":"https:\/\/www.autonvaraosahaku.fi\/index.php?rest_route=%2Fwp%2Fv2%2Fproduct_tag&post=27830"}],"curies":[{"name":"wp","href":"https:\/\/api.w.org\/{rel}","templated":true}]}}