{"id":27840,"date":"2021-02-21T15:06:20","date_gmt":"2021-02-21T15:06:20","guid":{"rendered":"https:\/\/www.autonvaraosahaku.fi\/?product=trw-jgm7934t-iskunvaimennin"},"modified":"2021-02-21T15:06:20","modified_gmt":"2021-02-21T15:06:20","slug":"trw-jgm7934t-iskunvaimennin","status":"publish","type":"product","link":"https:\/\/www.autonvaraosahaku.fi\/?product=trw-jgm7934t-iskunvaimennin","title":{"rendered":"TRW JGM7934T Iskunvaimennin"},"content":{"rendered":"<p>Lukum\u00e4\u00e4r\u00e4 akselille: 1; Asennuspuoli: Etuakseli; Iskunvaimennin tyyppi: Kaasupaine; Iskunvaimennin malli: Joustintuki; Iskunvaimennusj\u00e4rjestelm\u00e4: Kaksiputki; Iskunvaimennin asennustapa: Tappi ylh\u00e4\u00e4ll\u00e4, Purisitin alhaalla; L\u00e4pimitta [mm]: 51; Pituus 1 (mm): 453; Pituus 2 (mm): 285; Jousijalan l\u00e4pimitta [mm]: 22; Huomioi tekniset tiedot: ; Tuotelinja: TWIN; Valmistusvuoteen: 08\/2007; PEUGEOT: 207 WA_, WC_,207 CC WD_,207 SW WK_,304 _04M_,305 I 581A,207 Van,304 Break _04D_,305 I Break 581D; 5202Y6, 520229, 520230, 5202VG, 5202VK, 5202VK5, 5202WE, 5202WF, 5202X5, 5202XJ, 5202XK, 5202Y6, 5202YS, 5202YT, 5202YV, 5202YW, 5202YX, 5202YY, 5202YZ, 5202ZA, 520801, 520802, 520829, 520830; Iskarit,Iskunvaimennin<\/p>\n","protected":false},"excerpt":{"rendered":"<p>TRW Iskunvaimentimet JGM7934T Iskarit,Iskunvaimennin PEUGEOT,207 WA_, WC_,207 CC WD_,207 SW WK_,304 _04M_,305 I 581A,207 Van,304 Break _04D_<\/p>\n","protected":false},"featured_media":0,"template":"","meta":{"site-sidebar-layout":"default","site-content-layout":"default","ast-global-header-display":"","ast-main-header-display":"","ast-hfb-above-header-display":"","ast-hfb-below-header-display":"","ast-hfb-mobile-header-display":"","site-post-title":"","ast-breadcrumbs-content":"","ast-featured-img":"","footer-sml-layout":"","theme-transparent-header-meta":"","adv-header-id-meta":"","stick-header-meta":"","header-above-stick-meta":"","header-main-stick-meta":"","header-below-stick-meta":""},"pwb-brand":[332],"product_cat":[80],"product_tag":[],"class_list":{"0":"post-27840","1":"product","2":"type-product","3":"status-publish","5":"pwb-brand-trw","6":"product_cat-iskunvaimennin","7":"desktop-align-left","8":"tablet-align-left","9":"mobile-align-left","11":"first","12":"instock","13":"product-type-external"},"brands":[{"id":332,"name":"TRW","slug":"trw"}],"_links":{"self":[{"href":"https:\/\/www.autonvaraosahaku.fi\/index.php?rest_route=\/wp\/v2\/product\/27840","targetHints":{"allow":["GET"]}}],"collection":[{"href":"https:\/\/www.autonvaraosahaku.fi\/index.php?rest_route=\/wp\/v2\/product"}],"about":[{"href":"https:\/\/www.autonvaraosahaku.fi\/index.php?rest_route=\/wp\/v2\/types\/product"}],"wp:attachment":[{"href":"https:\/\/www.autonvaraosahaku.fi\/index.php?rest_route=%2Fwp%2Fv2%2Fmedia&parent=27840"}],"wp:term":[{"taxonomy":"pwb-brand","embeddable":true,"href":"https:\/\/www.autonvaraosahaku.fi\/index.php?rest_route=%2Fwp%2Fv2%2Fpwb-brand&post=27840"},{"taxonomy":"product_cat","embeddable":true,"href":"https:\/\/www.autonvaraosahaku.fi\/index.php?rest_route=%2Fwp%2Fv2%2Fproduct_cat&post=27840"},{"taxonomy":"product_tag","embeddable":true,"href":"https:\/\/www.autonvaraosahaku.fi\/index.php?rest_route=%2Fwp%2Fv2%2Fproduct_tag&post=27840"}],"curies":[{"name":"wp","href":"https:\/\/api.w.org\/{rel}","templated":true}]}}