{"id":27850,"date":"2021-02-21T15:06:20","date_gmt":"2021-02-21T15:06:20","guid":{"rendered":"https:\/\/www.autonvaraosahaku.fi\/?product=cx-cx009-pyoranlaakerit"},"modified":"2021-02-21T15:06:22","modified_gmt":"2021-02-21T15:06:22","slug":"cx-cx009-pyoranlaakerit","status":"publish","type":"product","link":"https:\/\/www.autonvaraosahaku.fi\/?product=cx-cx009-pyoranlaakerit","title":{"rendered":"CX CX009 Py\u00f6r\u00e4nlaakerit"},"content":{"rendered":"<p>Asennuspuoli: Taka-akseli; VW: CADDY II Kasten 9K9A,CADDY I 14,CADDY II Kombi 9K9B; AUDI: A4 8D2, B5,A4 Avant 8D5, B5,80 8C, B4,A6 4B2, C5,80 89, 89Q, 8A, B3,CABRIOLET 8G7, B4,100 4A, C4,80 Avant 8C, B4,100 44, 44Q, C3,A6 Avant 4A, C4,A6 4A, C4,COUPE 89, 8B,80 81, 85, B2,100 Avant 4A, C4,90 89, 89Q, 8A, B3,100 Avant 44, 44Q, C3,COUPE 81, 85,200 44, 44Q,90 81, 85, B2,200 Avant 44, 44Q,100 43, C2,200 43,100 Avant 43, C2; SEAT: INCA 6K9; Py\u00f6r\u00e4nlaakerisarja<\/p>\n","protected":false},"excerpt":{"rendered":"<p>CX Py\u00f6r\u00e4nlaakerit CX009 Py\u00f6r\u00e4nlaakerisarja VW,AUDI,SEAT,CADDY II Kasten 9K9A,CADDY I 14,CADDY II Kombi 9K9B,A4 8D2, B5,A4 Avant 8D5, B5,80 8C, B4<\/p>\n","protected":false},"featured_media":0,"template":"","meta":{"site-sidebar-layout":"default","site-content-layout":"default","ast-global-header-display":"","ast-main-header-display":"","ast-hfb-above-header-display":"","ast-hfb-below-header-display":"","ast-hfb-mobile-header-display":"","site-post-title":"","ast-breadcrumbs-content":"","ast-featured-img":"","footer-sml-layout":"","theme-transparent-header-meta":"","adv-header-id-meta":"","stick-header-meta":"","header-above-stick-meta":"","header-main-stick-meta":"","header-below-stick-meta":""},"pwb-brand":[484],"product_cat":[83],"product_tag":[],"class_list":{"0":"post-27850","1":"product","2":"type-product","3":"status-publish","5":"pwb-brand-cx","6":"product_cat-pyoranlaakerit","7":"desktop-align-left","8":"tablet-align-left","9":"mobile-align-left","11":"first","12":"instock","13":"product-type-external"},"brands":[{"id":484,"name":"CX","slug":"cx"}],"_links":{"self":[{"href":"https:\/\/www.autonvaraosahaku.fi\/index.php?rest_route=\/wp\/v2\/product\/27850","targetHints":{"allow":["GET"]}}],"collection":[{"href":"https:\/\/www.autonvaraosahaku.fi\/index.php?rest_route=\/wp\/v2\/product"}],"about":[{"href":"https:\/\/www.autonvaraosahaku.fi\/index.php?rest_route=\/wp\/v2\/types\/product"}],"wp:attachment":[{"href":"https:\/\/www.autonvaraosahaku.fi\/index.php?rest_route=%2Fwp%2Fv2%2Fmedia&parent=27850"}],"wp:term":[{"taxonomy":"pwb-brand","embeddable":true,"href":"https:\/\/www.autonvaraosahaku.fi\/index.php?rest_route=%2Fwp%2Fv2%2Fpwb-brand&post=27850"},{"taxonomy":"product_cat","embeddable":true,"href":"https:\/\/www.autonvaraosahaku.fi\/index.php?rest_route=%2Fwp%2Fv2%2Fproduct_cat&post=27850"},{"taxonomy":"product_tag","embeddable":true,"href":"https:\/\/www.autonvaraosahaku.fi\/index.php?rest_route=%2Fwp%2Fv2%2Fproduct_tag&post=27850"}],"curies":[{"name":"wp","href":"https:\/\/api.w.org\/{rel}","templated":true}]}}