{"id":27856,"date":"2021-02-21T15:06:20","date_gmt":"2021-02-21T15:06:20","guid":{"rendered":"https:\/\/www.autonvaraosahaku.fi\/?product=brembo-09-9991-11-jarrulevyt"},"modified":"2021-02-21T15:06:22","modified_gmt":"2021-02-21T15:06:22","slug":"brembo-09-9991-11-jarrulevyt","status":"publish","type":"product","link":"https:\/\/www.autonvaraosahaku.fi\/?product=brembo-09-9991-11-jarrulevyt","title":{"rendered":"BREMBO 09.9991.11 Jarrulevyt"},"content":{"rendered":"<p>Pinta: pinnoitettu; Kiristysmomentti: 108; keskitt\u00e4misl\u00e4pimitta [mm]: 69; Reikien m\u00e4\u00e4r\u00e4: 4; V\u00e4himm\u00e4ispaksuus (mm): 21,5; Jarrulevyn paksuus (mm): 24; Jarrulevytyyppi: Tuuletettu, sis\u00e4; Korkeus (mm): 45,5; L\u00e4pimitta [mm]: 256; Tuotelinja: COATED DISC LINE; Asennuspuoli: Vorderachse; SMART: FORFOUR 454; MITSUBISHI: COLT VI Z3_A, Z2_A,COLT CZC Cabriolet RG; 4605A068, 4544200001; Jarrulevy<\/p>\n","protected":false},"excerpt":{"rendered":"<p>BREMBO Jarrulevyt 09.9991.11 Jarrulevy SMART,MITSUBISHI,FORFOUR 454,COLT VI Z3_A, Z2_A,COLT CZC Cabriolet RG<\/p>\n","protected":false},"featured_media":0,"template":"","meta":{"site-sidebar-layout":"default","site-content-layout":"default","ast-global-header-display":"","ast-main-header-display":"","ast-hfb-above-header-display":"","ast-hfb-below-header-display":"","ast-hfb-mobile-header-display":"","site-post-title":"","ast-breadcrumbs-content":"","ast-featured-img":"","footer-sml-layout":"","theme-transparent-header-meta":"","adv-header-id-meta":"","stick-header-meta":"","header-above-stick-meta":"","header-main-stick-meta":"","header-below-stick-meta":""},"pwb-brand":[146],"product_cat":[66],"product_tag":[],"class_list":{"0":"post-27856","1":"product","2":"type-product","3":"status-publish","5":"pwb-brand-brembo","6":"product_cat-jarrulevyt","7":"desktop-align-left","8":"tablet-align-left","9":"mobile-align-left","11":"first","12":"instock","13":"product-type-external"},"brands":[{"id":146,"name":"BREMBO","slug":"brembo"}],"_links":{"self":[{"href":"https:\/\/www.autonvaraosahaku.fi\/index.php?rest_route=\/wp\/v2\/product\/27856","targetHints":{"allow":["GET"]}}],"collection":[{"href":"https:\/\/www.autonvaraosahaku.fi\/index.php?rest_route=\/wp\/v2\/product"}],"about":[{"href":"https:\/\/www.autonvaraosahaku.fi\/index.php?rest_route=\/wp\/v2\/types\/product"}],"wp:attachment":[{"href":"https:\/\/www.autonvaraosahaku.fi\/index.php?rest_route=%2Fwp%2Fv2%2Fmedia&parent=27856"}],"wp:term":[{"taxonomy":"pwb-brand","embeddable":true,"href":"https:\/\/www.autonvaraosahaku.fi\/index.php?rest_route=%2Fwp%2Fv2%2Fpwb-brand&post=27856"},{"taxonomy":"product_cat","embeddable":true,"href":"https:\/\/www.autonvaraosahaku.fi\/index.php?rest_route=%2Fwp%2Fv2%2Fproduct_cat&post=27856"},{"taxonomy":"product_tag","embeddable":true,"href":"https:\/\/www.autonvaraosahaku.fi\/index.php?rest_route=%2Fwp%2Fv2%2Fproduct_tag&post=27856"}],"curies":[{"name":"wp","href":"https:\/\/api.w.org\/{rel}","templated":true}]}}