{"id":27863,"date":"2021-02-21T15:06:24","date_gmt":"2021-02-21T15:06:24","guid":{"rendered":"https:\/\/www.autonvaraosahaku.fi\/?product=monroe-mk181-jousijalan-tukilaakeri"},"modified":"2021-02-21T15:06:25","modified_gmt":"2021-02-21T15:06:25","slug":"monroe-mk181-jousijalan-tukilaakeri","status":"publish","type":"product","link":"https:\/\/www.autonvaraosahaku.fi\/?product=monroe-mk181-jousijalan-tukilaakeri","title":{"rendered":"MONROE MK181 Jousijalan tukilaakeri"},"content":{"rendered":"<p>Paino [kg]: 1,600; Korvaava tuote\/korvaava tiedote 2: Vierint\u00e4laakerilla; Pakkauspituus [cm]: 19,1; Pakkausleveys [cm]: 10; Pakkauskorkeus [mm]: 21,6; Asennuspuoli: Vorderachse; OPEL: VIVARO Kasten F7,VIVARO Combi J7,VIVARO Pritsche\/Fahrgestell E7; RENAULT: TRAFIC II Bus JL,TRAFIC II Kasten FL,TRAFIC II Pritsche\/Fahrgestell EL,TRAFIC III Kasten,TRAFIC III Bus,TRAFIC III Pritsche\/Fahrgestell EG_; NISSAN: PRIMASTAR Bus X83,PRIMASTAR Kasten X83,PRIMASTAR Pritsche\/Fahrgestell; VAUXHALL: VIVARO Kasten F7,VIVARO Kasten,VIVARO Combi,VIVARO Combi J7,VIVARO Pritsche\/Fahrgestell E7; 5431000QAB, 5432500QAB, 4408054, 4408056, 4410926, 4420903, 91165309, 91166315, 93160623, 93862241, 543A02398R, 7701207491, 7701209577, 8200010493, 8200010518, 8200904007, 4410926, 91165309, 91166315, 93160623, 93862241; Iskarin Yl\u00e4p\u00e4\u00e4,Iskunvaimentimen Yl\u00e4p\u00e4\u00e4<\/p>\n","protected":false},"excerpt":{"rendered":"<p>MONROE Jousijalan Tukilaakeri MOUNTING KIT MK181 Iskarin Yl\u00e4p\u00e4\u00e4,Iskunvaimentimen Yl\u00e4p\u00e4\u00e4 OPEL,RENAULT,NISSAN,VIVARO Kasten F7,VIVARO Combi J7<\/p>\n","protected":false},"featured_media":0,"template":"","meta":{"site-sidebar-layout":"default","site-content-layout":"default","ast-global-header-display":"","ast-main-header-display":"","ast-hfb-above-header-display":"","ast-hfb-below-header-display":"","ast-hfb-mobile-header-display":"","site-post-title":"","ast-breadcrumbs-content":"","ast-featured-img":"","footer-sml-layout":"","theme-transparent-header-meta":"","adv-header-id-meta":"","stick-header-meta":"","header-above-stick-meta":"","header-main-stick-meta":"","header-below-stick-meta":""},"pwb-brand":[79],"product_cat":[45],"product_tag":[],"class_list":{"0":"post-27863","1":"product","2":"type-product","3":"status-publish","5":"pwb-brand-monroe","6":"product_cat-jousijalan-tukilaakeri","7":"desktop-align-left","8":"tablet-align-left","9":"mobile-align-left","11":"first","12":"instock","13":"product-type-external"},"brands":[{"id":79,"name":"MONROE","slug":"monroe"}],"_links":{"self":[{"href":"https:\/\/www.autonvaraosahaku.fi\/index.php?rest_route=\/wp\/v2\/product\/27863","targetHints":{"allow":["GET"]}}],"collection":[{"href":"https:\/\/www.autonvaraosahaku.fi\/index.php?rest_route=\/wp\/v2\/product"}],"about":[{"href":"https:\/\/www.autonvaraosahaku.fi\/index.php?rest_route=\/wp\/v2\/types\/product"}],"wp:attachment":[{"href":"https:\/\/www.autonvaraosahaku.fi\/index.php?rest_route=%2Fwp%2Fv2%2Fmedia&parent=27863"}],"wp:term":[{"taxonomy":"pwb-brand","embeddable":true,"href":"https:\/\/www.autonvaraosahaku.fi\/index.php?rest_route=%2Fwp%2Fv2%2Fpwb-brand&post=27863"},{"taxonomy":"product_cat","embeddable":true,"href":"https:\/\/www.autonvaraosahaku.fi\/index.php?rest_route=%2Fwp%2Fv2%2Fproduct_cat&post=27863"},{"taxonomy":"product_tag","embeddable":true,"href":"https:\/\/www.autonvaraosahaku.fi\/index.php?rest_route=%2Fwp%2Fv2%2Fproduct_tag&post=27863"}],"curies":[{"name":"wp","href":"https:\/\/api.w.org\/{rel}","templated":true}]}}