{"id":27867,"date":"2021-02-21T15:06:24","date_gmt":"2021-02-21T15:06:24","guid":{"rendered":"https:\/\/www.autonvaraosahaku.fi\/?product=valeo-585626-ilmansuodatin"},"modified":"2021-02-21T15:06:26","modified_gmt":"2021-02-21T15:06:26","slug":"valeo-585626-ilmansuodatin","status":"publish","type":"product","link":"https:\/\/www.autonvaraosahaku.fi\/?product=valeo-585626-ilmansuodatin","title":{"rendered":"VALEO 585626 Ilmansuodatin"},"content":{"rendered":"<p>Ulkol\u00e4pimitta [mm]: 117; Sis\u00e4l\u00e4pimitta 1 [mm]: 70; Sis\u00e4l\u00e4pimitta 2 [mm]: 70; Korkeus (mm): 264; Muoto: Py\u00f6re\u00e4; Paino [kg]: 0,36; Valmistusvuoteen: 05\/1999; VW: LUPO 6X1, 6E1,POLO 6N2,POLO 6N1,POLO Variant 6KV5,POLO CLASSIC 6KV2; AUDI: A2 8Z0; SEAT: AROSA 6H; 8Z0129620, 6N0129620, 6N0129620A, 6N0129620, 6N0129620A, 8Z0129620<\/p>\n","protected":false},"excerpt":{"rendered":"<p>VALEO Ilmansuodatin 585626  VW,AUDI,SEAT,LUPO 6X1, 6E1,POLO 6N2,POLO 6N1,POLO Variant 6KV5,POLO CLASSIC 6KV2,A2 8Z0,AROSA 6H<\/p>\n","protected":false},"featured_media":0,"template":"","meta":{"site-sidebar-layout":"default","site-content-layout":"default","ast-global-header-display":"","ast-main-header-display":"","ast-hfb-above-header-display":"","ast-hfb-below-header-display":"","ast-hfb-mobile-header-display":"","site-post-title":"","ast-breadcrumbs-content":"","ast-featured-img":"","footer-sml-layout":"","theme-transparent-header-meta":"","adv-header-id-meta":"","stick-header-meta":"","header-above-stick-meta":"","header-main-stick-meta":"","header-below-stick-meta":""},"pwb-brand":[28],"product_cat":[31],"product_tag":[],"class_list":{"0":"post-27867","1":"product","2":"type-product","3":"status-publish","5":"pwb-brand-valeo","6":"product_cat-ilmansuodatin","7":"desktop-align-left","8":"tablet-align-left","9":"mobile-align-left","11":"first","12":"instock","13":"product-type-external"},"brands":[{"id":28,"name":"VALEO","slug":"valeo"}],"_links":{"self":[{"href":"https:\/\/www.autonvaraosahaku.fi\/index.php?rest_route=\/wp\/v2\/product\/27867","targetHints":{"allow":["GET"]}}],"collection":[{"href":"https:\/\/www.autonvaraosahaku.fi\/index.php?rest_route=\/wp\/v2\/product"}],"about":[{"href":"https:\/\/www.autonvaraosahaku.fi\/index.php?rest_route=\/wp\/v2\/types\/product"}],"wp:attachment":[{"href":"https:\/\/www.autonvaraosahaku.fi\/index.php?rest_route=%2Fwp%2Fv2%2Fmedia&parent=27867"}],"wp:term":[{"taxonomy":"pwb-brand","embeddable":true,"href":"https:\/\/www.autonvaraosahaku.fi\/index.php?rest_route=%2Fwp%2Fv2%2Fpwb-brand&post=27867"},{"taxonomy":"product_cat","embeddable":true,"href":"https:\/\/www.autonvaraosahaku.fi\/index.php?rest_route=%2Fwp%2Fv2%2Fproduct_cat&post=27867"},{"taxonomy":"product_tag","embeddable":true,"href":"https:\/\/www.autonvaraosahaku.fi\/index.php?rest_route=%2Fwp%2Fv2%2Fproduct_tag&post=27867"}],"curies":[{"name":"wp","href":"https:\/\/api.w.org\/{rel}","templated":true}]}}