{"id":27881,"date":"2021-02-21T15:06:29","date_gmt":"2021-02-21T15:06:29","guid":{"rendered":"https:\/\/www.autonvaraosahaku.fi\/?product=mahle-original-oc-983-oljynsuodatin"},"modified":"2021-02-21T15:06:29","modified_gmt":"2021-02-21T15:06:29","slug":"mahle-original-oc-983-oljynsuodatin","status":"publish","type":"product","link":"https:\/\/www.autonvaraosahaku.fi\/?product=mahle-original-oc-983-oljynsuodatin","title":{"rendered":"MAHLE ORIGINAL OC 983 \u00d6ljynsuodatin"},"content":{"rendered":"<p>Suodatintyyppi: Ruuvattava suodatin; L\u00e4pimitta [mm]: 76,0; Korkeus (mm): 93,5; Ulkol\u00e4pimitta 2 [mm]: 72,0; Sis\u00e4l\u00e4pimitta 2 [mm]: 62,0; Liitinkierre: M20x1,5; Kiristysmomentti: 20; Suositellun erikoisty\u00f6kalun tuotenumero: OCS 1, OCS 1; Valmistusvuosi alkaen: 10\/1994; LANCIA: Y 840A,THESIS 841AX,LYBRA SW 839BX,KAPPA 838A,LYBRA 839AX,DELTA II 836,KAPPA SW 838B,DEDRA 835,Y10 156,DEDRA SW 835; ALFA ROMEO: 147 937,156 Sportwagon 932,156 932,166 936,145 930,146 930,6 119; FIAT: PUNTO 188,STILO 192,DOBLO Cargo 223,PUNTO 176,STILO Multi Wagon 192,DOBLO 119,DUCATO Kasten 290,DUCATO Pritsche\/Fahrgestell 290,DUCATO Kasten 280,DUCATO Pritsche\/Fahrgestell 280,CINQUECENTO 170,PANDA 141A_,STRADA Pick-up 178E,MULTIPLA 186,PUNTO Van 188AX,DUCATO Panorama 280,BRAVO I 182,BRAVA 182,PUNTO Cabriolet 176C,SCUDO Kasten 220L,MAREA Weekend 185,UNO 146A\/E,DUCATO Panorama 290,SCUDO Combinato 220P,PALIO Weekend 178DX,FIORINO Kasten 146,TIPO 160,PANDA Van 141_,MAREA 185,TALENTO Pritsche\/Fahrgestell 290,TEMPRA 159,PUNTO Van 176L,TEMPRA S.W. 159,FIORINO Pick up 146,TALENTO Bus 290,TALENTO Kasten 290,PALIO 178BX,SIENA 178_,ELBA 146_,SCUDO Pritsche\/Fahrgestell 220_; CITRO\u00cbN: JUMPY U6U,JUMPY Kasten BS_, BT_, BY_, BZ_; AUTOBIANCHI: Y10; INNOCENTI: ELBA 146; 46402457, 46468378, 46805832, 60814435, 71736158, 9456000220, 9558048380, 1109AR, 1109K9, 1608076280, MLS000715, 0000005495622, 0000005889211, 0000005973928, 0000046402457, 0000046468378, 0000055195984, 0000060814435, 0000071753854, 0000071754569, 0000071771359, 0000071771360, 0000071771762, 0006001073237, 0006001073243, 0006001073244, 0009456000927, 0009558048380, 0009600293380, 0046519728, 0060813507, 0060813675, 46402457, 46447696, 46468378, 46519728, 46542140, 46787007, 46805831, 46805832, 50008507, 5495622, 55195984, 5889211, 59030262, 5973298, 5973928, 5984044, 6001073237, 6001073243, 6001073244, 60813507, 60813675, 60814435, 71736157, 71736158, 71753738, 71753854, 71754569, 71771359, 71771360, 71771762, 7571543, 7604770, 9456000220, 9456000927, 9558048380, 9600293380, 5016954, 5017814, 870X6714HA, EFL310, 93156093, 46402457, 46468378, 46805832, 55195984, 5889211, 5973928, 5984044, 60813507, 60814435, 71736157, 71736158, 71753738, 71754569, 71771360, 71771762, 7571543, 94560002&#8230;<\/p>\n","protected":false},"excerpt":{"rendered":"<p>MAHLE ORIGINAL \u00d6ljynsuodatin OC 983  LANCIA,ALFA ROMEO,FIAT,Y 840A,THESIS 841AX,LYBRA SW 839BX,KAPPA 838A,LYBRA 839AX,DELTA II 836,KAPPA SW 838B<\/p>\n","protected":false},"featured_media":0,"template":"","meta":{"site-sidebar-layout":"default","site-content-layout":"default","ast-global-header-display":"","ast-main-header-display":"","ast-hfb-above-header-display":"","ast-hfb-below-header-display":"","ast-hfb-mobile-header-display":"","site-post-title":"","ast-breadcrumbs-content":"","ast-featured-img":"","footer-sml-layout":"","theme-transparent-header-meta":"","adv-header-id-meta":"","stick-header-meta":"","header-above-stick-meta":"","header-main-stick-meta":"","header-below-stick-meta":""},"pwb-brand":[153],"product_cat":[30],"product_tag":[],"class_list":{"0":"post-27881","1":"product","2":"type-product","3":"status-publish","5":"pwb-brand-mahle-original","6":"product_cat-oljynsuodatin","7":"desktop-align-left","8":"tablet-align-left","9":"mobile-align-left","11":"first","12":"instock","13":"product-type-external"},"brands":[{"id":153,"name":"MAHLE ORIGINAL","slug":"mahle-original"}],"_links":{"self":[{"href":"https:\/\/www.autonvaraosahaku.fi\/index.php?rest_route=\/wp\/v2\/product\/27881","targetHints":{"allow":["GET"]}}],"collection":[{"href":"https:\/\/www.autonvaraosahaku.fi\/index.php?rest_route=\/wp\/v2\/product"}],"about":[{"href":"https:\/\/www.autonvaraosahaku.fi\/index.php?rest_route=\/wp\/v2\/types\/product"}],"wp:attachment":[{"href":"https:\/\/www.autonvaraosahaku.fi\/index.php?rest_route=%2Fwp%2Fv2%2Fmedia&parent=27881"}],"wp:term":[{"taxonomy":"pwb-brand","embeddable":true,"href":"https:\/\/www.autonvaraosahaku.fi\/index.php?rest_route=%2Fwp%2Fv2%2Fpwb-brand&post=27881"},{"taxonomy":"product_cat","embeddable":true,"href":"https:\/\/www.autonvaraosahaku.fi\/index.php?rest_route=%2Fwp%2Fv2%2Fproduct_cat&post=27881"},{"taxonomy":"product_tag","embeddable":true,"href":"https:\/\/www.autonvaraosahaku.fi\/index.php?rest_route=%2Fwp%2Fv2%2Fproduct_tag&post=27881"}],"curies":[{"name":"wp","href":"https:\/\/api.w.org\/{rel}","templated":true}]}}