{"id":27885,"date":"2021-02-21T15:06:29","date_gmt":"2021-02-21T15:06:29","guid":{"rendered":"https:\/\/www.autonvaraosahaku.fi\/?product=ridex-4272s0013-anturit-sensorit"},"modified":"2021-02-21T15:06:30","modified_gmt":"2021-02-21T15:06:30","slug":"ridex-4272s0013-anturit-sensorit","status":"publish","type":"product","link":"https:\/\/www.autonvaraosahaku.fi\/?product=ridex-4272s0013-anturit-sensorit","title":{"rendered":"RIDEX 4272S0013 Anturit (sensorit)"},"content":{"rendered":"<p>Napojen m\u00e4\u00e4r\u00e4: 3; johtojen lukum\u00e4\u00e4r\u00e4: 2; Johdinl\u00e4pimitta [mm]: 8; Kiinnitysreikien lukum\u00e4\u00e4r\u00e4: 1; Paine alkaen [kPA]: 0; Paine korkeintaan [kPa]: 100; Valmistusvuosi alkaen: 11\/2010; FIAT: SCUDO 270_,ULYSSE 179AX,SCUDO Kasten 270_,SCUDO Pritsche\/Fahrgestell 270_; PEUGEOT: 206 Schr\u00e4gheck 2A\/C,206 CC 2D,207 WA_, WC_,307 SW 3H,207 CC WD_,307 CC 3B,407 SW 6E_,307 3A\/C,207 SW WK_,308 SW,206 SW 2E\/K,208,807 E,206+ T3E,308 4A_, 4C_,5008,307 Break 3E,508 SW,607 9D, 9U,407 6D_,3008,PARTNER Tepee,RCZ,308 CC,1007 KM_,PARTNER Combispace 5F,4007 GP_,2008,508,EXPERT Tepee VF3V_,EXPERT Kasten VF3A_, VF3U_, VF3X_,PARTNER Kasten,4008,301,EXPERT Pritsche\/Fahrgestell; CITRO\u00cbN: XSARA PICASSO N68,C2 JM_,C3 I FC_,BERLINGO B9,C5 III Break TD_,C4 Picasso I UD_,C4 Grand Picasso I UA_,C8 EA_, EB_,C4 I LC_,DS3,C5 II Break RE_,C3 Picasso,C5 I DC_,C5 III RD_,C3 II,C4 Coupe LA_,C4 II B7,C5 II RC_,C-CROSSER EP_,JUMPY,BERLINGO Kasten B9,C6 TD_,JUMPY Kasten,C4 Picasso II,DS4,DS5,C4 AIRCROSS,DS3 Cabriolet,BERLINGO Pritsche\/Fahrgestell B9; MITSUBISHI: OUTLANDER XL II CW_W; MINI: MINI R56,MINI CLUBMAN R55; LANCIA: PHEDRA 179; 9662143180, 13627805472, 1618Z9, 1628LK, 9662143180, 9662143180, 9662143180, 13627805472, 1865A176, 1618Z9, 1628LK, 9662143180; Sensori Pakokaasupaine<\/p>\n","protected":false},"excerpt":{"rendered":"<p>RIDEX DPF Paine-Eroanturi 4272S0013 Sensori Pakokaasupaine FIAT,PEUGEOT,CITRO\u00cbN,SCUDO 270_,ULYSSE 179AX,SCUDO Kasten 270_<\/p>\n","protected":false},"featured_media":0,"template":"","meta":{"site-sidebar-layout":"default","site-content-layout":"default","ast-global-header-display":"","ast-main-header-display":"","ast-hfb-above-header-display":"","ast-hfb-below-header-display":"","ast-hfb-mobile-header-display":"","site-post-title":"","ast-breadcrumbs-content":"","ast-featured-img":"","footer-sml-layout":"","theme-transparent-header-meta":"","adv-header-id-meta":"","stick-header-meta":"","header-above-stick-meta":"","header-main-stick-meta":"","header-below-stick-meta":""},"pwb-brand":[157],"product_cat":[98],"product_tag":[],"class_list":{"0":"post-27885","1":"product","2":"type-product","3":"status-publish","5":"pwb-brand-ridex","6":"product_cat-anturit-sensorit","7":"desktop-align-left","8":"tablet-align-left","9":"mobile-align-left","11":"first","12":"instock","13":"product-type-external"},"brands":[{"id":157,"name":"RIDEX","slug":"ridex"}],"_links":{"self":[{"href":"https:\/\/www.autonvaraosahaku.fi\/index.php?rest_route=\/wp\/v2\/product\/27885","targetHints":{"allow":["GET"]}}],"collection":[{"href":"https:\/\/www.autonvaraosahaku.fi\/index.php?rest_route=\/wp\/v2\/product"}],"about":[{"href":"https:\/\/www.autonvaraosahaku.fi\/index.php?rest_route=\/wp\/v2\/types\/product"}],"wp:attachment":[{"href":"https:\/\/www.autonvaraosahaku.fi\/index.php?rest_route=%2Fwp%2Fv2%2Fmedia&parent=27885"}],"wp:term":[{"taxonomy":"pwb-brand","embeddable":true,"href":"https:\/\/www.autonvaraosahaku.fi\/index.php?rest_route=%2Fwp%2Fv2%2Fpwb-brand&post=27885"},{"taxonomy":"product_cat","embeddable":true,"href":"https:\/\/www.autonvaraosahaku.fi\/index.php?rest_route=%2Fwp%2Fv2%2Fproduct_cat&post=27885"},{"taxonomy":"product_tag","embeddable":true,"href":"https:\/\/www.autonvaraosahaku.fi\/index.php?rest_route=%2Fwp%2Fv2%2Fproduct_tag&post=27885"}],"curies":[{"name":"wp","href":"https:\/\/api.w.org\/{rel}","templated":true}]}}