{"id":27954,"date":"2021-02-21T15:06:42","date_gmt":"2021-02-21T15:06:42","guid":{"rendered":"https:\/\/www.autonvaraosahaku.fi\/?product=mahle-original-kl-79-polttoainesuodatin"},"modified":"2021-02-21T15:06:45","modified_gmt":"2021-02-21T15:06:45","slug":"mahle-original-kl-79-polttoainesuodatin","status":"publish","type":"product","link":"https:\/\/www.autonvaraosahaku.fi\/?product=mahle-original-kl-79-polttoainesuodatin","title":{"rendered":"MAHLE ORIGINAL KL 79 Polttoainesuodatin"},"content":{"rendered":"<p>Suodatintyyppi: Letkusuodatin; L\u00e4pimitta [mm]: 80,0; Kopan l\u00e4pimitta (mm): 75,0; Korkeus 1 (mm): 99,0; Korkeus (mm): 170,0, 171,5, 171,5; L\u00e4pimitta 2 [mm]: 7,89, 7,89; L\u00e4pimitta 3 [mm]: 7,89, 7,89; Paino [g]: 0,41; Korkeus (tuumaa): 6,89; Leveys (tuumaa): 3,35; Pituus (tuumaa): 3,35; VW: GOLF IV 1J1,GOLF IV Variant 1J5,GOLF II 19E, 1G1,TRANSPORTER V Bus 7HB, 7HJ, 7EB, 7EJ, 7EF,MULTIVAN V 7HM, 7HN, 7HF, 7EF, 7EM, 7EN,BORA 1J2,GOLF I Cabriolet 155,TRANSPORTER V Kasten 7HA, 7HH, 7EA, 7EH,NEW BEETLE 9C1, 1C1,PHAETON 3D_,BORA Kombi 1J6,NEW BEETLE Cabriolet 1Y7,VENTO 1H2,JETTA II 19E, 1G2, 165,TRANSPORTER V Pritsche\/Fahrgestell 7JD, 7JE, 7JL, 7JY, 7JZ,,JETTA I 16,BORA; AUDI: A6 Avant 4F5, C6,A3 8P1,A3 8L1,A4 Avant 8ED, B7,A4 Avant 8E5, B6,A6 Avant 4B5, C5,A4 8E2, B6,A4 Cabriolet 8H7, B6, 8HE, B7,A4 8EC, B7,TT 8N3,A8 4E_,TT Roadster 8N9,TT Roadster 8J9; SKODA: OCTAVIA Combi 1U5,OCTAVIA 1U2; SEAT: LEON 1M1,EXEO ST 3R5,TOLEDO II 1M2,EXEO 3R2; CHERY: A1; UAZ: PATRIOT; 0J1201511A, 1J0201511A, 1JO201511A, 3D0201511, 3D0201511A, B141117110, 0J1201511A, 1J0201511A, 1JO201511A, 3D0201511, 3D0201511A, 1H0201511A, 1J0201511A, 1JO201511A, 3D0201511, 3D0201511A, 6Q0201051<\/p>\n","protected":false},"excerpt":{"rendered":"<p>MAHLE ORIGINAL Polttoainesuodatin KL 79  VW,AUDI,SKODA,GOLF IV 1J1,GOLF IV Variant 1J5,GOLF II 19E, 1G1,TRANSPORTER V Bus 7HB, 7HJ, 7EB, 7EJ, 7EF<\/p>\n","protected":false},"featured_media":0,"template":"","meta":{"site-sidebar-layout":"default","site-content-layout":"default","ast-global-header-display":"","ast-main-header-display":"","ast-hfb-above-header-display":"","ast-hfb-below-header-display":"","ast-hfb-mobile-header-display":"","site-post-title":"","ast-breadcrumbs-content":"","ast-featured-img":"","footer-sml-layout":"","theme-transparent-header-meta":"","adv-header-id-meta":"","stick-header-meta":"","header-above-stick-meta":"","header-main-stick-meta":"","header-below-stick-meta":""},"pwb-brand":[153],"product_cat":[29],"product_tag":[],"class_list":{"0":"post-27954","1":"product","2":"type-product","3":"status-publish","5":"pwb-brand-mahle-original","6":"product_cat-polttoainesuodatin","7":"desktop-align-left","8":"tablet-align-left","9":"mobile-align-left","11":"first","12":"instock","13":"product-type-external"},"brands":[{"id":153,"name":"MAHLE ORIGINAL","slug":"mahle-original"}],"_links":{"self":[{"href":"https:\/\/www.autonvaraosahaku.fi\/index.php?rest_route=\/wp\/v2\/product\/27954","targetHints":{"allow":["GET"]}}],"collection":[{"href":"https:\/\/www.autonvaraosahaku.fi\/index.php?rest_route=\/wp\/v2\/product"}],"about":[{"href":"https:\/\/www.autonvaraosahaku.fi\/index.php?rest_route=\/wp\/v2\/types\/product"}],"wp:attachment":[{"href":"https:\/\/www.autonvaraosahaku.fi\/index.php?rest_route=%2Fwp%2Fv2%2Fmedia&parent=27954"}],"wp:term":[{"taxonomy":"pwb-brand","embeddable":true,"href":"https:\/\/www.autonvaraosahaku.fi\/index.php?rest_route=%2Fwp%2Fv2%2Fpwb-brand&post=27954"},{"taxonomy":"product_cat","embeddable":true,"href":"https:\/\/www.autonvaraosahaku.fi\/index.php?rest_route=%2Fwp%2Fv2%2Fproduct_cat&post=27954"},{"taxonomy":"product_tag","embeddable":true,"href":"https:\/\/www.autonvaraosahaku.fi\/index.php?rest_route=%2Fwp%2Fv2%2Fproduct_tag&post=27954"}],"curies":[{"name":"wp","href":"https:\/\/api.w.org\/{rel}","templated":true}]}}