{"id":27975,"date":"2021-02-21T15:06:47","date_gmt":"2021-02-21T15:06:47","guid":{"rendered":"https:\/\/www.autonvaraosahaku.fi\/?product=ridex-8a0215-ilmansuodatin"},"modified":"2021-02-21T15:06:49","modified_gmt":"2021-02-21T15:06:49","slug":"ridex-8a0215-ilmansuodatin","status":"publish","type":"product","link":"https:\/\/www.autonvaraosahaku.fi\/?product=ridex-8a0215-ilmansuodatin","title":{"rendered":"RIDEX 8A0215 Ilmansuodatin"},"content":{"rendered":"<p>Korkeus (mm): 147; Paino [kg]: 0,34; Sis\u00e4l\u00e4pimitta [mm]: 164; Ulkol\u00e4pimitta [mm]: 242; MITSUBISHI: PAJERO II V3_W, V2_W, V4_W,PAJERO SPORT K90,PAJERO I L04_G, L14_G,PAJERO I Canvas Top L04_G,PAJERO II Canvas Top V2_W, V4_W,GALANT II A16_,GALANT II Station Wagon A16_V; MD603384, MZ311785, XD603384<\/p>\n","protected":false},"excerpt":{"rendered":"<p>RIDEX Ilmansuodatin 8A0215  MITSUBISHI,PAJERO II V3_W, V2_W, V4_W,PAJERO SPORT K90,PAJERO I L04_G, L14_G,PAJERO I Canvas Top L04_G<\/p>\n","protected":false},"featured_media":0,"template":"","meta":{"site-sidebar-layout":"default","site-content-layout":"default","ast-global-header-display":"","ast-main-header-display":"","ast-hfb-above-header-display":"","ast-hfb-below-header-display":"","ast-hfb-mobile-header-display":"","site-post-title":"","ast-breadcrumbs-content":"","ast-featured-img":"","footer-sml-layout":"","theme-transparent-header-meta":"","adv-header-id-meta":"","stick-header-meta":"","header-above-stick-meta":"","header-main-stick-meta":"","header-below-stick-meta":""},"pwb-brand":[157],"product_cat":[31],"product_tag":[],"class_list":{"0":"post-27975","1":"product","2":"type-product","3":"status-publish","5":"pwb-brand-ridex","6":"product_cat-ilmansuodatin","7":"desktop-align-left","8":"tablet-align-left","9":"mobile-align-left","11":"first","12":"instock","13":"product-type-external"},"brands":[{"id":157,"name":"RIDEX","slug":"ridex"}],"_links":{"self":[{"href":"https:\/\/www.autonvaraosahaku.fi\/index.php?rest_route=\/wp\/v2\/product\/27975","targetHints":{"allow":["GET"]}}],"collection":[{"href":"https:\/\/www.autonvaraosahaku.fi\/index.php?rest_route=\/wp\/v2\/product"}],"about":[{"href":"https:\/\/www.autonvaraosahaku.fi\/index.php?rest_route=\/wp\/v2\/types\/product"}],"wp:attachment":[{"href":"https:\/\/www.autonvaraosahaku.fi\/index.php?rest_route=%2Fwp%2Fv2%2Fmedia&parent=27975"}],"wp:term":[{"taxonomy":"pwb-brand","embeddable":true,"href":"https:\/\/www.autonvaraosahaku.fi\/index.php?rest_route=%2Fwp%2Fv2%2Fpwb-brand&post=27975"},{"taxonomy":"product_cat","embeddable":true,"href":"https:\/\/www.autonvaraosahaku.fi\/index.php?rest_route=%2Fwp%2Fv2%2Fproduct_cat&post=27975"},{"taxonomy":"product_tag","embeddable":true,"href":"https:\/\/www.autonvaraosahaku.fi\/index.php?rest_route=%2Fwp%2Fv2%2Fproduct_tag&post=27975"}],"curies":[{"name":"wp","href":"https:\/\/api.w.org\/{rel}","templated":true}]}}