{"id":27982,"date":"2021-02-21T15:56:38","date_gmt":"2021-02-21T15:56:38","guid":{"rendered":"https:\/\/www.autonvaraosahaku.fi\/?product=ngk-6806-sytytystulpat"},"modified":"2021-02-21T15:56:38","modified_gmt":"2021-02-21T15:56:38","slug":"ngk-6806-sytytystulpat","status":"publish","type":"product","link":"https:\/\/www.autonvaraosahaku.fi\/?product=ngk-6806-sytytystulpat","title":{"rendered":"NGK 6806 Sytytystulpat"},"content":{"rendered":"<p>Polttoaine: CNG\/LPG; Suositeltu vaihtov\u00e4li [km]: 60000; Avainv\u00e4li: 16 mm; Ulkokierre [mm]: 12,0; Kierteen pituus (mm): 19,0; Sytytystulppa: kiinte\u00e4 SAE-liitin, Iridium-keskielektrodi; lis\u00e4tieto: LPG Laser Line; TECDOC-moottorinumero: 20928; CHEVROLET: AVEO Schr\u00e4gheck T250, T255; SUZUKI: ALTO HA24,WAGON R+ EM,CAPPUCINO EA; LANCIA: YPSILON 843,Y 840A,MUSA 350,YPSILON 312, 846; FORD: KA RU8; FIAT: GRANDE PUNTO 199,PUNTO 188,PANDA 169,500 312,PUNTO EVO 199,DOBLO Cargo 223,500 C 312,PUNTO 176,DOBLO 119,PUNTO 199,IDEA,PANDA 312,QUBO 225,500L,DOBLO Gro\u00dfraumlimousine 152, 263,BRAVO I 182,BRAVA 182,PUNTO Cabriolet 176C,MAREA Weekend 185,FIORINO Kasten\/Kombi 225,LINEA 323,MAREA 185; ALFA ROMEO: MITO 955; Tulpat,Sytytystulppa<\/p>\n","protected":false},"excerpt":{"rendered":"<p>NGK Sytytystulpat 6806 Tulpat,Sytytystulppa CHEVROLET,SUZUKI,LANCIA,AVEO Schr\u00e4gheck T250, T255,ALTO HA24,WAGON R+ EM,CAPPUCINO EA,YPSILON 843,Y 840A<\/p>\n","protected":false},"featured_media":0,"template":"","meta":{"site-sidebar-layout":"default","site-content-layout":"default","ast-global-header-display":"","ast-main-header-display":"","ast-hfb-above-header-display":"","ast-hfb-below-header-display":"","ast-hfb-mobile-header-display":"","site-post-title":"","ast-breadcrumbs-content":"","ast-featured-img":"","footer-sml-layout":"","theme-transparent-header-meta":"","adv-header-id-meta":"","stick-header-meta":"","header-above-stick-meta":"","header-main-stick-meta":"","header-below-stick-meta":""},"pwb-brand":[189],"product_cat":[165],"product_tag":[],"class_list":{"0":"post-27982","1":"product","2":"type-product","3":"status-publish","5":"pwb-brand-ngk","6":"product_cat-sytytystulpat","7":"desktop-align-left","8":"tablet-align-left","9":"mobile-align-left","11":"first","12":"instock","13":"product-type-external"},"brands":[{"id":189,"name":"NGK","slug":"ngk"}],"_links":{"self":[{"href":"https:\/\/www.autonvaraosahaku.fi\/index.php?rest_route=\/wp\/v2\/product\/27982","targetHints":{"allow":["GET"]}}],"collection":[{"href":"https:\/\/www.autonvaraosahaku.fi\/index.php?rest_route=\/wp\/v2\/product"}],"about":[{"href":"https:\/\/www.autonvaraosahaku.fi\/index.php?rest_route=\/wp\/v2\/types\/product"}],"wp:attachment":[{"href":"https:\/\/www.autonvaraosahaku.fi\/index.php?rest_route=%2Fwp%2Fv2%2Fmedia&parent=27982"}],"wp:term":[{"taxonomy":"pwb-brand","embeddable":true,"href":"https:\/\/www.autonvaraosahaku.fi\/index.php?rest_route=%2Fwp%2Fv2%2Fpwb-brand&post=27982"},{"taxonomy":"product_cat","embeddable":true,"href":"https:\/\/www.autonvaraosahaku.fi\/index.php?rest_route=%2Fwp%2Fv2%2Fproduct_cat&post=27982"},{"taxonomy":"product_tag","embeddable":true,"href":"https:\/\/www.autonvaraosahaku.fi\/index.php?rest_route=%2Fwp%2Fv2%2Fproduct_tag&post=27982"}],"curies":[{"name":"wp","href":"https:\/\/api.w.org\/{rel}","templated":true}]}}