{"id":27985,"date":"2021-02-21T15:56:38","date_gmt":"2021-02-21T15:56:38","guid":{"rendered":"https:\/\/www.autonvaraosahaku.fi\/?product=pierburg-7-21440-51-0-polttoainepumppu"},"modified":"2021-02-21T15:56:39","modified_gmt":"2021-02-21T15:56:39","slug":"pierburg-7-21440-51-0-polttoainepumppu","status":"publish","type":"product","link":"https:\/\/www.autonvaraosahaku.fi\/?product=pierburg-7-21440-51-0-polttoainepumppu","title":{"rendered":"PIERBURG 7.21440.51.0 Polttoainepumppu"},"content":{"rendered":"<p>K\u00e4ytt\u00f6: S\u00e4hk\u00f6inen; L\u00e4pimitta [mm]: 38; Kokonaispituus [mm]: 133,5; L\u00e4pimitta 1 [mm]: 8; L\u00e4pimitta 2 [mm]: 8; Virran voimakkuus enint. [A]: 2; Liittimi\u00e4: 2; Paine alkaen (bar): 0,27; Paine asti (bar): 0,38; Paine (psi) asti: 5,51; J\u00e4nnite (V): 12; Paine (psi) alkaen: 3,19; Teknisten tietojen numero: SI 1761-21; TECDOC-moottorinumero: 432; VW: GOLF III 1H1,POLO 6N1,GOLF II 19E, 1G1,GOLF I Cabriolet 155,TRANSPORTER III Bus,POLO 86C, 80,KAEFER,POLO Coupe 86C, 80,SCIROCCO 53B,GOLF I 17,CADDY I 14,JETTA II 19E, 1G2, 165,KAEFER Cabriolet 15,PASSAT Variant 32B,POLO Kasten 6NF,TRANSPORTER III Kasten,POLO CLASSIC 86C, 80,TRANSPORTER II Bus,TRANSPORTER III Pritsche\/Fahrgestell,PASSAT 32B,POLO 86,411412,SCIROCCO 53,SAFARI,1500,1600 Variant 36,ILTIS 183,JETTA I 16,1500,1600 31,DERBY 86C, 80,POLO Kasten 86CF,PASSAT 32,DERBY 86,1500,1600 Schr\u00e4gheck 31,PASSAT Stufenheck 32B,TRANSPORTER II Kasten,PASSAT Variant 33,SANTANA 32B,KARMANN GHIA Cabriolet 14, 34,TRANSPORTER II Pritsche\/Fahrgestell; AUDI: 80 8C, B4,80 89, 89Q, 8A, B3,80 Avant 8C, B4,100 44, 44Q, C3,80 81, 85, B2,100 Avant 44, 44Q, C3,COUPE 81, 85,80 80, 82, B1,100 C1,100 Coupe C1,100 43, C2,50 86,100 Avant 43, C2; MAZDA: RX 7 I SA,626 I CB; LADA: 1200-1600,1200-1500 Kombi,NOVA 2105,NOVA Kombi 2104; SKODA: FELICIA I 6U1,FELICIA I Fun 797,FELICIA I Kombi 6U5,105,120 742,FAVORIT 781,105,120 744,130,RAPID 120G, 130G, 135G; SUZUKI: SWIFT II Schr\u00e4gheck EA, MA,SJ 413,LJ 80,BALENO EG,BALENO Schr\u00e4gheck EG,SJ 410 Cabrio,SJ 410,SWIFT I AA,SWIFT Cabriolet SF413,SWIFT II Stufenheck AH, AJ,ALTO,ALTO SS80,CARRY Kasten ST90V; SEAT: IBIZA IV 6L1,MARBELLA 28,IBIZA I 021A,MARBELLA Kasten 028A,MALAGA 023A,133,131,RONDA 022A; MERCEDES-BENZ: 190 W201,Stufenheck W124,Stufenheck W123,S-CLASS W126,KOMBI Kombi S124,G-CLASS W460,COUPE C123,S-CLASS W108, W109,S-CLASS W116,KOMBI Kombi S123,T1 Bus 601,T1 Pritsche\/Fahrgestell 601,HECKFLOSSE W111, W112,T1 Kasten 601; HONDA: ACCORD III CA,ACCORD III Aerodeck CA,ACCORD I Hatchback SJ, SY,ACCORD I SJ, SY; LANCIA: BETA Spider 828BS,BETA Coupe 828BC,Y10 156,BETA  H.P.E. 828BF,BETA 828_B_,PRISMA 831AB0; FUELPUMPUNIVERSAL, FUELPUMPUNIVERSAL, FUELPUMPUNIVERSAL, FUELPUMPUNIVERSAL, FUELPUMPUNIVERSAL, FUELPUMPUNIVERSAL, FUELPUMPUNIVERSAL, FUELPUMPUNIVERSAL, FUELPUMPUNIVERSAL, FUELPUMPUNIVERSAL, FUELPUMPUNIVERSAL, FUELPUMPUNIVERSAL, FUELPUMPUNIVERSAL, FUELPUMPUNIVERSAL, FUELPUMPUNIVERSAL, FUELPUMPUNIVERSAL, 045313350, 194313350A, 807213350B, 811613350A, 811813350A, 817313350, 817413350, 878813350, FUELPUMPUNIVERSAL, 0020910001, 0020918401, A0020910001, A0020918401, FUELPUMPUNIVERSAL, FUELPUMPUNIVERSAL, FUELPUMPUNIVERSAL, FUELPUMPUNIVERSAL, FUELPUMPUNIVERSAL, FUELPUMPUNIVERSAL, FUELPUMPUNIVERSAL, FUELPUMPUNIVERSAL, FUELPUMPUNIVERSAL, FUELPUMPUNIVERSAL, FUELPUMPUNIVERSAL, FUELPUMPUNIVERSAL, FUELPUMPUNIVERSAL, FUELPUMPUNIVERSAL, FUELPUMPUNIVERSAL, 060906089, FUELPUMPUNIVERSAL, FUELPUMPUNIVERSAL<\/p>\n","protected":false},"excerpt":{"rendered":"<p>PIERBURG Polttoainepumppu 7.21440.51.0  VW,AUDI,MAZDA,GOLF III 1H1,POLO 6N1,GOLF II 19E, 1G1,GOLF I Cabriolet 155,TRANSPORTER III Bus,POLO 86C, 80<\/p>\n","protected":false},"featured_media":0,"template":"","meta":{"site-sidebar-layout":"default","site-content-layout":"default","ast-global-header-display":"","ast-main-header-display":"","ast-hfb-above-header-display":"","ast-hfb-below-header-display":"","ast-hfb-mobile-header-display":"","site-post-title":"","ast-breadcrumbs-content":"","ast-featured-img":"","footer-sml-layout":"","theme-transparent-header-meta":"","adv-header-id-meta":"","stick-header-meta":"","header-above-stick-meta":"","header-main-stick-meta":"","header-below-stick-meta":""},"pwb-brand":[380],"product_cat":[73],"product_tag":[],"class_list":{"0":"post-27985","1":"product","2":"type-product","3":"status-publish","5":"pwb-brand-pierburg","6":"product_cat-polttoainepumppu","7":"desktop-align-left","8":"tablet-align-left","9":"mobile-align-left","11":"first","12":"instock","13":"product-type-external"},"brands":[{"id":380,"name":"PIERBURG","slug":"pierburg"}],"_links":{"self":[{"href":"https:\/\/www.autonvaraosahaku.fi\/index.php?rest_route=\/wp\/v2\/product\/27985","targetHints":{"allow":["GET"]}}],"collection":[{"href":"https:\/\/www.autonvaraosahaku.fi\/index.php?rest_route=\/wp\/v2\/product"}],"about":[{"href":"https:\/\/www.autonvaraosahaku.fi\/index.php?rest_route=\/wp\/v2\/types\/product"}],"wp:attachment":[{"href":"https:\/\/www.autonvaraosahaku.fi\/index.php?rest_route=%2Fwp%2Fv2%2Fmedia&parent=27985"}],"wp:term":[{"taxonomy":"pwb-brand","embeddable":true,"href":"https:\/\/www.autonvaraosahaku.fi\/index.php?rest_route=%2Fwp%2Fv2%2Fpwb-brand&post=27985"},{"taxonomy":"product_cat","embeddable":true,"href":"https:\/\/www.autonvaraosahaku.fi\/index.php?rest_route=%2Fwp%2Fv2%2Fproduct_cat&post=27985"},{"taxonomy":"product_tag","embeddable":true,"href":"https:\/\/www.autonvaraosahaku.fi\/index.php?rest_route=%2Fwp%2Fv2%2Fproduct_tag&post=27985"}],"curies":[{"name":"wp","href":"https:\/\/api.w.org\/{rel}","templated":true}]}}