{"id":27990,"date":"2021-02-21T15:56:38","date_gmt":"2021-02-21T15:56:38","guid":{"rendered":"https:\/\/www.autonvaraosahaku.fi\/?product=vegaz-fd-126-pakosarjan-tiivisteet"},"modified":"2021-02-21T15:56:39","modified_gmt":"2021-02-21T15:56:39","slug":"vegaz-fd-126-pakosarjan-tiivisteet","status":"publish","type":"product","link":"https:\/\/www.autonvaraosahaku.fi\/?product=vegaz-fd-126-pakosarjan-tiivisteet","title":{"rendered":"VEGAZ FD-126 Pakosarjan tiivisteet"},"content":{"rendered":"<p>Paino [kg]: 0,01, 0,01; Reik\u00e4lukum\u00e4\u00e4r\u00e4 2: 2; L\u00e4pimitta 1 [mm]: 55; L\u00e4pimitta 2 [mm]: 11; Katalysaattorimalli: f\u00fcr Fahrzeuge mit Katalysator; MAZDA: 2 DY,121 III JASM, JBSM; NISSAN: 200 SX S13,SERENA C23M,VANETTE CARGO Kasten HC 23,PRAIRIE PRO M11; LAND ROVER: FREELANDER LN; ROVER: 200 RF,45 Stufenheck RT,45 RT,400 RT,CABRIOLET XW,400 Hatchback RT,400 Tourer XW,100 \/ METRO XP,100 Cabriolet XP,COUPE; FORD: FIESTA V JH_, JD_,FOCUS Kombi DNW,FOCUS DAW, DBW,FIESTA IV JA_, JB_,FUSION JU_,FOCUS Stufenheck DFW,FIESTA III GFJ,TRANSIT CONNECT P65_, P70_, P80_,TOURNEO CONNECT,PUMA EC_,ESCORT VII GAL, AAL, ABL,SIERRA GBG, GB4,ESCORT VII Kombi GAL, ANL,FIESTA V Van,ESCORT VII Cabriolet ALL,ESCORT VI Cabriolet ALL,ESCORT VI GAL,SIERRA Schr\u00e4gheck GBC, GBG,SCORPIO I GAE, GGE,ESCORT &#8217;95 Express AVL,FIESTA Kasten J5_, J3_,ESCORT V GAL,ESCORT VII Stufenheck GAL, AFL,FIESTA Kasten JV_,SIERRA Kombi BNG,ESCORT VI Kombi GAL,ESCORT CLASSIC AAL, ABL,ESCORT CLASSIC Turnier ANL,ESCORT VI Stufenheck GAL,FIESTA Kasten F3L, F5L,FIESTA Kasten FVD,ESCORT V Kombi GAL, AVL,ESCORT &#8217;91 Express AVL,ORION III GAL; FIAT: STILO 192,BRAVO II 198,DOBLO Cargo 223,STILO Multi Wagon 192,DOBLO 119,STRADA Pick-up 178E; RENAULT: ESPACE IV JK0\/1_,LAGUNA II Grandtour KG0\/1_,LAGUNA II BG0\/1_,VEL SATIS BJ0_,19 II B\/C53_,19 II Cabriolet D53_, 853_,19 I B\/C53_,AVANTIME DE0_,19 II Chamade L53_,19 I Chamade L53_,19 I Cabriolet D53_; MG: MG ZS,MG ZS Hatchback; GEX7761, GEX77936, WCM100460, WCM100460L, 1003522, 1009008, 1011011, 1057639, 1061945, 1073466, 1105584, 1147101, 6159982, 6162279, 6642508, 6642510, 6642511, 6692743, 6692744, 1E0340305, 1E0340305B, 1E0540305A, 6001024176, 7700823389, GEX7761, GEX77936, WCM100460, WCM100460L; Tiiviste, Pakoputki<\/p>\n","protected":false},"excerpt":{"rendered":"<p>VEGAZ Pakoputken Tiiviste FD-126 Tiiviste, Pakoputki MAZDA,NISSAN,LAND ROVER,2 DY,121 III JASM, JBSM,200 SX S13,SERENA C23M,VANETTE CARGO Kasten HC 23<\/p>\n","protected":false},"featured_media":0,"template":"","meta":{"site-sidebar-layout":"default","site-content-layout":"default","ast-global-header-display":"","ast-main-header-display":"","ast-hfb-above-header-display":"","ast-hfb-below-header-display":"","ast-hfb-mobile-header-display":"","site-post-title":"","ast-breadcrumbs-content":"","ast-featured-img":"","footer-sml-layout":"","theme-transparent-header-meta":"","adv-header-id-meta":"","stick-header-meta":"","header-above-stick-meta":"","header-main-stick-meta":"","header-below-stick-meta":""},"pwb-brand":[306],"product_cat":[123],"product_tag":[],"class_list":{"0":"post-27990","1":"product","2":"type-product","3":"status-publish","5":"pwb-brand-vegaz","6":"product_cat-pakosarjan-tiivisteet","7":"desktop-align-left","8":"tablet-align-left","9":"mobile-align-left","11":"first","12":"instock","13":"product-type-external"},"brands":[{"id":306,"name":"VEGAZ","slug":"vegaz"}],"_links":{"self":[{"href":"https:\/\/www.autonvaraosahaku.fi\/index.php?rest_route=\/wp\/v2\/product\/27990","targetHints":{"allow":["GET"]}}],"collection":[{"href":"https:\/\/www.autonvaraosahaku.fi\/index.php?rest_route=\/wp\/v2\/product"}],"about":[{"href":"https:\/\/www.autonvaraosahaku.fi\/index.php?rest_route=\/wp\/v2\/types\/product"}],"wp:attachment":[{"href":"https:\/\/www.autonvaraosahaku.fi\/index.php?rest_route=%2Fwp%2Fv2%2Fmedia&parent=27990"}],"wp:term":[{"taxonomy":"pwb-brand","embeddable":true,"href":"https:\/\/www.autonvaraosahaku.fi\/index.php?rest_route=%2Fwp%2Fv2%2Fpwb-brand&post=27990"},{"taxonomy":"product_cat","embeddable":true,"href":"https:\/\/www.autonvaraosahaku.fi\/index.php?rest_route=%2Fwp%2Fv2%2Fproduct_cat&post=27990"},{"taxonomy":"product_tag","embeddable":true,"href":"https:\/\/www.autonvaraosahaku.fi\/index.php?rest_route=%2Fwp%2Fv2%2Fproduct_tag&post=27990"}],"curies":[{"name":"wp","href":"https:\/\/api.w.org\/{rel}","templated":true}]}}