{"id":28031,"date":"2021-02-21T15:56:47","date_gmt":"2021-02-21T15:56:47","guid":{"rendered":"https:\/\/www.autonvaraosahaku.fi\/?product=febi-bilstein-39221-polttoainesuodatin"},"modified":"2021-02-21T15:56:49","modified_gmt":"2021-02-21T15:56:49","slug":"febi-bilstein-39221-polttoainesuodatin","status":"publish","type":"product","link":"https:\/\/www.autonvaraosahaku.fi\/?product=febi-bilstein-39221-polttoainesuodatin","title":{"rendered":"FEBI BILSTEIN 39221 Polttoainesuodatin"},"content":{"rendered":"<p>Suodatintyyppi: Suodatinpanos, Suodatinpanos; Pituus (mm): 42; Leveys (mm): 42,0; Korkeus (mm): 50; Sis\u00e4l\u00e4pimitta [mm]: 17,0; Ulkol\u00e4pimitta [mm]: 42,0; Paino [kg]: 0,03; Pakokaasunormi: Euro 4 (D4); LANCIA: DELTA III 844; FIAT: PUNTO 188,PANDA 169,PANDA Van 169,PUNTO Van 188AX; ALFA ROMEO: MITO 955; 71753999, 71753999, 71753999<\/p>\n","protected":false},"excerpt":{"rendered":"<p>FEBI BILSTEIN Polttoainesuodatin 39221  LANCIA,FIAT,ALFA ROMEO,DELTA III 844,PUNTO 188,PANDA 169,PANDA Van 169,PUNTO Van 188AX,MITO 955<\/p>\n","protected":false},"featured_media":0,"template":"","meta":{"site-sidebar-layout":"default","site-content-layout":"default","ast-global-header-display":"","ast-main-header-display":"","ast-hfb-above-header-display":"","ast-hfb-below-header-display":"","ast-hfb-mobile-header-display":"","site-post-title":"","ast-breadcrumbs-content":"","ast-featured-img":"","footer-sml-layout":"","theme-transparent-header-meta":"","adv-header-id-meta":"","stick-header-meta":"","header-above-stick-meta":"","header-main-stick-meta":"","header-below-stick-meta":""},"pwb-brand":[50],"product_cat":[29],"product_tag":[],"class_list":{"0":"post-28031","1":"product","2":"type-product","3":"status-publish","5":"pwb-brand-febi-bilstein","6":"product_cat-polttoainesuodatin","7":"desktop-align-left","8":"tablet-align-left","9":"mobile-align-left","11":"first","12":"instock","13":"product-type-external"},"brands":[{"id":50,"name":"FEBI BILSTEIN","slug":"febi-bilstein"}],"_links":{"self":[{"href":"https:\/\/www.autonvaraosahaku.fi\/index.php?rest_route=\/wp\/v2\/product\/28031","targetHints":{"allow":["GET"]}}],"collection":[{"href":"https:\/\/www.autonvaraosahaku.fi\/index.php?rest_route=\/wp\/v2\/product"}],"about":[{"href":"https:\/\/www.autonvaraosahaku.fi\/index.php?rest_route=\/wp\/v2\/types\/product"}],"wp:attachment":[{"href":"https:\/\/www.autonvaraosahaku.fi\/index.php?rest_route=%2Fwp%2Fv2%2Fmedia&parent=28031"}],"wp:term":[{"taxonomy":"pwb-brand","embeddable":true,"href":"https:\/\/www.autonvaraosahaku.fi\/index.php?rest_route=%2Fwp%2Fv2%2Fpwb-brand&post=28031"},{"taxonomy":"product_cat","embeddable":true,"href":"https:\/\/www.autonvaraosahaku.fi\/index.php?rest_route=%2Fwp%2Fv2%2Fproduct_cat&post=28031"},{"taxonomy":"product_tag","embeddable":true,"href":"https:\/\/www.autonvaraosahaku.fi\/index.php?rest_route=%2Fwp%2Fv2%2Fproduct_tag&post=28031"}],"curies":[{"name":"wp","href":"https:\/\/api.w.org\/{rel}","templated":true}]}}