{"id":28082,"date":"2021-02-21T15:57:00","date_gmt":"2021-02-21T15:57:00","guid":{"rendered":"https:\/\/www.autonvaraosahaku.fi\/?product=japanparts-fo-120s-oljynsuodatin"},"modified":"2021-02-21T15:57:01","modified_gmt":"2021-02-21T15:57:01","slug":"japanparts-fo-120s-oljynsuodatin","status":"publish","type":"product","link":"https:\/\/www.autonvaraosahaku.fi\/?product=japanparts-fo-120s-oljynsuodatin","title":{"rendered":"JAPANPARTS FO-120S \u00d6ljynsuodatin"},"content":{"rendered":"<p>Suodatintyyppi: Ruuvattava suodatin; Pituus (mm): 71,5; Ulkol\u00e4pimitta [mm]: 65,4; Asennusl\u00e4pimitta [mm]: 61,5; Sis\u00e4kierre (mm): M20 x 1,5; Valmistusvuosi alkaen: 06\/1997; NISSAN: QASHQAI \/ QASHQAI +2 J10, JJ10,MICRA III K12,X-TRAIL T30,NOTE E11,ALMERA TINO V10,ALMERA II Hatchback N16,JUKE F15,PRIMERA P11,MICRA IV K13,PRIMERA Kombi WP12,PRIMERA P12,NV200 EVALIA,PRIMERA Traveller WP11,350 Z Z33,PRIMERA Hatchback P11,MICRA C+C K12,MURANO Z50,NOTE E12,PRIMERA Hatchback P12,TIIDA Schr\u00e4gheck,NV200 Kasten,ALMERA I Hatchback N15,MURANO Z51,PICK UP D22,PATHFINDER R50,ALMERA Mk II N16,370 Z Z34,200 SX S14,350 Z Roadster Z33,MAXIMA QX A33,MAXIMA QX A32,CUBE Z12,TIIDA Stufenheck SC11X,370 Z Roadster Z34,QASHQAI J11, J11_,PRIMERA Traveller W10,X-TRAIL T32,PULSAR Schr\u00e4gheck C13; INFINITI: Q50,FX,EX,G Stufenheck,G Coupe,Q70 Y51,QX70; 1520865F00, 1520865F0A, 1520865F0B, 1520865F1A, 1520865F1B, 152089F600, 152089F60A, 152081HC0A, 1520831U00, 1520831U0C, 152083J400, 152083J400XX, 1520865F00, 1520865F01, 1520865F0A, 1520865F0B, 1520865F0C, 1520865F1A, 1520865F1B, 152089F600, 152089F60A, AY100NS004, 152009645R, 152085758R, 1520865F0B, 152088066R, 7701053054, 7701068766<\/p>\n","protected":false},"excerpt":{"rendered":"<p>JAPANPARTS \u00d6ljynsuodatin FO-120S  NISSAN,INFINITI,QASHQAI \/ QASHQAI +2 J10, JJ10,MICRA III K12,X-TRAIL T30,NOTE E11,ALMERA TINO V10<\/p>\n","protected":false},"featured_media":0,"template":"","meta":{"site-sidebar-layout":"default","site-content-layout":"default","ast-global-header-display":"","ast-main-header-display":"","ast-hfb-above-header-display":"","ast-hfb-below-header-display":"","ast-hfb-mobile-header-display":"","site-post-title":"","ast-breadcrumbs-content":"","ast-featured-img":"","footer-sml-layout":"","theme-transparent-header-meta":"","adv-header-id-meta":"","stick-header-meta":"","header-above-stick-meta":"","header-main-stick-meta":"","header-below-stick-meta":""},"pwb-brand":[334],"product_cat":[30],"product_tag":[],"class_list":{"0":"post-28082","1":"product","2":"type-product","3":"status-publish","5":"pwb-brand-japanparts","6":"product_cat-oljynsuodatin","7":"desktop-align-left","8":"tablet-align-left","9":"mobile-align-left","11":"first","12":"instock","13":"product-type-external"},"brands":[{"id":334,"name":"JAPANPARTS","slug":"japanparts"}],"_links":{"self":[{"href":"https:\/\/www.autonvaraosahaku.fi\/index.php?rest_route=\/wp\/v2\/product\/28082","targetHints":{"allow":["GET"]}}],"collection":[{"href":"https:\/\/www.autonvaraosahaku.fi\/index.php?rest_route=\/wp\/v2\/product"}],"about":[{"href":"https:\/\/www.autonvaraosahaku.fi\/index.php?rest_route=\/wp\/v2\/types\/product"}],"wp:attachment":[{"href":"https:\/\/www.autonvaraosahaku.fi\/index.php?rest_route=%2Fwp%2Fv2%2Fmedia&parent=28082"}],"wp:term":[{"taxonomy":"pwb-brand","embeddable":true,"href":"https:\/\/www.autonvaraosahaku.fi\/index.php?rest_route=%2Fwp%2Fv2%2Fpwb-brand&post=28082"},{"taxonomy":"product_cat","embeddable":true,"href":"https:\/\/www.autonvaraosahaku.fi\/index.php?rest_route=%2Fwp%2Fv2%2Fproduct_cat&post=28082"},{"taxonomy":"product_tag","embeddable":true,"href":"https:\/\/www.autonvaraosahaku.fi\/index.php?rest_route=%2Fwp%2Fv2%2Fproduct_tag&post=28082"}],"curies":[{"name":"wp","href":"https:\/\/api.w.org\/{rel}","templated":true}]}}