{"id":28090,"date":"2021-02-21T15:57:00","date_gmt":"2021-02-21T15:57:00","guid":{"rendered":"https:\/\/www.autonvaraosahaku.fi\/?product=magneti-marelli-062900019304-hehkutulppa"},"modified":"2021-02-21T15:57:02","modified_gmt":"2021-02-21T15:57:02","slug":"magneti-marelli-062900019304-hehkutulppa","status":"publish","type":"product","link":"https:\/\/www.autonvaraosahaku.fi\/?product=magneti-marelli-062900019304-hehkutulppa","title":{"rendered":"MAGNETI MARELLI 062900019304 Hehkutulppa"},"content":{"rendered":"<p>Virta (A): 10; Liittimet: M4; Kiristysmomentti enint\u00e4\u00e4n [Nm]: 18; Kiristysmomentti > [Nm]: 10; Kiristysmomentti: 2,5; Hehkutulppatyyppi: Metallihehkutulppa; Asennuskulma: 120; J\u00e4nnite (V): 11; Pituus 1 (mm): 50; Pituus 2 (mm): 22,5; Kokonaispituus (mm): 87,9; Kierremitta: M10X1,25; Avainv\u00e4li: 12; L\u00e4mmitysaika [min]: 7; TECDOC-moottorinumero: 2292; NISSAN: PATROL GR II Wagon Y61,PICK UP D22,PICK UP D21,PATROL GR I Y60, GR,URVAN Bus E24,URVAN Kasten E24; KIA: PREGIO Kasten TB,PREGIO Bus,K2500 SD,BONGO Pritsche\/Fahrgestell; HYUNDAI: TERRACAN HP,GALLOPER II JK-01,H-1 Kasten,H-1 \/ STAREX,GALLOPER I,H100 Bus P,H100 Kasten,H-1 Pritsche\/Fahrgestell,PORTER Pritsche\/Fahrgestell,H100 Pick-up,H100 Pritsche\/Fahrgestell; MITSUBISHI: L 300 Bus P0_W, P1_W, P2_W,PAJERO I L04_G, L14_G,L 300 Pritsche\/Fahrgestell L03_P,L 300 Kasten P0_W, P1_W,PAJERO I Canvas Top L04_G,L 200 K3_T, K2_T, K1_T, K0_T,GALANT II A16_,GALANT II Station Wagon A16_V; S3671042021, 1106543G01, 1106563G00<\/p>\n","protected":false},"excerpt":{"rendered":"<p>MAGNETI MARELLI Hehkutulppa 062900019304  NISSAN,KIA,HYUNDAI,PATROL GR II Wagon Y61,PICK UP D22,PICK UP D21,PATROL GR I Y60, GR,URVAN Bus E24<\/p>\n","protected":false},"featured_media":0,"template":"","meta":{"site-sidebar-layout":"default","site-content-layout":"default","ast-global-header-display":"","ast-main-header-display":"","ast-hfb-above-header-display":"","ast-hfb-below-header-display":"","ast-hfb-mobile-header-display":"","site-post-title":"","ast-breadcrumbs-content":"","ast-featured-img":"","footer-sml-layout":"","theme-transparent-header-meta":"","adv-header-id-meta":"","stick-header-meta":"","header-above-stick-meta":"","header-main-stick-meta":"","header-below-stick-meta":""},"pwb-brand":[34],"product_cat":[52],"product_tag":[],"class_list":{"0":"post-28090","1":"product","2":"type-product","3":"status-publish","5":"pwb-brand-magneti-marelli","6":"product_cat-hehkutulppa","7":"desktop-align-left","8":"tablet-align-left","9":"mobile-align-left","11":"first","12":"instock","13":"product-type-external"},"brands":[{"id":34,"name":"MAGNETI MARELLI","slug":"magneti-marelli"}],"_links":{"self":[{"href":"https:\/\/www.autonvaraosahaku.fi\/index.php?rest_route=\/wp\/v2\/product\/28090","targetHints":{"allow":["GET"]}}],"collection":[{"href":"https:\/\/www.autonvaraosahaku.fi\/index.php?rest_route=\/wp\/v2\/product"}],"about":[{"href":"https:\/\/www.autonvaraosahaku.fi\/index.php?rest_route=\/wp\/v2\/types\/product"}],"wp:attachment":[{"href":"https:\/\/www.autonvaraosahaku.fi\/index.php?rest_route=%2Fwp%2Fv2%2Fmedia&parent=28090"}],"wp:term":[{"taxonomy":"pwb-brand","embeddable":true,"href":"https:\/\/www.autonvaraosahaku.fi\/index.php?rest_route=%2Fwp%2Fv2%2Fpwb-brand&post=28090"},{"taxonomy":"product_cat","embeddable":true,"href":"https:\/\/www.autonvaraosahaku.fi\/index.php?rest_route=%2Fwp%2Fv2%2Fproduct_cat&post=28090"},{"taxonomy":"product_tag","embeddable":true,"href":"https:\/\/www.autonvaraosahaku.fi\/index.php?rest_route=%2Fwp%2Fv2%2Fproduct_tag&post=28090"}],"curies":[{"name":"wp","href":"https:\/\/api.w.org\/{rel}","templated":true}]}}