{"id":28095,"date":"2021-02-21T15:57:00","date_gmt":"2021-02-21T15:57:00","guid":{"rendered":"https:\/\/www.autonvaraosahaku.fi\/?product=nipparts-j1338031-polttoainesuodatin"},"modified":"2021-02-21T15:57:03","modified_gmt":"2021-02-21T15:57:03","slug":"nipparts-j1338031-polttoainesuodatin","status":"publish","type":"product","link":"https:\/\/www.autonvaraosahaku.fi\/?product=nipparts-j1338031-polttoainesuodatin","title":{"rendered":"NIPPARTS J1338031 Polttoainesuodatin"},"content":{"rendered":"<p>Suodatintyyppi: Suodatinpanos; Korkeus (mm): 102; Sis\u00e4l\u00e4pimitta [mm]: 11; Ulkol\u00e4pimitta [mm]: 68; Sis\u00e4l\u00e4pimitta 2 [mm]: 24,5; Pakokaasunormi: Euro 4 (D4); CHEVROLET: CAPTIVA C100, C140,NUBIRA Kombi,EPICA KL1_,LACETTI J200,NUBIRA Stufenheck; SAAB: 9-3 YS3F,9-3 Kombi YS3F,9-3 Cabriolet YS3F; SUZUKI: SWIFT III MZ, EZ,SWIFT IV FZ, NZ,SX4 EY, GY,WAGON R+ MM,SPLASH,IGNIS II,SX4 S-Cross,VITARA LY; OPEL: CORSA C F08, F68,ZAFIRA B A05,ASTRA H Caravan L35,MERIVA,ASTRA H L48,VECTRA C Caravan,ASTRA H GTC L08,SIGNUM,VECTRA C,AGILA A H00,VECTRA C GTS,ANTARA,TIGRA TwinTop,ASTRA H TwinTop L67,COMBO Kasten\/Kombi,COMBO Tour,AGILA B H08,CORSA C Kasten F08, W5L,ASTRA H Kasten L70; LANCIA: YPSILON 843,MUSA 350; FIAT: PUNTO 188,PANDA 169,DUCATO Kasten 250,500 312,DUCATO Pritsche\/Fahrgestell 250,DUCATO Bus 250,DUCATO Kasten 244,DOBLO Cargo 223,500 C 312,DOBLO 119,CROMA 194,DUCATO Pritsche\/Fahrgestell 244,PANDA Van 169,DUCATO Bus 244, Z_,IDEA,SEDICI,STRADA Pick-up 178E,MULTIPLA 186,PUNTO Van 188AX; CITRO\u00cbN: JUMPER Kasten,JUMPER Kasten 244,JUMPER Bus,JUMPER Pritsche\/Fahrgestell,JUMPER Bus 244, Z_,JUMPER Pritsche\/Fahrgestell 244; PEUGEOT: BOXER Kasten,BOXER Kasten 244,BOXER Bus,BOXER Pritsche\/Fahrgestell,BOXER Bus 244, Z_,BOXER Pritsche\/Fahrgestell 244; 1606267680, 190697, 190698, 1906C4, 6001073287, 71746975, 71753841, 71773193, 77362340, 77363600, 77365864, 77365902, 1596790, 4708795, 4807214, 813569, 8135690, 818012, 818032, 95599700, 1606267680, 190697, 190698, 1906C4, 12762212, 1541184E50, 1541184E50, 1541184E50000, 1541184E60, 1541184E60000, 15411T84E60<\/p>\n","protected":false},"excerpt":{"rendered":"<p>NIPPARTS Polttoainesuodatin J1338031  CHEVROLET,SAAB,SUZUKI,CAPTIVA C100, C140,NUBIRA Kombi,EPICA KL1_,LACETTI J200,NUBIRA Stufenheck,9-3 YS3F<\/p>\n","protected":false},"featured_media":0,"template":"","meta":{"site-sidebar-layout":"default","site-content-layout":"default","ast-global-header-display":"","ast-main-header-display":"","ast-hfb-above-header-display":"","ast-hfb-below-header-display":"","ast-hfb-mobile-header-display":"","site-post-title":"","ast-breadcrumbs-content":"","ast-featured-img":"","footer-sml-layout":"","theme-transparent-header-meta":"","adv-header-id-meta":"","stick-header-meta":"","header-above-stick-meta":"","header-main-stick-meta":"","header-below-stick-meta":""},"pwb-brand":[335],"product_cat":[29],"product_tag":[],"class_list":{"0":"post-28095","1":"product","2":"type-product","3":"status-publish","5":"pwb-brand-nipparts","6":"product_cat-polttoainesuodatin","7":"desktop-align-left","8":"tablet-align-left","9":"mobile-align-left","11":"first","12":"instock","13":"product-type-external"},"brands":[{"id":335,"name":"NIPPARTS","slug":"nipparts"}],"_links":{"self":[{"href":"https:\/\/www.autonvaraosahaku.fi\/index.php?rest_route=\/wp\/v2\/product\/28095","targetHints":{"allow":["GET"]}}],"collection":[{"href":"https:\/\/www.autonvaraosahaku.fi\/index.php?rest_route=\/wp\/v2\/product"}],"about":[{"href":"https:\/\/www.autonvaraosahaku.fi\/index.php?rest_route=\/wp\/v2\/types\/product"}],"wp:attachment":[{"href":"https:\/\/www.autonvaraosahaku.fi\/index.php?rest_route=%2Fwp%2Fv2%2Fmedia&parent=28095"}],"wp:term":[{"taxonomy":"pwb-brand","embeddable":true,"href":"https:\/\/www.autonvaraosahaku.fi\/index.php?rest_route=%2Fwp%2Fv2%2Fpwb-brand&post=28095"},{"taxonomy":"product_cat","embeddable":true,"href":"https:\/\/www.autonvaraosahaku.fi\/index.php?rest_route=%2Fwp%2Fv2%2Fproduct_cat&post=28095"},{"taxonomy":"product_tag","embeddable":true,"href":"https:\/\/www.autonvaraosahaku.fi\/index.php?rest_route=%2Fwp%2Fv2%2Fproduct_tag&post=28095"}],"curies":[{"name":"wp","href":"https:\/\/api.w.org\/{rel}","templated":true}]}}