{"id":28101,"date":"2021-02-21T15:57:05","date_gmt":"2021-02-21T15:57:05","guid":{"rendered":"https:\/\/www.autonvaraosahaku.fi\/?product=sachs-3114-600-002-muut-luokat"},"modified":"2021-02-21T15:57:05","modified_gmt":"2021-02-21T15:57:05","slug":"sachs-3114-600-002-muut-luokat","status":"publish","type":"product","link":"https:\/\/www.autonvaraosahaku.fi\/?product=sachs-3114-600-002-muut-luokat","title":{"rendered":"SACHS 3114 600 002 Muut luokat"},"content":{"rendered":"<p>Kiinnitysreikien lukum\u00e4\u00e4r\u00e4: 3; Vaihteistomalli: MA; FIAT: QUBO 225,FIORINO Kasten\/Kombi 225; PEUGEOT: 206 Schr\u00e4gheck 2A\/C,206 CC 2D,207 WA_, WC_,307 SW 3H,207 CC WD_,307 CC 3B,307 3A\/C,207 SW WK_,206 SW 2E\/K,208,106 II 1,206+ T3E,307 Break 3E,306 Schr\u00e4gheck 7A, 7C, N3, N5,306 Cabriolet 7D, N3, N5,1007 KM_,106 I 1A, 1C,205 II 20A\/C,2008,PARTNER Kasten 5,306 Break 7E, N3, N5,306 7B, N3, N5,206 Stufenheck,BIPPER AA_,309 II 3C, 3A,BIPPER Tepee,405 I 15B,306 Van N_, 7_,405 I Break 15E,301,108,208 Kasten; CITRO\u00cbN: BERLINGO MF,C2 JM_,C3 I FC_,C4 I LC_,SAXO S0, S1,DS3,BERLINGO Kasten M_,C3 II,XSARA N1,C4 Coupe LA_,C3 Pluriel HB_,XSARA Break N2,XSARA Coupe N0,AX ZA-_,NEMO Kasten AA_,C4 Stufenheck L,ZX N2,BX XB-_,NEMO Kombi,DS3 Cabriolet,ZX Break N2,C15 VD-_,C-ELYSEE,C1 II,C4 CACTUS,C3 III SX,C3 AIRCROSS II; DS: DS 3,DS 3 Cabriolet; 9638950580, 1044105, 23111044105, 210514, 210538, 210538, 9638950580, 9638950580, 1044105, 23111044105, 321096F901, 210514, 210538<\/p>\n","protected":false},"excerpt":{"rendered":"<p>SACHS Ohjainhylsy, Kytkin 3114 600 002  FIAT,PEUGEOT,CITRO\u00cbN,QUBO 225,FIORINO Kasten\/Kombi 225,206 Schr\u00e4gheck 2A\/C,206 CC 2D,207 WA_, WC_,307 SW 3H<\/p>\n","protected":false},"featured_media":0,"template":"","meta":{"site-sidebar-layout":"default","site-content-layout":"default","ast-global-header-display":"","ast-main-header-display":"","ast-hfb-above-header-display":"","ast-hfb-below-header-display":"","ast-hfb-mobile-header-display":"","site-post-title":"","ast-breadcrumbs-content":"","ast-featured-img":"","footer-sml-layout":"","theme-transparent-header-meta":"","adv-header-id-meta":"","stick-header-meta":"","header-above-stick-meta":"","header-main-stick-meta":"","header-below-stick-meta":""},"pwb-brand":[91],"product_cat":[37],"product_tag":[],"class_list":{"0":"post-28101","1":"product","2":"type-product","3":"status-publish","5":"pwb-brand-sachs","6":"product_cat-muut-luokat","7":"desktop-align-left","8":"tablet-align-left","9":"mobile-align-left","11":"first","12":"instock","13":"product-type-external"},"brands":[{"id":91,"name":"SACHS","slug":"sachs"}],"_links":{"self":[{"href":"https:\/\/www.autonvaraosahaku.fi\/index.php?rest_route=\/wp\/v2\/product\/28101","targetHints":{"allow":["GET"]}}],"collection":[{"href":"https:\/\/www.autonvaraosahaku.fi\/index.php?rest_route=\/wp\/v2\/product"}],"about":[{"href":"https:\/\/www.autonvaraosahaku.fi\/index.php?rest_route=\/wp\/v2\/types\/product"}],"wp:attachment":[{"href":"https:\/\/www.autonvaraosahaku.fi\/index.php?rest_route=%2Fwp%2Fv2%2Fmedia&parent=28101"}],"wp:term":[{"taxonomy":"pwb-brand","embeddable":true,"href":"https:\/\/www.autonvaraosahaku.fi\/index.php?rest_route=%2Fwp%2Fv2%2Fpwb-brand&post=28101"},{"taxonomy":"product_cat","embeddable":true,"href":"https:\/\/www.autonvaraosahaku.fi\/index.php?rest_route=%2Fwp%2Fv2%2Fproduct_cat&post=28101"},{"taxonomy":"product_tag","embeddable":true,"href":"https:\/\/www.autonvaraosahaku.fi\/index.php?rest_route=%2Fwp%2Fv2%2Fproduct_tag&post=28101"}],"curies":[{"name":"wp","href":"https:\/\/api.w.org\/{rel}","templated":true}]}}