{"id":28112,"date":"2021-02-21T15:57:05","date_gmt":"2021-02-21T15:57:05","guid":{"rendered":"https:\/\/www.autonvaraosahaku.fi\/?product=topran-107-136-jousilautanen"},"modified":"2021-02-21T15:57:07","modified_gmt":"2021-02-21T15:57:07","slug":"topran-107-136-jousilautanen","status":"publish","type":"product","link":"https:\/\/www.autonvaraosahaku.fi\/?product=topran-107-136-jousilautanen","title":{"rendered":"TOPRAN 107 136 Jousilautanen"},"content":{"rendered":"<p>Asennuspuoli: Etuakseli, vasen, Etuakseli, oikea, Yl\u00e4puolella; Materiaali: Ter\u00e4slevy; Lukum\u00e4\u00e4r\u00e4 akselille: 2; Moottorinumero: ABN; VW: GOLF III 1H1,GOLF II 19E, 1G1,GOLF III Variant 1H5,VENTO 1H2,JETTA II 19E, 1G2, 165; SEAT: IBIZA II 6K1,CORDOBA 6K1, 6K2,TOLEDO I 1L; 191412341, 191412341<\/p>\n","protected":false},"excerpt":{"rendered":"<p>TOPRAN Jousilautanen 107 136  VW,SEAT,GOLF III 1H1,GOLF II 19E, 1G1,GOLF III Variant 1H5,VENTO 1H2,JETTA II 19E, 1G2, 165,IBIZA II 6K1<\/p>\n","protected":false},"featured_media":0,"template":"","meta":{"site-sidebar-layout":"default","site-content-layout":"default","ast-global-header-display":"","ast-main-header-display":"","ast-hfb-above-header-display":"","ast-hfb-below-header-display":"","ast-hfb-mobile-header-display":"","site-post-title":"","ast-breadcrumbs-content":"","ast-featured-img":"","footer-sml-layout":"","theme-transparent-header-meta":"","adv-header-id-meta":"","stick-header-meta":"","header-above-stick-meta":"","header-main-stick-meta":"","header-below-stick-meta":""},"pwb-brand":[18],"product_cat":[188],"product_tag":[],"class_list":{"0":"post-28112","1":"product","2":"type-product","3":"status-publish","5":"pwb-brand-topran","6":"product_cat-jousilautanen","7":"desktop-align-left","8":"tablet-align-left","9":"mobile-align-left","11":"first","12":"instock","13":"product-type-external"},"brands":[{"id":18,"name":"TOPRAN","slug":"topran"}],"_links":{"self":[{"href":"https:\/\/www.autonvaraosahaku.fi\/index.php?rest_route=\/wp\/v2\/product\/28112","targetHints":{"allow":["GET"]}}],"collection":[{"href":"https:\/\/www.autonvaraosahaku.fi\/index.php?rest_route=\/wp\/v2\/product"}],"about":[{"href":"https:\/\/www.autonvaraosahaku.fi\/index.php?rest_route=\/wp\/v2\/types\/product"}],"wp:attachment":[{"href":"https:\/\/www.autonvaraosahaku.fi\/index.php?rest_route=%2Fwp%2Fv2%2Fmedia&parent=28112"}],"wp:term":[{"taxonomy":"pwb-brand","embeddable":true,"href":"https:\/\/www.autonvaraosahaku.fi\/index.php?rest_route=%2Fwp%2Fv2%2Fpwb-brand&post=28112"},{"taxonomy":"product_cat","embeddable":true,"href":"https:\/\/www.autonvaraosahaku.fi\/index.php?rest_route=%2Fwp%2Fv2%2Fproduct_cat&post=28112"},{"taxonomy":"product_tag","embeddable":true,"href":"https:\/\/www.autonvaraosahaku.fi\/index.php?rest_route=%2Fwp%2Fv2%2Fproduct_tag&post=28112"}],"curies":[{"name":"wp","href":"https:\/\/api.w.org\/{rel}","templated":true}]}}