{"id":28143,"date":"2021-02-21T15:57:14","date_gmt":"2021-02-21T15:57:14","guid":{"rendered":"https:\/\/www.autonvaraosahaku.fi\/?product=lpr-00889-jarrukengat"},"modified":"2021-02-21T15:57:15","modified_gmt":"2021-02-21T15:57:15","slug":"lpr-00889-jarrukengat","status":"publish","type":"product","link":"https:\/\/www.autonvaraosahaku.fi\/?product=lpr-00889-jarrukengat","title":{"rendered":"LPR 00889 Jarrukeng\u00e4t"},"content":{"rendered":"<p>Jarruj\u00e4rjestelm\u00e4: BENDIX, BENDIX; L\u00e4pimitta [mm]: 185; Leveys (mm): 31; Asennuspuoli: Vorderachse; FIAT: SEICENTO 187,PUNTO 176,CINQUECENTO 170,PANDA 141A_,PUNTO Cabriolet 176C,126,500,UNO 146A\/E,127,FIORINO Kasten 146,SEICENTO Van 187,850 Spider,TIPO 160,850,128 Coupe,128,PANDA Van 141_,TEMPRA 159,RITMO I 138A,PUNTO Van 176L,FIORINO Pick up 146,500 Kombi,FIORINO 147,REGATA 138,RITMO Cabriolet,127 Panorama,128 Familiare,FIORINO 127,147,FIORINO Pick up 147,REGATA Weekend 138,147 Panorama,DUNA 146 B,ELBA 146_,DUNA Weekend 146 B; SEAT: MARBELLA 28,IBIZA I 021A,TERRA Kasten 024A,127 127A,MARBELLA Kasten 028A,MALAGA 023A,TERRA 24,133,850,128,RONDA 022A,PANDA 141A,FURA 025A,RITMO 138; LANCIA: DELTA I 831AB0,Y10 156,A 112,PRISMA 831AB0; AUTOBIANCHI: A 112,Y10; ZASTAVA: 750,101 1100,YUGO,YUGO FLORIDA; INNOCENTI: ELBA 146; Jarrukenk\u00e4sarja<\/p>\n","protected":false},"excerpt":{"rendered":"<p>LPR Jarrukeng\u00e4t 00889 Jarrukenk\u00e4sarja FIAT,SEAT,LANCIA,SEICENTO 187,PUNTO 176,CINQUECENTO 170,PANDA 141A_,PUNTO Cabriolet 176C,126,500,UNO 146A\/E,127<\/p>\n","protected":false},"featured_media":0,"template":"","meta":{"site-sidebar-layout":"default","site-content-layout":"default","ast-global-header-display":"","ast-main-header-display":"","ast-hfb-above-header-display":"","ast-hfb-below-header-display":"","ast-hfb-mobile-header-display":"","site-post-title":"","ast-breadcrumbs-content":"","ast-featured-img":"","footer-sml-layout":"","theme-transparent-header-meta":"","adv-header-id-meta":"","stick-header-meta":"","header-above-stick-meta":"","header-main-stick-meta":"","header-below-stick-meta":""},"pwb-brand":[238],"product_cat":[176],"product_tag":[],"class_list":{"0":"post-28143","1":"product","2":"type-product","3":"status-publish","5":"pwb-brand-lpr","6":"product_cat-jarrukengat","7":"desktop-align-left","8":"tablet-align-left","9":"mobile-align-left","11":"first","12":"instock","13":"product-type-external"},"brands":[{"id":238,"name":"LPR","slug":"lpr"}],"_links":{"self":[{"href":"https:\/\/www.autonvaraosahaku.fi\/index.php?rest_route=\/wp\/v2\/product\/28143","targetHints":{"allow":["GET"]}}],"collection":[{"href":"https:\/\/www.autonvaraosahaku.fi\/index.php?rest_route=\/wp\/v2\/product"}],"about":[{"href":"https:\/\/www.autonvaraosahaku.fi\/index.php?rest_route=\/wp\/v2\/types\/product"}],"wp:attachment":[{"href":"https:\/\/www.autonvaraosahaku.fi\/index.php?rest_route=%2Fwp%2Fv2%2Fmedia&parent=28143"}],"wp:term":[{"taxonomy":"pwb-brand","embeddable":true,"href":"https:\/\/www.autonvaraosahaku.fi\/index.php?rest_route=%2Fwp%2Fv2%2Fpwb-brand&post=28143"},{"taxonomy":"product_cat","embeddable":true,"href":"https:\/\/www.autonvaraosahaku.fi\/index.php?rest_route=%2Fwp%2Fv2%2Fproduct_cat&post=28143"},{"taxonomy":"product_tag","embeddable":true,"href":"https:\/\/www.autonvaraosahaku.fi\/index.php?rest_route=%2Fwp%2Fv2%2Fproduct_tag&post=28143"}],"curies":[{"name":"wp","href":"https:\/\/api.w.org\/{rel}","templated":true}]}}