{"id":28150,"date":"2021-02-21T15:57:14","date_gmt":"2021-02-21T15:57:14","guid":{"rendered":"https:\/\/www.autonvaraosahaku.fi\/?product=febi-bilstein-13462-sytytystulpat"},"modified":"2021-02-21T15:57:16","modified_gmt":"2021-02-21T15:57:16","slug":"febi-bilstein-13462-sytytystulpat","status":"publish","type":"product","link":"https:\/\/www.autonvaraosahaku.fi\/?product=febi-bilstein-13462-sytytystulpat","title":{"rendered":"FEBI BILSTEIN 13462 Sytytystulpat"},"content":{"rendered":"<p>Ulkokierre [mm]: M14 x 1,25; Kierteen pituus (mm): 25; Avainv\u00e4li: 16; K\u00e4rkiv\u00e4li (mm): 1,1; Sytytystulppa: kartioistukalla, 1-maaelektroodi; Paino [kg]: 0,041, 0,041; Huomioi tekniset tiedot: ; MAZDA: 2 DY,MX-5 III NC,121 III JASM, JBSM; FORD: FIESTA V JH_, JD_,FOCUS II Kombi DA_,FIESTA VI,FOCUS Kombi DNW,FOCUS II DA_,FOCUS DAW, DBW,FOCUS C-MAX,FIESTA IV JA_, JB_,FUSION JU_,KA RB_,MAVERICK,FOCUS Stufenheck DFW,STREET KA RL2,MONDEO II Kombi BNP,FIESTA III GFJ,TRANSIT CONNECT P65_, P70_, P80_,FOCUS II Stufenheck DA_,FOCUS II Cabriolet,COUGAR EC_,MONDEO II BAP,TOURNEO CONNECT,FIESTA Stufenheck JAS JBS,PUMA EC_,ESCORT VII GAL, AAL, ABL,MONDEO II Stufenheck BFP,MONDEO I Kombi BNP,MONDEO I GBP,ESCORT VII Kombi GAL, ANL,FIESTA V Van,ESCORT VII Cabriolet ALL,FIESTA VI Van,ESCORT VI Cabriolet ALL,ESCORT VI GAL,ESCORT V Cabriolet ALL,MONDEO I Stufenheck GBP,ESCORT V GAL,ESCORT VII Stufenheck GAL, AFL,KA Van RB,ESCORT VI Kombi GAL,ESCORT CLASSIC AAL, ABL,ESCORT CLASSIC Turnier ANL,ESCORT VI Stufenheck GAL,ESCORT V Kombi GAL, AVL,ORION III GAL; 1077002, 1088847, 1090749, 1097080, 1136392, 1151226, 1152355, 1202935, 1219309, 1233897, 1255464, 1327341, 1335367, 1349858, 1350742, 1362012, 1439595, 1493001, 1663395, 3966269, 5099758, 6697953, 6726180, 1M5O12405CA, 2U7J12405AA, 4M5G12405XA, 4M5G12405XB, 4M5G12405XC, XS6F12405BA, YN2F12405AA, YN2J12405AA, 1E0518110, 1E0518110A, 1E0518110B, 1E0618110, 1E0618110A, 1E0618110B, C20118110, C40118110, C40118110A, C40118110B, C40218110, C40218110A, 30731425, 30735760, 30777348, 31216290, 31251481; Tulpat,Sytytystulppa<\/p>\n","protected":false},"excerpt":{"rendered":"<p>FEBI BILSTEIN Sytytystulpat 13462 Tulpat,Sytytystulppa MAZDA,FORD,2 DY,MX-5 III NC,121 III JASM, JBSM,FIESTA V JH_, JD_,FOCUS II Kombi DA_,FIESTA VI<\/p>\n","protected":false},"featured_media":0,"template":"","meta":{"site-sidebar-layout":"default","site-content-layout":"default","ast-global-header-display":"","ast-main-header-display":"","ast-hfb-above-header-display":"","ast-hfb-below-header-display":"","ast-hfb-mobile-header-display":"","site-post-title":"","ast-breadcrumbs-content":"","ast-featured-img":"","footer-sml-layout":"","theme-transparent-header-meta":"","adv-header-id-meta":"","stick-header-meta":"","header-above-stick-meta":"","header-main-stick-meta":"","header-below-stick-meta":""},"pwb-brand":[50],"product_cat":[165],"product_tag":[],"class_list":{"0":"post-28150","1":"product","2":"type-product","3":"status-publish","5":"pwb-brand-febi-bilstein","6":"product_cat-sytytystulpat","7":"desktop-align-left","8":"tablet-align-left","9":"mobile-align-left","11":"first","12":"instock","13":"product-type-external"},"brands":[{"id":50,"name":"FEBI BILSTEIN","slug":"febi-bilstein"}],"_links":{"self":[{"href":"https:\/\/www.autonvaraosahaku.fi\/index.php?rest_route=\/wp\/v2\/product\/28150","targetHints":{"allow":["GET"]}}],"collection":[{"href":"https:\/\/www.autonvaraosahaku.fi\/index.php?rest_route=\/wp\/v2\/product"}],"about":[{"href":"https:\/\/www.autonvaraosahaku.fi\/index.php?rest_route=\/wp\/v2\/types\/product"}],"wp:attachment":[{"href":"https:\/\/www.autonvaraosahaku.fi\/index.php?rest_route=%2Fwp%2Fv2%2Fmedia&parent=28150"}],"wp:term":[{"taxonomy":"pwb-brand","embeddable":true,"href":"https:\/\/www.autonvaraosahaku.fi\/index.php?rest_route=%2Fwp%2Fv2%2Fpwb-brand&post=28150"},{"taxonomy":"product_cat","embeddable":true,"href":"https:\/\/www.autonvaraosahaku.fi\/index.php?rest_route=%2Fwp%2Fv2%2Fproduct_cat&post=28150"},{"taxonomy":"product_tag","embeddable":true,"href":"https:\/\/www.autonvaraosahaku.fi\/index.php?rest_route=%2Fwp%2Fv2%2Fproduct_tag&post=28150"}],"curies":[{"name":"wp","href":"https:\/\/api.w.org\/{rel}","templated":true}]}}