{"id":28234,"date":"2021-02-21T15:57:32","date_gmt":"2021-02-21T15:57:32","guid":{"rendered":"https:\/\/www.autonvaraosahaku.fi\/?product=topran-721-308-muut-luokat"},"modified":"2021-02-21T15:57:35","modified_gmt":"2021-02-21T15:57:35","slug":"topran-721-308-muut-luokat","status":"publish","type":"product","link":"https:\/\/www.autonvaraosahaku.fi\/?product=topran-721-308-muut-luokat","title":{"rendered":"TOPRAN 721 308 Muut luokat"},"content":{"rendered":"<p>S\u00e4\u00e4dett\u00e4v\u00e4: S\u00e4\u00e4dett\u00e4v\u00e4; Vaihteistomalli: K\u00e4sivaihteistolle; Muoto: Muoto eroaa alkuper\u00e4isest\u00e4; suurin pituus [mm]: 115; v\u00e4h. pituus [mm]: 102; Varren muoto: Suora; Vaihdelaatikon numero: BE3; CITRO\u00cbN: BERLINGO MF,BERLINGO Kasten M_,XSARA N1,XSARA Break N2,XANTIA X2,XANTIA X1,XANTIA Break X2,ZX N2,XANTIA Break X1,ZX Break N2; PEUGEOT: 306 Schr\u00e4gheck 7A, 7C, N3, N5,306 Cabriolet 7D, N3, N5,406 Break 8E\/F,PARTNER Combispace 5F,PARTNER Kasten 5,306 Break 7E, N3, N5,406 8B,306 7B, N3, N5,405 II 4B,405 II Break 4E; 2454A3, 2454E5, 2454E6, 2454E9, 2454F7, 2454A3, 2454E5, 2454E6, 2454E9, 2454F7<\/p>\n","protected":false},"excerpt":{"rendered":"<p>TOPRAN Vaihteenvalitsin\/Siirtotanko 721 308  CITRO\u00cbN,PEUGEOT,BERLINGO MF,BERLINGO Kasten M_,XSARA N1,XSARA Break N2,XANTIA X2,XANTIA X1<\/p>\n","protected":false},"featured_media":0,"template":"","meta":{"site-sidebar-layout":"default","site-content-layout":"default","ast-global-header-display":"","ast-main-header-display":"","ast-hfb-above-header-display":"","ast-hfb-below-header-display":"","ast-hfb-mobile-header-display":"","site-post-title":"","ast-breadcrumbs-content":"","ast-featured-img":"","footer-sml-layout":"","theme-transparent-header-meta":"","adv-header-id-meta":"","stick-header-meta":"","header-above-stick-meta":"","header-main-stick-meta":"","header-below-stick-meta":""},"pwb-brand":[18],"product_cat":[37],"product_tag":[],"class_list":{"0":"post-28234","1":"product","2":"type-product","3":"status-publish","5":"pwb-brand-topran","6":"product_cat-muut-luokat","7":"desktop-align-left","8":"tablet-align-left","9":"mobile-align-left","11":"first","12":"instock","13":"product-type-external"},"brands":[{"id":18,"name":"TOPRAN","slug":"topran"}],"_links":{"self":[{"href":"https:\/\/www.autonvaraosahaku.fi\/index.php?rest_route=\/wp\/v2\/product\/28234","targetHints":{"allow":["GET"]}}],"collection":[{"href":"https:\/\/www.autonvaraosahaku.fi\/index.php?rest_route=\/wp\/v2\/product"}],"about":[{"href":"https:\/\/www.autonvaraosahaku.fi\/index.php?rest_route=\/wp\/v2\/types\/product"}],"wp:attachment":[{"href":"https:\/\/www.autonvaraosahaku.fi\/index.php?rest_route=%2Fwp%2Fv2%2Fmedia&parent=28234"}],"wp:term":[{"taxonomy":"pwb-brand","embeddable":true,"href":"https:\/\/www.autonvaraosahaku.fi\/index.php?rest_route=%2Fwp%2Fv2%2Fpwb-brand&post=28234"},{"taxonomy":"product_cat","embeddable":true,"href":"https:\/\/www.autonvaraosahaku.fi\/index.php?rest_route=%2Fwp%2Fv2%2Fproduct_cat&post=28234"},{"taxonomy":"product_tag","embeddable":true,"href":"https:\/\/www.autonvaraosahaku.fi\/index.php?rest_route=%2Fwp%2Fv2%2Fproduct_tag&post=28234"}],"curies":[{"name":"wp","href":"https:\/\/api.w.org\/{rel}","templated":true}]}}