{"id":28235,"date":"2021-02-21T15:57:32","date_gmt":"2021-02-21T15:57:32","guid":{"rendered":"https:\/\/www.autonvaraosahaku.fi\/?product=topran-112-408-lasinnostimen-kytkin"},"modified":"2021-02-21T15:57:35","modified_gmt":"2021-02-21T15:57:35","slug":"topran-112-408-lasinnostimen-kytkin","status":"publish","type":"product","link":"https:\/\/www.autonvaraosahaku.fi\/?product=topran-112-408-lasinnostimen-kytkin","title":{"rendered":"TOPRAN 112 408 Lasinnostimen kytkin"},"content":{"rendered":"<p>Asennuspuoli: Edess\u00e4, Etu, vasen, Ajoneuvo-ovi; Oviluku: 4; Varusteet: ajon. s\u00e4hk\u00f6-ikkunanostimilla edess\u00e4 ja takana; V\u00e4ri: Musta; Vasen \/ oikea liikenne: Oikean-\/vasemmanpuolinen ohjaus; Katkaisijavalaistus: Punainen; Materiaali: Muovi; Yhdistelm\u00e4kytkintoiminto: Turvakytkint\u00e4; Mukavuusvarusteet: ajoneuvoille keskuslukituksella; Kotelomateriaali: Muovi; K\u00e4ytt\u00f6tapa: Vipukytkin; Moottorinumero: AEB; VW: GOLF IV 1J1,PASSAT Variant 3B6,GOLF IV Variant 1J5,PASSAT Variant 3B5,BORA 1J2,PASSAT 3B2,PASSAT 3B3,BORA Kombi 1J6; SEAT: LEON 1M1,TOLEDO II 1M2; 1J4959857, 1J4959857B, 1J4959857D, 1J4959857, 1J4959857B, 1J4959857D; Kytkin, Lasinnostin<\/p>\n","protected":false},"excerpt":{"rendered":"<p>TOPRAN Lasinnostimen Kytkin 112 408 Kytkin, Lasinnostin VW,SEAT,GOLF IV 1J1,PASSAT Variant 3B6,GOLF IV Variant 1J5,PASSAT Variant 3B5,BORA 1J2<\/p>\n","protected":false},"featured_media":0,"template":"","meta":{"site-sidebar-layout":"default","site-content-layout":"default","ast-global-header-display":"","ast-main-header-display":"","ast-hfb-above-header-display":"","ast-hfb-below-header-display":"","ast-hfb-mobile-header-display":"","site-post-title":"","ast-breadcrumbs-content":"","ast-featured-img":"","footer-sml-layout":"","theme-transparent-header-meta":"","adv-header-id-meta":"","stick-header-meta":"","header-above-stick-meta":"","header-main-stick-meta":"","header-below-stick-meta":""},"pwb-brand":[18],"product_cat":[135],"product_tag":[],"class_list":{"0":"post-28235","1":"product","2":"type-product","3":"status-publish","5":"pwb-brand-topran","6":"product_cat-lasinnostimen-kytkin","7":"desktop-align-left","8":"tablet-align-left","9":"mobile-align-left","11":"first","12":"instock","13":"product-type-external"},"brands":[{"id":18,"name":"TOPRAN","slug":"topran"}],"_links":{"self":[{"href":"https:\/\/www.autonvaraosahaku.fi\/index.php?rest_route=\/wp\/v2\/product\/28235","targetHints":{"allow":["GET"]}}],"collection":[{"href":"https:\/\/www.autonvaraosahaku.fi\/index.php?rest_route=\/wp\/v2\/product"}],"about":[{"href":"https:\/\/www.autonvaraosahaku.fi\/index.php?rest_route=\/wp\/v2\/types\/product"}],"wp:attachment":[{"href":"https:\/\/www.autonvaraosahaku.fi\/index.php?rest_route=%2Fwp%2Fv2%2Fmedia&parent=28235"}],"wp:term":[{"taxonomy":"pwb-brand","embeddable":true,"href":"https:\/\/www.autonvaraosahaku.fi\/index.php?rest_route=%2Fwp%2Fv2%2Fpwb-brand&post=28235"},{"taxonomy":"product_cat","embeddable":true,"href":"https:\/\/www.autonvaraosahaku.fi\/index.php?rest_route=%2Fwp%2Fv2%2Fproduct_cat&post=28235"},{"taxonomy":"product_tag","embeddable":true,"href":"https:\/\/www.autonvaraosahaku.fi\/index.php?rest_route=%2Fwp%2Fv2%2Fproduct_tag&post=28235"}],"curies":[{"name":"wp","href":"https:\/\/api.w.org\/{rel}","templated":true}]}}