{"id":28252,"date":"2021-02-21T15:57:37","date_gmt":"2021-02-21T15:57:37","guid":{"rendered":"https:\/\/www.autonvaraosahaku.fi\/?product=ridex-4272s0010-anturit-sensorit"},"modified":"2021-02-21T15:57:39","modified_gmt":"2021-02-21T15:57:39","slug":"ridex-4272s0010-anturit-sensorit","status":"publish","type":"product","link":"https:\/\/www.autonvaraosahaku.fi\/?product=ridex-4272s0010-anturit-sensorit","title":{"rendered":"RIDEX 4272S0010 Anturit (sensorit)"},"content":{"rendered":"<p>Pakoputkisto: autoille alkuper\u00e4isasennetulla noki-\/hiukkassuodattimella; Asennuspuoli: Hiukkassuodatin; Napojen m\u00e4\u00e4r\u00e4: 3; Valmistusp\u00e4iv\u00e4m\u00e4\u00e4r\u00e4st\u00e4: 15.03.2010; FORD: MONDEO IV Turnier BA7,S-MAX WA6,FOCUS III Turnier,GALAXY WA6,KUGA I,FOCUS III,C-MAX II,MONDEO IV BA7,GRAND C-MAX,FOCUS III Stufenheck,MONDEO IV Stufenheck BA7,GRAND C-MAX Van; 1681883, 1684593, 1698614, 1775946, 1786775, AG915H209BA, AG915H209BAA, AV615H209EA, AV615L200AA, AV615L200AB, 31319635, 31338869; Sensori Pakokaasupaine<\/p>\n","protected":false},"excerpt":{"rendered":"<p>RIDEX DPF Paine-Eroanturi 4272S0010 Sensori Pakokaasupaine FORD,MONDEO IV Turnier BA7,S-MAX WA6,FOCUS III Turnier,GALAXY WA6,KUGA I,FOCUS III,C-MAX II<\/p>\n","protected":false},"featured_media":0,"template":"","meta":{"site-sidebar-layout":"default","site-content-layout":"default","ast-global-header-display":"","ast-main-header-display":"","ast-hfb-above-header-display":"","ast-hfb-below-header-display":"","ast-hfb-mobile-header-display":"","site-post-title":"","ast-breadcrumbs-content":"","ast-featured-img":"","footer-sml-layout":"","theme-transparent-header-meta":"","adv-header-id-meta":"","stick-header-meta":"","header-above-stick-meta":"","header-main-stick-meta":"","header-below-stick-meta":""},"pwb-brand":[157],"product_cat":[98],"product_tag":[],"class_list":{"0":"post-28252","1":"product","2":"type-product","3":"status-publish","5":"pwb-brand-ridex","6":"product_cat-anturit-sensorit","7":"desktop-align-left","8":"tablet-align-left","9":"mobile-align-left","11":"first","12":"instock","13":"product-type-external"},"brands":[{"id":157,"name":"RIDEX","slug":"ridex"}],"_links":{"self":[{"href":"https:\/\/www.autonvaraosahaku.fi\/index.php?rest_route=\/wp\/v2\/product\/28252","targetHints":{"allow":["GET"]}}],"collection":[{"href":"https:\/\/www.autonvaraosahaku.fi\/index.php?rest_route=\/wp\/v2\/product"}],"about":[{"href":"https:\/\/www.autonvaraosahaku.fi\/index.php?rest_route=\/wp\/v2\/types\/product"}],"wp:attachment":[{"href":"https:\/\/www.autonvaraosahaku.fi\/index.php?rest_route=%2Fwp%2Fv2%2Fmedia&parent=28252"}],"wp:term":[{"taxonomy":"pwb-brand","embeddable":true,"href":"https:\/\/www.autonvaraosahaku.fi\/index.php?rest_route=%2Fwp%2Fv2%2Fpwb-brand&post=28252"},{"taxonomy":"product_cat","embeddable":true,"href":"https:\/\/www.autonvaraosahaku.fi\/index.php?rest_route=%2Fwp%2Fv2%2Fproduct_cat&post=28252"},{"taxonomy":"product_tag","embeddable":true,"href":"https:\/\/www.autonvaraosahaku.fi\/index.php?rest_route=%2Fwp%2Fv2%2Fproduct_tag&post=28252"}],"curies":[{"name":"wp","href":"https:\/\/api.w.org\/{rel}","templated":true}]}}