{"id":28274,"date":"2021-02-21T15:57:41","date_gmt":"2021-02-21T15:57:41","guid":{"rendered":"https:\/\/www.autonvaraosahaku.fi\/?product=elring-821-020-pakosarjan-tiivisteet"},"modified":"2021-02-21T15:57:44","modified_gmt":"2021-02-21T15:57:44","slug":"elring-821-020-pakosarjan-tiivisteet","status":"publish","type":"product","link":"https:\/\/www.autonvaraosahaku.fi\/?product=elring-821-020-pakosarjan-tiivisteet","title":{"rendered":"ELRING 821.020 Pakosarjan tiivisteet"},"content":{"rendered":"<p>Asennuspuoli: Sylinterikansi; Tarvittava kappalem\u00e4\u00e4r\u00e4: 2; BMW: 3 Compact E36,3 E36,3 E30,3 Coupe E36,Z3 E36,5 E34,3 Cabriolet E30,3 Cabriolet E36,5 Touring E34; 11621728981, 11621728983, 11621728984, 17289812, 17289839, 17289849, 17289859, 17289869; Tiiviste, Pakosarja<\/p>\n","protected":false},"excerpt":{"rendered":"<p>ELRING Pakosarjan Tiivisteet 821.020 Tiiviste, Pakosarja BMW,3 Compact E36,3 E36,3 E30,3 Coupe E36,Z3 E36,5 E34,3 Cabriolet E30,3 Cabriolet E36<\/p>\n","protected":false},"featured_media":0,"template":"","meta":{"site-sidebar-layout":"default","site-content-layout":"default","ast-global-header-display":"","ast-main-header-display":"","ast-hfb-above-header-display":"","ast-hfb-below-header-display":"","ast-hfb-mobile-header-display":"","site-post-title":"","ast-breadcrumbs-content":"","ast-featured-img":"","footer-sml-layout":"","theme-transparent-header-meta":"","adv-header-id-meta":"","stick-header-meta":"","header-above-stick-meta":"","header-main-stick-meta":"","header-below-stick-meta":""},"pwb-brand":[26],"product_cat":[123],"product_tag":[],"class_list":{"0":"post-28274","1":"product","2":"type-product","3":"status-publish","5":"pwb-brand-elring","6":"product_cat-pakosarjan-tiivisteet","7":"desktop-align-left","8":"tablet-align-left","9":"mobile-align-left","11":"first","12":"instock","13":"product-type-external"},"brands":[{"id":26,"name":"ELRING","slug":"elring"}],"_links":{"self":[{"href":"https:\/\/www.autonvaraosahaku.fi\/index.php?rest_route=\/wp\/v2\/product\/28274","targetHints":{"allow":["GET"]}}],"collection":[{"href":"https:\/\/www.autonvaraosahaku.fi\/index.php?rest_route=\/wp\/v2\/product"}],"about":[{"href":"https:\/\/www.autonvaraosahaku.fi\/index.php?rest_route=\/wp\/v2\/types\/product"}],"wp:attachment":[{"href":"https:\/\/www.autonvaraosahaku.fi\/index.php?rest_route=%2Fwp%2Fv2%2Fmedia&parent=28274"}],"wp:term":[{"taxonomy":"pwb-brand","embeddable":true,"href":"https:\/\/www.autonvaraosahaku.fi\/index.php?rest_route=%2Fwp%2Fv2%2Fpwb-brand&post=28274"},{"taxonomy":"product_cat","embeddable":true,"href":"https:\/\/www.autonvaraosahaku.fi\/index.php?rest_route=%2Fwp%2Fv2%2Fproduct_cat&post=28274"},{"taxonomy":"product_tag","embeddable":true,"href":"https:\/\/www.autonvaraosahaku.fi\/index.php?rest_route=%2Fwp%2Fv2%2Fproduct_tag&post=28274"}],"curies":[{"name":"wp","href":"https:\/\/api.w.org\/{rel}","templated":true}]}}