{"id":28289,"date":"2021-02-21T15:57:46","date_gmt":"2021-02-21T15:57:46","guid":{"rendered":"https:\/\/www.autonvaraosahaku.fi\/?product=febi-bilstein-07742-moottorin-kumityyny"},"modified":"2021-02-21T15:57:48","modified_gmt":"2021-02-21T15:57:48","slug":"febi-bilstein-07742-moottorin-kumityyny","status":"publish","type":"product","link":"https:\/\/www.autonvaraosahaku.fi\/?product=febi-bilstein-07742-moottorin-kumityyny","title":{"rendered":"FEBI BILSTEIN 07742 Moottorin kumityyny"},"content":{"rendered":"<p>Pituus (mm): 70, 34; Leveys (mm): 30,3; Ulkol\u00e4pimitta [mm]: 46,5, 50,0; Ulkokierre [mm]: M8 x 1,25; V\u00e4rimerkint\u00e4: Vihre\u00e4; Materiaali: Kumi-metalli; Kiinnitysmalli: Kumimetallilaakeri; Paino [kg]: 0,08, 0,08; Valmistusvuoteen: 03\/1993; BMW: 3 E46,3 Touring E91,3 E90,5 E39,1 E87,3 Touring E46,5 Touring E39,3 Compact E46,3 Coupe E46,X1 E84,1 E81,3 Compact E36,3 E36,3 E30,3 Coupe E92,3 Cabriolet E46,3 Coupe E36,5 E34,3 Cabriolet E93,3 Cabriolet E36,3 Touring E36,1 Cabriolet E88,1 Coupe E82; 22316753316, 22316771220, 22316799330, 23701138517; Vaihteiston Tuki, Autom.<\/p>\n","protected":false},"excerpt":{"rendered":"<p>FEBI BILSTEIN Vaihdelaatikon Tukikumit 07742 Vaihteiston Tuki, Autom. BMW,3 E46,3 Touring E91,3 E90,5 E39,1 E87,3 Touring E46,5 Touring E39<\/p>\n","protected":false},"featured_media":0,"template":"","meta":{"site-sidebar-layout":"default","site-content-layout":"default","ast-global-header-display":"","ast-main-header-display":"","ast-hfb-above-header-display":"","ast-hfb-below-header-display":"","ast-hfb-mobile-header-display":"","site-post-title":"","ast-breadcrumbs-content":"","ast-featured-img":"","footer-sml-layout":"","theme-transparent-header-meta":"","adv-header-id-meta":"","stick-header-meta":"","header-above-stick-meta":"","header-main-stick-meta":"","header-below-stick-meta":""},"pwb-brand":[50],"product_cat":[74],"product_tag":[],"class_list":{"0":"post-28289","1":"product","2":"type-product","3":"status-publish","5":"pwb-brand-febi-bilstein","6":"product_cat-moottorin-kumityyny","7":"desktop-align-left","8":"tablet-align-left","9":"mobile-align-left","11":"first","12":"instock","13":"product-type-external"},"brands":[{"id":50,"name":"FEBI BILSTEIN","slug":"febi-bilstein"}],"_links":{"self":[{"href":"https:\/\/www.autonvaraosahaku.fi\/index.php?rest_route=\/wp\/v2\/product\/28289","targetHints":{"allow":["GET"]}}],"collection":[{"href":"https:\/\/www.autonvaraosahaku.fi\/index.php?rest_route=\/wp\/v2\/product"}],"about":[{"href":"https:\/\/www.autonvaraosahaku.fi\/index.php?rest_route=\/wp\/v2\/types\/product"}],"wp:attachment":[{"href":"https:\/\/www.autonvaraosahaku.fi\/index.php?rest_route=%2Fwp%2Fv2%2Fmedia&parent=28289"}],"wp:term":[{"taxonomy":"pwb-brand","embeddable":true,"href":"https:\/\/www.autonvaraosahaku.fi\/index.php?rest_route=%2Fwp%2Fv2%2Fpwb-brand&post=28289"},{"taxonomy":"product_cat","embeddable":true,"href":"https:\/\/www.autonvaraosahaku.fi\/index.php?rest_route=%2Fwp%2Fv2%2Fproduct_cat&post=28289"},{"taxonomy":"product_tag","embeddable":true,"href":"https:\/\/www.autonvaraosahaku.fi\/index.php?rest_route=%2Fwp%2Fv2%2Fproduct_tag&post=28289"}],"curies":[{"name":"wp","href":"https:\/\/api.w.org\/{rel}","templated":true}]}}