{"id":28312,"date":"2021-02-21T15:57:51","date_gmt":"2021-02-21T15:57:51","guid":{"rendered":"https:\/\/www.autonvaraosahaku.fi\/?product=valeo-587000-polttoainesuodatin"},"modified":"2021-02-21T15:57:53","modified_gmt":"2021-02-21T15:57:53","slug":"valeo-587000-polttoainesuodatin","status":"publish","type":"product","link":"https:\/\/www.autonvaraosahaku.fi\/?product=valeo-587000-polttoainesuodatin","title":{"rendered":"VALEO 587000 Polttoainesuodatin"},"content":{"rendered":"<p>Ulkol\u00e4pimitta [mm]: 36; Kierre sis\u00e4\u00e4ntulo: 6,5; Kierre ulostulo: 6,5; Korkeus (mm): 108; Suodatintyyppi: Letkusuodatin; Paino [kg]: 0,024; Moottorinumero: M10B16V; BMW: 3 E30,7 E65, E66, E67,02 E10,5 E28,3 E21,5 E12,02 Touring E6,02 Cabriolet E10; OPEL: OMEGA A 16_, 17_, 19_,KADETT E CC 33_, 34_, 43_, 44_,KADETT E Cabriolet 43B_,ASCONA B 81_, 86_, 87_, 88_,OMEGA A Caravan 66_, 67_,KADETT D 31_-34_, 41_-44_,KADETT E 39_, 49_,KADETT E Caravan 35_, 36_, 45_, 46_,KADETT D 32_,37_,39, _42,KADETT D Caravan 35_, 36_, 45_, 46_,KADETT E Kasten 37_, 47_,KADETT E Combo 38_, 48_; FORD: FIESTA III GFJ,ESCORT IV Cabriolet ALF,SIERRA GBG, GB4,ESCORT VI GAL,SIERRA Schr\u00e4gheck GBC, GBG,TRANSIT Kasten T_ _,FIESTA I GFBT,ESCORT IV GAF, AWF, ABFT,FIESTA II FBD,TRANSIT Bus T_ _,CAPRI III GECP,ESCORT II ATH,ESCORT III GAA,ESCORT I AFH, ATH,ESCORT V GAL,SIERRA Kombi BNG,ESCORT III Cabriolet ALD,CAPRI II GECP,ORION II AFF,ESCORT IV Kombi AWF, AVF,ESCORT &#8217;86 Express AVF,ESCORT V Kombi GAL, AVL,ESCORT &#8217;91 Express AVL,FIESTA Kasten WFVT,ORION III GAL,ESCORT II Kombi,ESCORT III Kombi AWA,ORION I AFD,ESCORT &#8217;81 Express AVA; RENAULT: 4 112_,5 122_,4 Kasten R21_, R23_,TRAFIC Kasten TXX,9 L42_,TRAFIC Bus TXW,ESPACE I J11_,12,11 B\/C37_,16 115_,25 B29_,MASTER I Kasten T__,TRAFIC Kasten T1, T3, T4,6 118_,TRAFIC Bus T5, T6, T7,18 134_,11 Kasten S37_,18 Variable 135_,5 Kasten 238_,30 127_,FUEGO 136_,12 Variable 117_,MASTER I Bus T__,ESTAFETTE 213_,20 127_,TRAFIC Pritsche\/Fahrgestell P6,MASTER I Pritsche\/Fahrgestell P__,TRAFIC Pritsche\/Fahrgestell PXX,14 121_,18 Kasten,12 Kasten; FIAT: DUCATO Kasten 230L,CINQUECENTO 170,PANDA 141A_,124 Spider,126,UNO 146A\/E,X 1\/9 128 AS,FIORINO Kasten 146,TIPO 160,CROMA 154,PANDA Van 141_,TEMPRA 159,124 Coupe,RITMO I 138A,124,TEMPRA S.W. 159,FIORINO Pick up 146,FIORINO 147,REGATA 138,RITMO Cabriolet,124 Familiare,FIORINO 127,FIORINO Pick up 147,REGATA Weekend 138,DUNA 146 B,DUNA Weekend 146 B; PEUGEOT: 205 II 20A\/C,J5 Pritsche\/Fahrgestell 280L,J5 Pritsche\/Fahrgestell 290L,J5 Kasten 280L,J5 Bus 290P,205 I 741A\/C,J5 Kasten 290L,J5 Bus 280P,J7 Bus,J7 Kasten,205 Kasten,305 I 581A,J7 Pritsche\/Fahrgestell,305 I Break 581D; SEAT: MARBELLA 28,IBIZA I 021A,TERRA Kasten 024A,127 127A,MARBELLA Kasten 028A,124,600 D,MALAGA 023A,TERRA 24,131,124 Kombi,128,132,RONDA 022A,PANDA 141A,FURA 025A,RITMO 138; CITRO\u00cbN: AX ZA-_,2 CV,ZX N2,BX XB-_,C25 Bus 280_, 290_,CX II,CX I MA,C25 Pritsche\/Fahrgestell 280_, 290_,BX Break XB-_,C25 Kasten 280_, 290_,C15 VD-_,VISA Cabriolet,CX II Break,CX I Break MA,GS,C15 Kombi,OLTCIT,C35 Kasten,GS Break; NISSAN: MICRA I K10,PRAIRIE M10, NM10,VANETTE Kasten C22,CHERRY III N12,SUNNY I B11,CHERRY II Coupe N10,CHERRY II Hatchback N10,SUNNY I Coupe B11,SUNNY I Traveller B11; VOLVO: 740 744,240 P242, P244; 0060735555, 60735555, 82323784, 71736104, 82425649, 13321277481, 13321277497, 13321278272, 133212782723, 5429192, 5481874, 5490862, 95534485, 95534486, GX0330201A, GX0330202A, GX0330301A, GX5429192, GX5429192A, SRV000503, SVR000503, 4323062, 4352637, 4384509, 71736104, 71736112, 82323784, 82425490, 82425649, 82428006, 82429294, 5003748, 5004837, 5015543, 5015544, 71736104, 82425649, 4384509, 4323062, 71736104, 82425649, 111620, 81125030045, 81125030056, 81125030057, 81125030058, 22213470B, 16400E3000, 16400H8501, 5650170, 156707, 156718, 156719, 156721, 5000031168, 7100544588, 7700544588, 7701349332, 0005490862, 5000031168, 5490862, 008210, 8210, 838475, 883364, SE021020200A, 7002080492, 642010020, 0013170900, 13170900, 38840, 38840E, 3713186, 464728<\/p>\n","protected":false},"excerpt":{"rendered":"<p>VALEO Polttoainesuodatin 587000  BMW,OPEL,FORD,3 E30,7 E65, E66, E67,02 E10,5 E28,3 E21,5 E12,02 Touring E6,02 Cabriolet E10,OMEGA A 16_, 17_, 19_<\/p>\n","protected":false},"featured_media":0,"template":"","meta":{"site-sidebar-layout":"default","site-content-layout":"default","ast-global-header-display":"","ast-main-header-display":"","ast-hfb-above-header-display":"","ast-hfb-below-header-display":"","ast-hfb-mobile-header-display":"","site-post-title":"","ast-breadcrumbs-content":"","ast-featured-img":"","footer-sml-layout":"","theme-transparent-header-meta":"","adv-header-id-meta":"","stick-header-meta":"","header-above-stick-meta":"","header-main-stick-meta":"","header-below-stick-meta":""},"pwb-brand":[28],"product_cat":[29],"product_tag":[],"class_list":{"0":"post-28312","1":"product","2":"type-product","3":"status-publish","5":"pwb-brand-valeo","6":"product_cat-polttoainesuodatin","7":"desktop-align-left","8":"tablet-align-left","9":"mobile-align-left","11":"first","12":"instock","13":"product-type-external"},"brands":[{"id":28,"name":"VALEO","slug":"valeo"}],"_links":{"self":[{"href":"https:\/\/www.autonvaraosahaku.fi\/index.php?rest_route=\/wp\/v2\/product\/28312","targetHints":{"allow":["GET"]}}],"collection":[{"href":"https:\/\/www.autonvaraosahaku.fi\/index.php?rest_route=\/wp\/v2\/product"}],"about":[{"href":"https:\/\/www.autonvaraosahaku.fi\/index.php?rest_route=\/wp\/v2\/types\/product"}],"wp:attachment":[{"href":"https:\/\/www.autonvaraosahaku.fi\/index.php?rest_route=%2Fwp%2Fv2%2Fmedia&parent=28312"}],"wp:term":[{"taxonomy":"pwb-brand","embeddable":true,"href":"https:\/\/www.autonvaraosahaku.fi\/index.php?rest_route=%2Fwp%2Fv2%2Fpwb-brand&post=28312"},{"taxonomy":"product_cat","embeddable":true,"href":"https:\/\/www.autonvaraosahaku.fi\/index.php?rest_route=%2Fwp%2Fv2%2Fproduct_cat&post=28312"},{"taxonomy":"product_tag","embeddable":true,"href":"https:\/\/www.autonvaraosahaku.fi\/index.php?rest_route=%2Fwp%2Fv2%2Fproduct_tag&post=28312"}],"curies":[{"name":"wp","href":"https:\/\/api.w.org\/{rel}","templated":true}]}}