{"id":28313,"date":"2021-02-21T15:57:51","date_gmt":"2021-02-21T15:57:51","guid":{"rendered":"https:\/\/www.autonvaraosahaku.fi\/?product=monroe-53005-iskunvaimennin"},"modified":"2021-02-21T15:57:53","modified_gmt":"2021-02-21T15:57:53","slug":"monroe-53005-iskunvaimennin","status":"publish","type":"product","link":"https:\/\/www.autonvaraosahaku.fi\/?product=monroe-53005-iskunvaimennin","title":{"rendered":"MONROE 53005 Iskunvaimennin"},"content":{"rendered":"<p>Iskunvaimennin tyyppi: Kaasupaine; Iskunvaimennusj\u00e4rjestelm\u00e4: Yksiputki; Iskunvaimennin asennustapa: Tappi ylh\u00e4\u00e4ll\u00e4, Silta alhaalla; Paino [kg]: 2,000; Reik\u00e4-\u00d8 [mm]: 46; suurin pituus [mm]: 444; v\u00e4h. pituus [mm]: 288; Pakkauspituus [cm]: 49,7; Pakkausleveys [cm]: 12; Pakkauskorkeus [mm]: 12,2; Tullitariffinumero: 87088035; Tappil\u00e4pimitta [mm]: 11; Asennuspuoli: Hinterachse; MERCEDES-BENZ: SL R107,Stufenheck W123,S-CLASS W126,COUPE C123,S-CLASS W116,S-CLASS Coupe C126,SL Coupe C107; 1263200031, 1263200931, 1073200031, 1153200231, 1153200330, 1153200331, 1153200431, 1153260631, 1153261400, 1153261500, 1153261700, 1153261800, 1153261900, 1153262000, 1153262100, 1153262500, 1153262800, 1163200031, 1163200331, 1163200631, 1163200731, 1163260200, 1163260300, 1163260400, 1163260500, 1163260600, 1163260800, 1163261000, 1233200131, 1233200231, 1233200331, 1233200431, 1233200631, 1233200731, 1233230600, 1233260600, 1233260700, 1233260800, 1233261000, 1233261100, 1233261500, 1263200031, 1263200131, 1263200431, 1263200631, 1263200931, 1263260600, 1263260700, 5350005557, 53593693, 717057169; Iskarit,Iskunvaimennin<\/p>\n","protected":false},"excerpt":{"rendered":"<p>MONROE Iskunvaimentimet MONROE ORIGINAL (Gas Technology) 53005 Iskarit,Iskunvaimennin MERCEDES-BENZ,SL R107,Stufenheck W123,S-CLASS W126,COUPE C123<\/p>\n","protected":false},"featured_media":0,"template":"","meta":{"site-sidebar-layout":"default","site-content-layout":"default","ast-global-header-display":"","ast-main-header-display":"","ast-hfb-above-header-display":"","ast-hfb-below-header-display":"","ast-hfb-mobile-header-display":"","site-post-title":"","ast-breadcrumbs-content":"","ast-featured-img":"","footer-sml-layout":"","theme-transparent-header-meta":"","adv-header-id-meta":"","stick-header-meta":"","header-above-stick-meta":"","header-main-stick-meta":"","header-below-stick-meta":""},"pwb-brand":[79],"product_cat":[80],"product_tag":[],"class_list":{"0":"post-28313","1":"product","2":"type-product","3":"status-publish","5":"pwb-brand-monroe","6":"product_cat-iskunvaimennin","7":"desktop-align-left","8":"tablet-align-left","9":"mobile-align-left","11":"first","12":"instock","13":"product-type-external"},"brands":[{"id":79,"name":"MONROE","slug":"monroe"}],"_links":{"self":[{"href":"https:\/\/www.autonvaraosahaku.fi\/index.php?rest_route=\/wp\/v2\/product\/28313","targetHints":{"allow":["GET"]}}],"collection":[{"href":"https:\/\/www.autonvaraosahaku.fi\/index.php?rest_route=\/wp\/v2\/product"}],"about":[{"href":"https:\/\/www.autonvaraosahaku.fi\/index.php?rest_route=\/wp\/v2\/types\/product"}],"wp:attachment":[{"href":"https:\/\/www.autonvaraosahaku.fi\/index.php?rest_route=%2Fwp%2Fv2%2Fmedia&parent=28313"}],"wp:term":[{"taxonomy":"pwb-brand","embeddable":true,"href":"https:\/\/www.autonvaraosahaku.fi\/index.php?rest_route=%2Fwp%2Fv2%2Fpwb-brand&post=28313"},{"taxonomy":"product_cat","embeddable":true,"href":"https:\/\/www.autonvaraosahaku.fi\/index.php?rest_route=%2Fwp%2Fv2%2Fproduct_cat&post=28313"},{"taxonomy":"product_tag","embeddable":true,"href":"https:\/\/www.autonvaraosahaku.fi\/index.php?rest_route=%2Fwp%2Fv2%2Fproduct_tag&post=28313"}],"curies":[{"name":"wp","href":"https:\/\/api.w.org\/{rel}","templated":true}]}}