{"id":28323,"date":"2021-02-21T15:57:55","date_gmt":"2021-02-21T15:57:55","guid":{"rendered":"https:\/\/www.autonvaraosahaku.fi\/?product=diederichs-2212861-etuspoileri"},"modified":"2021-02-21T15:57:56","modified_gmt":"2021-02-21T15:57:56","slug":"diederichs-2212861-etuspoileri","status":"publish","type":"product","link":"https:\/\/www.autonvaraosahaku.fi\/?product=diederichs-2212861-etuspoileri","title":{"rendered":"DIEDERICHS 2212861 Etuspoileri"},"content":{"rendered":"<p>Asennuspuoli: Edess\u00e4; M\u00e4\u00e4r\u00e4: 2; M\u00e4\u00e4r\u00e4yksikk\u00f6: Sarja; Tuotelinja: HD Tuning; Tuning: 1; VW: GOLF III 1H1,GOLF III Cabriolet 1E7,GOLF III Variant 1H5; 1H605900, 1H6805903A, 1H6805903AB41, 1H6805904A, 1H6805904AB41; Etupuskurin Lippa,Spoileri<\/p>\n","protected":false},"excerpt":{"rendered":"<p>DIEDERICHS Etuspoileri HD Tuning 2212861 Etupuskurin Lippa,Spoileri VW,GOLF III 1H1,GOLF III Cabriolet 1E7,GOLF III Variant 1H5<\/p>\n","protected":false},"featured_media":0,"template":"","meta":{"site-sidebar-layout":"default","site-content-layout":"default","ast-global-header-display":"","ast-main-header-display":"","ast-hfb-above-header-display":"","ast-hfb-below-header-display":"","ast-hfb-mobile-header-display":"","site-post-title":"","ast-breadcrumbs-content":"","ast-featured-img":"","footer-sml-layout":"","theme-transparent-header-meta":"","adv-header-id-meta":"","stick-header-meta":"","header-above-stick-meta":"","header-main-stick-meta":"","header-below-stick-meta":""},"pwb-brand":[227],"product_cat":[309],"product_tag":[],"class_list":{"0":"post-28323","1":"product","2":"type-product","3":"status-publish","5":"pwb-brand-diederichs","6":"product_cat-etuspoileri","7":"desktop-align-left","8":"tablet-align-left","9":"mobile-align-left","11":"first","12":"instock","13":"product-type-external"},"brands":[{"id":227,"name":"DIEDERICHS","slug":"diederichs"}],"_links":{"self":[{"href":"https:\/\/www.autonvaraosahaku.fi\/index.php?rest_route=\/wp\/v2\/product\/28323","targetHints":{"allow":["GET"]}}],"collection":[{"href":"https:\/\/www.autonvaraosahaku.fi\/index.php?rest_route=\/wp\/v2\/product"}],"about":[{"href":"https:\/\/www.autonvaraosahaku.fi\/index.php?rest_route=\/wp\/v2\/types\/product"}],"wp:attachment":[{"href":"https:\/\/www.autonvaraosahaku.fi\/index.php?rest_route=%2Fwp%2Fv2%2Fmedia&parent=28323"}],"wp:term":[{"taxonomy":"pwb-brand","embeddable":true,"href":"https:\/\/www.autonvaraosahaku.fi\/index.php?rest_route=%2Fwp%2Fv2%2Fpwb-brand&post=28323"},{"taxonomy":"product_cat","embeddable":true,"href":"https:\/\/www.autonvaraosahaku.fi\/index.php?rest_route=%2Fwp%2Fv2%2Fproduct_cat&post=28323"},{"taxonomy":"product_tag","embeddable":true,"href":"https:\/\/www.autonvaraosahaku.fi\/index.php?rest_route=%2Fwp%2Fv2%2Fproduct_tag&post=28323"}],"curies":[{"name":"wp","href":"https:\/\/api.w.org\/{rel}","templated":true}]}}