{"id":28355,"date":"2021-02-21T15:58:00","date_gmt":"2021-02-21T15:58:00","guid":{"rendered":"https:\/\/www.autonvaraosahaku.fi\/?product=magneti-marelli-153071760500-oljynsuodatin"},"modified":"2021-02-21T15:58:02","modified_gmt":"2021-02-21T15:58:02","slug":"magneti-marelli-153071760500-oljynsuodatin","status":"publish","type":"product","link":"https:\/\/www.autonvaraosahaku.fi\/?product=magneti-marelli-153071760500-oljynsuodatin","title":{"rendered":"MAGNETI MARELLI 153071760500 \u00d6ljynsuodatin"},"content":{"rendered":"<p>Korkeus (mm): 100; Suodatintyyppi: Suodatinpanos; Sis\u00e4l\u00e4pimitta [mm]: 26; Ulkol\u00e4pimitta [mm]: 72; TECDOC-moottorinumero: 24568; JEEP: RENEGADE Gel\u00e4ndewagen geschlossen BU,CHEROKEE KL,COMPASS; SUZUKI: SX4 S-Cross,VITARA LY; LANCIA: MUSA 350; OPEL: COMBO Kasten\/Kombi X12,COMBO Tour X12; ALFA ROMEO: GIULIETTA 940,MITO 955; FIAT: DUCATO Kasten 250,BRAVO II 198,DUCATO Pritsche\/Fahrgestell 250,FREEMONT JF_,PUNTO EVO 199,DUCATO Bus 250,DOBLO Kasten\/Kombi 263,IDEA,500L,DOBLO Gro\u00dfraumlimousine 152, 263,DOBLO Pritsche\/Fahrgestell 263,500X,TIPO Schr\u00e4gheck 356_,TIPO Kombi 356_,TIPO Stufenheck 356_; VAUXHALL: COMBO Mk III D Kasten\/Kombi; 68103969AA, 55223416, 71754237, K68103969AA, 650111, 1651062M00, 1651062M00000<\/p>\n","protected":false},"excerpt":{"rendered":"<p>MAGNETI MARELLI \u00d6ljynsuodatin 153071760500  JEEP,SUZUKI,LANCIA,RENEGADE Gel\u00e4ndewagen geschlossen BU,CHEROKEE KL,COMPASS,SX4 S-Cross,VITARA LY,MUSA 350<\/p>\n","protected":false},"featured_media":0,"template":"","meta":{"site-sidebar-layout":"default","site-content-layout":"default","ast-global-header-display":"","ast-main-header-display":"","ast-hfb-above-header-display":"","ast-hfb-below-header-display":"","ast-hfb-mobile-header-display":"","site-post-title":"","ast-breadcrumbs-content":"","ast-featured-img":"","footer-sml-layout":"","theme-transparent-header-meta":"","adv-header-id-meta":"","stick-header-meta":"","header-above-stick-meta":"","header-main-stick-meta":"","header-below-stick-meta":""},"pwb-brand":[34],"product_cat":[30],"product_tag":[],"class_list":{"0":"post-28355","1":"product","2":"type-product","3":"status-publish","5":"pwb-brand-magneti-marelli","6":"product_cat-oljynsuodatin","7":"desktop-align-left","8":"tablet-align-left","9":"mobile-align-left","11":"first","12":"instock","13":"product-type-external"},"brands":[{"id":34,"name":"MAGNETI MARELLI","slug":"magneti-marelli"}],"_links":{"self":[{"href":"https:\/\/www.autonvaraosahaku.fi\/index.php?rest_route=\/wp\/v2\/product\/28355","targetHints":{"allow":["GET"]}}],"collection":[{"href":"https:\/\/www.autonvaraosahaku.fi\/index.php?rest_route=\/wp\/v2\/product"}],"about":[{"href":"https:\/\/www.autonvaraosahaku.fi\/index.php?rest_route=\/wp\/v2\/types\/product"}],"wp:attachment":[{"href":"https:\/\/www.autonvaraosahaku.fi\/index.php?rest_route=%2Fwp%2Fv2%2Fmedia&parent=28355"}],"wp:term":[{"taxonomy":"pwb-brand","embeddable":true,"href":"https:\/\/www.autonvaraosahaku.fi\/index.php?rest_route=%2Fwp%2Fv2%2Fpwb-brand&post=28355"},{"taxonomy":"product_cat","embeddable":true,"href":"https:\/\/www.autonvaraosahaku.fi\/index.php?rest_route=%2Fwp%2Fv2%2Fproduct_cat&post=28355"},{"taxonomy":"product_tag","embeddable":true,"href":"https:\/\/www.autonvaraosahaku.fi\/index.php?rest_route=%2Fwp%2Fv2%2Fproduct_tag&post=28355"}],"curies":[{"name":"wp","href":"https:\/\/api.w.org\/{rel}","templated":true}]}}