{"id":28426,"date":"2021-02-21T15:58:19","date_gmt":"2021-02-21T15:58:19","guid":{"rendered":"https:\/\/www.autonvaraosahaku.fi\/?product=purflux-fcs704-polttoainesuodatin"},"modified":"2021-02-21T15:58:20","modified_gmt":"2021-02-21T15:58:20","slug":"purflux-fcs704-polttoainesuodatin","status":"publish","type":"product","link":"https:\/\/www.autonvaraosahaku.fi\/?product=purflux-fcs704-polttoainesuodatin","title":{"rendered":"PURFLUX FCS704 Polttoainesuodatin"},"content":{"rendered":"<p>Ulkol\u00e4pimitta [mm]: 107; Sis\u00e4l\u00e4pimitta [mm]: 10; Korkeus (mm): 132; Moottorinumero: DV4TD; MAZDA: 2 DY,2 DE; FORD: FIESTA V JH_, JD_,FUSION JU_,FIESTA V Van; TOYOTA: AYGO WNB1_, KGB1_; CITRO\u00cbN: C1 PM_, PN_,C2 JM_,C3 I FC_,XSARA N1,C3 Pluriel HB_,XSARA Break N2,XSARA Coupe N0,NEMO Kasten AA_,NEMO Kombi,C2 ENTERPRISE; PEUGEOT: 206 Schr\u00e4gheck 2A\/C,207 WA_, WC_,307 3A\/C,107,206 SW 2E\/K,206+ T3E,307 Break 3E,1007 KM_,206 Stufenheck,BIPPER AA_,BIPPER Tepee,206 Van,207 Van; FS9309E, 1148119, 1152193, 1334772, 1383736, 1484409, 1489328, 1671655, 1677302, 2S6Q9155AA, 2S6Q9155AB, 2S6Q9155AC, 2S6Q9155AD, 2S6Q9155BA, 7S6Q9155AB, 7S6Q9155CB, J1333048, Y40120490, Y40120490A, Y40120490B, Y40120490B9A, Y40520490, Y40520490A, 190166, 190168, 190170, 190173, 190175, 190182, 190184, 190185, 190199, 946231080, 9641789680, 9642940480, 9646231080, E148044, SU00100696, SU00100775, SU00100794, SU00100892<\/p>\n","protected":false},"excerpt":{"rendered":"<p>PURFLUX Polttoainesuodatin FCS704  MAZDA,FORD,TOYOTA,2 DY,2 DE,FIESTA V JH_, JD_,FUSION JU_,FIESTA V Van,AYGO WNB1_, KGB1_,C1 PM_, PN_,C2 JM_,C3 I FC_<\/p>\n","protected":false},"featured_media":0,"template":"","meta":{"site-sidebar-layout":"default","site-content-layout":"default","ast-global-header-display":"","ast-main-header-display":"","ast-hfb-above-header-display":"","ast-hfb-below-header-display":"","ast-hfb-mobile-header-display":"","site-post-title":"","ast-breadcrumbs-content":"","ast-featured-img":"","footer-sml-layout":"","theme-transparent-header-meta":"","adv-header-id-meta":"","stick-header-meta":"","header-above-stick-meta":"","header-main-stick-meta":"","header-below-stick-meta":""},"pwb-brand":[303],"product_cat":[29],"product_tag":[],"class_list":{"0":"post-28426","1":"product","2":"type-product","3":"status-publish","5":"pwb-brand-purflux","6":"product_cat-polttoainesuodatin","7":"desktop-align-left","8":"tablet-align-left","9":"mobile-align-left","11":"first","12":"instock","13":"product-type-external"},"brands":[{"id":303,"name":"PURFLUX","slug":"purflux"}],"_links":{"self":[{"href":"https:\/\/www.autonvaraosahaku.fi\/index.php?rest_route=\/wp\/v2\/product\/28426","targetHints":{"allow":["GET"]}}],"collection":[{"href":"https:\/\/www.autonvaraosahaku.fi\/index.php?rest_route=\/wp\/v2\/product"}],"about":[{"href":"https:\/\/www.autonvaraosahaku.fi\/index.php?rest_route=\/wp\/v2\/types\/product"}],"wp:attachment":[{"href":"https:\/\/www.autonvaraosahaku.fi\/index.php?rest_route=%2Fwp%2Fv2%2Fmedia&parent=28426"}],"wp:term":[{"taxonomy":"pwb-brand","embeddable":true,"href":"https:\/\/www.autonvaraosahaku.fi\/index.php?rest_route=%2Fwp%2Fv2%2Fpwb-brand&post=28426"},{"taxonomy":"product_cat","embeddable":true,"href":"https:\/\/www.autonvaraosahaku.fi\/index.php?rest_route=%2Fwp%2Fv2%2Fproduct_cat&post=28426"},{"taxonomy":"product_tag","embeddable":true,"href":"https:\/\/www.autonvaraosahaku.fi\/index.php?rest_route=%2Fwp%2Fv2%2Fproduct_tag&post=28426"}],"curies":[{"name":"wp","href":"https:\/\/api.w.org\/{rel}","templated":true}]}}