{"id":28428,"date":"2021-02-21T15:58:19","date_gmt":"2021-02-21T15:58:19","guid":{"rendered":"https:\/\/www.autonvaraosahaku.fi\/?product=ridex-316t0072-termostaatti"},"modified":"2021-02-21T15:58:20","modified_gmt":"2021-02-21T15:58:20","slug":"ridex-316t0072-termostaatti","status":"publish","type":"product","link":"https:\/\/www.autonvaraosahaku.fi\/?product=ridex-316t0072-termostaatti","title":{"rendered":"RIDEX 316T0072 Termostaatti"},"content":{"rendered":"<p>Avausl\u00e4mp\u00f6tila [\u00b0C]: 91; Liittimi\u00e4: 2; Materiaali: Muovi; Kytkent\u00e4piste (\u00b0C): 91; Korvaava tuote\/korvaava tiedote 2: l\u00e4mp\u00f6tilakytkin; Paino [kg]: 0,27; Organisaationumerosta: 10402; PEUGEOT: 206 Schr\u00e4gheck 2A\/C,206 CC 2D,207 WA_, WC_,307 SW 3H,307 CC 3B,307 3A\/C,308 SW,206 SW 2E\/K,308 4A_, 4C_,307 Break 3E,PARTNER Tepee,1007 KM_,PARTNER Combispace 5F,PARTNER Kasten,207 Stufenheck,206 Stufenheck,308 II,301,308 SW II; CITRO\u00cbN: BERLINGO MF,XSARA PICASSO N68,C2 JM_,C3 I FC_,BERLINGO B9,C4 I LC_,BERLINGO Kasten M_,C4 Coupe LA_,C3 Pluriel HB_,BERLINGO Kasten B9,C4 Stufenheck L,C-ELYSEE; 1336Z0, 9647265980, 1336Z0, 9647265980, 1336Z0, 9647265980; Termostaatti, J\u00e4\u00e4hdytysneste<\/p>\n","protected":false},"excerpt":{"rendered":"<p>RIDEX Termostaatti 316T0072 Termostaatti, J\u00e4\u00e4hdytysneste PEUGEOT,CITRO\u00cbN,206 Schr\u00e4gheck 2A\/C,206 CC 2D,207 WA_, WC_,307 SW 3H,307 CC 3B,307 3A\/C<\/p>\n","protected":false},"featured_media":0,"template":"","meta":{"site-sidebar-layout":"default","site-content-layout":"default","ast-global-header-display":"","ast-main-header-display":"","ast-hfb-above-header-display":"","ast-hfb-below-header-display":"","ast-hfb-mobile-header-display":"","site-post-title":"","ast-breadcrumbs-content":"","ast-featured-img":"","footer-sml-layout":"","theme-transparent-header-meta":"","adv-header-id-meta":"","stick-header-meta":"","header-above-stick-meta":"","header-main-stick-meta":"","header-below-stick-meta":""},"pwb-brand":[157],"product_cat":[174],"product_tag":[],"class_list":{"0":"post-28428","1":"product","2":"type-product","3":"status-publish","5":"pwb-brand-ridex","6":"product_cat-termostaatti","7":"desktop-align-left","8":"tablet-align-left","9":"mobile-align-left","11":"first","12":"instock","13":"product-type-external"},"brands":[{"id":157,"name":"RIDEX","slug":"ridex"}],"_links":{"self":[{"href":"https:\/\/www.autonvaraosahaku.fi\/index.php?rest_route=\/wp\/v2\/product\/28428","targetHints":{"allow":["GET"]}}],"collection":[{"href":"https:\/\/www.autonvaraosahaku.fi\/index.php?rest_route=\/wp\/v2\/product"}],"about":[{"href":"https:\/\/www.autonvaraosahaku.fi\/index.php?rest_route=\/wp\/v2\/types\/product"}],"wp:attachment":[{"href":"https:\/\/www.autonvaraosahaku.fi\/index.php?rest_route=%2Fwp%2Fv2%2Fmedia&parent=28428"}],"wp:term":[{"taxonomy":"pwb-brand","embeddable":true,"href":"https:\/\/www.autonvaraosahaku.fi\/index.php?rest_route=%2Fwp%2Fv2%2Fpwb-brand&post=28428"},{"taxonomy":"product_cat","embeddable":true,"href":"https:\/\/www.autonvaraosahaku.fi\/index.php?rest_route=%2Fwp%2Fv2%2Fproduct_cat&post=28428"},{"taxonomy":"product_tag","embeddable":true,"href":"https:\/\/www.autonvaraosahaku.fi\/index.php?rest_route=%2Fwp%2Fv2%2Fproduct_tag&post=28428"}],"curies":[{"name":"wp","href":"https:\/\/api.w.org\/{rel}","templated":true}]}}