{"id":28484,"date":"2021-02-21T15:58:33","date_gmt":"2021-02-21T15:58:33","guid":{"rendered":"https:\/\/www.autonvaraosahaku.fi\/?product=hella-5da-358-000-051-sytytyspuola"},"modified":"2021-02-21T15:58:34","modified_gmt":"2021-02-21T15:58:34","slug":"hella-5da-358-000-051-sytytyspuola","status":"publish","type":"product","link":"https:\/\/www.autonvaraosahaku.fi\/?product=hella-5da-358-000-051-sytytyspuola","title":{"rendered":"HELLA 5DA 358 000-051 Sytytyspuola"},"content":{"rendered":"<p>Asennusmalli: Poltti\/ruuvi; Kiinnitysreikien lukum\u00e4\u00e4r\u00e4: 2; Nimellisj\u00e4nnite (V): 12; Napojen m\u00e4\u00e4r\u00e4: 3; Sytytyspuola: Sytytystulppakoskettimella, COP-sytytyspuola (syt.tulpan p\u00e4\u00e4ll\u00e4); Valmistusvuosi alkaen: 08\/1995; VW: GOLF IV 1J1,GOLF IV Variant 1J5,SHARAN 7M8, 7M9, 7M6,PASSAT Variant 3B5,BORA 1J2,PASSAT 3B2,BORA Kombi 1J6; AUDI: A3 8L1,A4 8D2, B5,A6 Avant 4B5, C5,A4 Avant 8D5, B5,A6 4B2, C5,A8 4D2, 4D8,ALLROAD 4BH, C5; SKODA: OCTAVIA Combi 1U5,OCTAVIA 1U2; SEAT: ALHAMBRA 7V8, 7V9; 058905101, 058905105, 058905105, 58905105, 058905105, 58905105, 058905101, 058905105<\/p>\n","protected":false},"excerpt":{"rendered":"<p>HELLA Sytytyspuola 5DA 358 000-051  VW,AUDI,SKODA,GOLF IV 1J1,GOLF IV Variant 1J5,SHARAN 7M8, 7M9, 7M6,PASSAT Variant 3B5,BORA 1J2,PASSAT 3B2<\/p>\n","protected":false},"featured_media":0,"template":"","meta":{"site-sidebar-layout":"default","site-content-layout":"default","ast-global-header-display":"","ast-main-header-display":"","ast-hfb-above-header-display":"","ast-hfb-below-header-display":"","ast-hfb-mobile-header-display":"","site-post-title":"","ast-breadcrumbs-content":"","ast-featured-img":"","footer-sml-layout":"","theme-transparent-header-meta":"","adv-header-id-meta":"","stick-header-meta":"","header-above-stick-meta":"","header-main-stick-meta":"","header-below-stick-meta":""},"pwb-brand":[24],"product_cat":[25],"product_tag":[],"class_list":{"0":"post-28484","1":"product","2":"type-product","3":"status-publish","5":"pwb-brand-hella","6":"product_cat-sytytyspuola","7":"desktop-align-left","8":"tablet-align-left","9":"mobile-align-left","11":"first","12":"instock","13":"product-type-external"},"brands":[{"id":24,"name":"HELLA","slug":"hella"}],"_links":{"self":[{"href":"https:\/\/www.autonvaraosahaku.fi\/index.php?rest_route=\/wp\/v2\/product\/28484","targetHints":{"allow":["GET"]}}],"collection":[{"href":"https:\/\/www.autonvaraosahaku.fi\/index.php?rest_route=\/wp\/v2\/product"}],"about":[{"href":"https:\/\/www.autonvaraosahaku.fi\/index.php?rest_route=\/wp\/v2\/types\/product"}],"wp:attachment":[{"href":"https:\/\/www.autonvaraosahaku.fi\/index.php?rest_route=%2Fwp%2Fv2%2Fmedia&parent=28484"}],"wp:term":[{"taxonomy":"pwb-brand","embeddable":true,"href":"https:\/\/www.autonvaraosahaku.fi\/index.php?rest_route=%2Fwp%2Fv2%2Fpwb-brand&post=28484"},{"taxonomy":"product_cat","embeddable":true,"href":"https:\/\/www.autonvaraosahaku.fi\/index.php?rest_route=%2Fwp%2Fv2%2Fproduct_cat&post=28484"},{"taxonomy":"product_tag","embeddable":true,"href":"https:\/\/www.autonvaraosahaku.fi\/index.php?rest_route=%2Fwp%2Fv2%2Fproduct_tag&post=28484"}],"curies":[{"name":"wp","href":"https:\/\/api.w.org\/{rel}","templated":true}]}}