{"id":28523,"date":"2021-02-21T15:58:42","date_gmt":"2021-02-21T15:58:42","guid":{"rendered":"https:\/\/www.autonvaraosahaku.fi\/?product=trw-gdb400-jarrupalat"},"modified":"2021-02-21T15:58:43","modified_gmt":"2021-02-21T15:58:43","slug":"trw-gdb400-jarrupalat","status":"publish","type":"product","link":"https:\/\/www.autonvaraosahaku.fi\/?product=trw-gdb400-jarrupalat","title":{"rendered":"TRW GDB400 Jarrupalat"},"content":{"rendered":"<p>Valmistaja rajaus: TRW; Pituus (mm): 99,6; Korkeus (mm): 64,8; Paksuus [mm]: 18,0; Kulumisenilmaisimen liitos: Sis. kulumisenilmaisimen; Kulumisvaroittimia [pro Achse]: 2; Varoittimen pituus [mm]: 215; Lis\u00e4tarvike\/lis\u00e4tieto: Tarvikkeilla; Korvaava tuote\/korvaava tiedote 2: Jarrusatulan ruuveilla; Tarkistuskilpi: E1 90R 01024\/113; M\u00e4\u00e4r\u00e4yksikk\u00f6: Akselisarja; Tuotelinja: COTEC; Asennuspuoli: Vorderachse; RENAULT: TWINGO I C06_,CLIO II BB0\/1\/2_, CB0\/1\/2_,TWINGO II CN0_,MEGANE Scenic JA0\/1_,MEGANE I BA0\/1_,MEGANE I Cabriolet EA0\/1_,CLIO I B\/C57_, 5\/357_,MEGANE I Classic LA0\/1_,MEGANE I Coach DA0\/1_,CLIO II Kasten SB0\/1\/2_,19 II B\/C53_,19 II Cabriolet D53_, 853_,SUPER 5 B\/C40_,RAPID Kasten F40_, G40_,19 I B\/C53_,19 II Chamade L53_,25 B29_,19 I Chamade L53_,THALIA I LB0\/1\/2_,SANDERO\/STEPWAY I,CLIO I Kasten S57_,21 Kombi K48_,19 II Kasten S53_,LOGAN I LS_,19 I Kasten S53_,THALIA II LU1\/2_,21 Kasten S48_,SUPER 5 Kasten S40_; PEUGEOT: 309 I 10C, 10A; DACIA: SANDERO,SANDERO II,LOGAN LS_,SOLENZA; 7701209639, E172171, 6000008126, 7701201773, 7701201774, 7701202147, 7701202284, 7701203795, 7701203796, 7701203797, 7701204066, 7701204358, 7701204833, 7701205355, 7701209639, 7701210131, 7701349751; Jarrupalasarja,Jarrupala, Levyjarru<\/p>\n","protected":false},"excerpt":{"rendered":"<p>TRW Jarrupalat GDB400 Jarrupalasarja,Jarrupala, Levyjarru RENAULT,PEUGEOT,DACIA,TWINGO I C06_,CLIO II BB0\/1\/2_, CB0\/1\/2_,TWINGO II CN0_<\/p>\n","protected":false},"featured_media":0,"template":"","meta":{"site-sidebar-layout":"default","site-content-layout":"default","ast-global-header-display":"","ast-main-header-display":"","ast-hfb-above-header-display":"","ast-hfb-below-header-display":"","ast-hfb-mobile-header-display":"","site-post-title":"","ast-breadcrumbs-content":"","ast-featured-img":"","footer-sml-layout":"","theme-transparent-header-meta":"","adv-header-id-meta":"","stick-header-meta":"","header-above-stick-meta":"","header-main-stick-meta":"","header-below-stick-meta":""},"pwb-brand":[332],"product_cat":[100],"product_tag":[],"class_list":{"0":"post-28523","1":"product","2":"type-product","3":"status-publish","5":"pwb-brand-trw","6":"product_cat-jarrupalat","7":"desktop-align-left","8":"tablet-align-left","9":"mobile-align-left","11":"first","12":"instock","13":"product-type-external"},"brands":[{"id":332,"name":"TRW","slug":"trw"}],"_links":{"self":[{"href":"https:\/\/www.autonvaraosahaku.fi\/index.php?rest_route=\/wp\/v2\/product\/28523","targetHints":{"allow":["GET"]}}],"collection":[{"href":"https:\/\/www.autonvaraosahaku.fi\/index.php?rest_route=\/wp\/v2\/product"}],"about":[{"href":"https:\/\/www.autonvaraosahaku.fi\/index.php?rest_route=\/wp\/v2\/types\/product"}],"wp:attachment":[{"href":"https:\/\/www.autonvaraosahaku.fi\/index.php?rest_route=%2Fwp%2Fv2%2Fmedia&parent=28523"}],"wp:term":[{"taxonomy":"pwb-brand","embeddable":true,"href":"https:\/\/www.autonvaraosahaku.fi\/index.php?rest_route=%2Fwp%2Fv2%2Fpwb-brand&post=28523"},{"taxonomy":"product_cat","embeddable":true,"href":"https:\/\/www.autonvaraosahaku.fi\/index.php?rest_route=%2Fwp%2Fv2%2Fproduct_cat&post=28523"},{"taxonomy":"product_tag","embeddable":true,"href":"https:\/\/www.autonvaraosahaku.fi\/index.php?rest_route=%2Fwp%2Fv2%2Fproduct_tag&post=28523"}],"curies":[{"name":"wp","href":"https:\/\/api.w.org\/{rel}","templated":true}]}}