{"id":28560,"date":"2021-02-21T15:58:51","date_gmt":"2021-02-21T15:58:51","guid":{"rendered":"https:\/\/www.autonvaraosahaku.fi\/?product=ridex-3213b0003-kampiakselin-hihnapyora"},"modified":"2021-02-21T15:58:51","modified_gmt":"2021-02-21T15:58:51","slug":"ridex-3213b0003-kampiakselin-hihnapyora","status":"publish","type":"product","link":"https:\/\/www.autonvaraosahaku.fi\/?product=ridex-3213b0003-kampiakselin-hihnapyora","title":{"rendered":"RIDEX 3213B0003 Kampiakselin hihnapy\u00f6r\u00e4"},"content":{"rendered":"<p>Kiiloja: 6; Sis\u00e4l\u00e4pimitta [mm]: 30; Ulkol\u00e4pimitta [mm]: 153, 162,00; MAZDA: 3 BK,2 DY,2 DE,3 BL,3 Stufenheck BK,3 Stufenheck BL; VOLVO: V50 MW,V70 III BW,C30,S40 II MS,S80 II AS; SUZUKI: SX4 EY, GY,LIANA Schr\u00e4gheck,SX4 S-Cross,LIANA ER; MINI: MINI R56,MINI CLUBMAN R55,MINI Cabriolet R57; FORD: FIESTA V JH_, JD_,FOCUS II Kombi DA_,FIESTA VI,FOCUS II DA_,FOCUS C-MAX,FUSION JU_,C-MAX DM2,C-MAX II,FOCUS II Stufenheck DA_,FIESTA V Van,FIESTA VI Van; TOYOTA: AYGO WNB1_, KGB1_; CITRO\u00cbN: C1 PM_, PN_,BERLINGO MF,XSARA PICASSO N68,C2 JM_,C3 I FC_,BERLINGO B9,C5 III Break TD_,C4 Picasso I UD_,C4 Grand Picasso I UA_,C4 I LC_,BERLINGO Kasten M_,C5 II Break RE_,C3 Picasso,C5 III RD_,C3 II,XSARA N1,C4 Coupe LA_,C3 Pluriel HB_,C5 II RC_,XSARA Break N2,BERLINGO Kasten B9,XSARA Coupe N0,C4 Stufenheck L; PEUGEOT: 206 Schr\u00e4gheck 2A\/C,206 CC 2D,307 SW 3H,407 SW 6E_,307 3A\/C,107,206 SW 2E\/K,307 Break 3E,407 6D_,1007 KM_,PARTNER Combispace 5F,PARTNER Kasten 5,PARTNER Kasten,206 Stufenheck,206 Van; 9654961080, 11237801979, 7801979, 0515K6, 0515L9, 0515P2, 0515P8, 0515P8S1, 0515Q0, 0515Q3, 0515R0, 0515R0S1, 0515S8, 0515T0, 0515T0R0P1, 0515T0S1, 0515T3, 0515T3S1, 0515T3S2, 0515T8, 0515TO, 0515TQ, 0515V0, 0515V0S1, 0515V4, 0515V4S1, 0515V5, 0515V6, 0515V7, 0515V7S1, 0515V8, 0515V8S1, 1147683, 1369546, 515P8, 515P8S1, 515R0, 515R0S1, 515T0, 515T0S1, 515T3, 515T3S1, 515T3S2, 515V0, 515V0S1, 515V4, 515V4S1, 515V7, 515V7S1, 515V8, 515V8S1, 0515T3, 9467586180, 9467597180, 9630647180, 9641548980, 9654961080, 9654961080S1, 9681761480, 9685774180, 1147683, 1319518, 1319519, 1369546, 1369546S1, 1369548, 1473366, 1485765, 1517975, 1517975S1, 1517976, 1517976S1, 1690296, 1690296S1, 2S606B319AD, 2S6Q6B319AA, 2S6Q6B319AB, 2S6Q6B319AC, 2S6Q6B319AD, 2S6QGB319AA, 2S6QGB319AB, 2S6QGB319AC, 2S6QGB319AD, 3M5Q6B319CA, 3M5Q6B319CB, 3M5Q6B319CC, 3M5Q6N319CB, AV6Q6B319AA, AVQ66B319AA, 2S6Q6B319AA, 2S6Q6B319AB, 2S6Q6B319ABS1, 2S6Q6B319AD, 2S6QGB319AA, 2S6QGB319AB, 3M5Q6B319CA, 3M5Q6B319CB, 3M5Q6B319CC, A&#8230;; Hihnapy\u00f6r\u00e4, Kampiakseli<\/p>\n","protected":false},"excerpt":{"rendered":"<p>RIDEX Kampiakselin Hihnapy\u00f6r\u00e4 3213B0003 Hihnapy\u00f6r\u00e4, Kampiakseli MAZDA,VOLVO,SUZUKI,3 BK,2 DY,2 DE,3 BL,3 Stufenheck BK,3 Stufenheck BL,V50 MW<\/p>\n","protected":false},"featured_media":0,"template":"","meta":{"site-sidebar-layout":"default","site-content-layout":"default","ast-global-header-display":"","ast-main-header-display":"","ast-hfb-above-header-display":"","ast-hfb-below-header-display":"","ast-hfb-mobile-header-display":"","site-post-title":"","ast-breadcrumbs-content":"","ast-featured-img":"","footer-sml-layout":"","theme-transparent-header-meta":"","adv-header-id-meta":"","stick-header-meta":"","header-above-stick-meta":"","header-main-stick-meta":"","header-below-stick-meta":""},"pwb-brand":[157],"product_cat":[219],"product_tag":[],"class_list":{"0":"post-28560","1":"product","2":"type-product","3":"status-publish","5":"pwb-brand-ridex","6":"product_cat-kampiakselin-hihnapyora","7":"desktop-align-left","8":"tablet-align-left","9":"mobile-align-left","11":"first","12":"instock","13":"product-type-external"},"brands":[{"id":157,"name":"RIDEX","slug":"ridex"}],"_links":{"self":[{"href":"https:\/\/www.autonvaraosahaku.fi\/index.php?rest_route=\/wp\/v2\/product\/28560","targetHints":{"allow":["GET"]}}],"collection":[{"href":"https:\/\/www.autonvaraosahaku.fi\/index.php?rest_route=\/wp\/v2\/product"}],"about":[{"href":"https:\/\/www.autonvaraosahaku.fi\/index.php?rest_route=\/wp\/v2\/types\/product"}],"wp:attachment":[{"href":"https:\/\/www.autonvaraosahaku.fi\/index.php?rest_route=%2Fwp%2Fv2%2Fmedia&parent=28560"}],"wp:term":[{"taxonomy":"pwb-brand","embeddable":true,"href":"https:\/\/www.autonvaraosahaku.fi\/index.php?rest_route=%2Fwp%2Fv2%2Fpwb-brand&post=28560"},{"taxonomy":"product_cat","embeddable":true,"href":"https:\/\/www.autonvaraosahaku.fi\/index.php?rest_route=%2Fwp%2Fv2%2Fproduct_cat&post=28560"},{"taxonomy":"product_tag","embeddable":true,"href":"https:\/\/www.autonvaraosahaku.fi\/index.php?rest_route=%2Fwp%2Fv2%2Fproduct_tag&post=28560"}],"curies":[{"name":"wp","href":"https:\/\/api.w.org\/{rel}","templated":true}]}}