{"id":28569,"date":"2021-02-21T15:58:51","date_gmt":"2021-02-21T15:58:51","guid":{"rendered":"https:\/\/www.autonvaraosahaku.fi\/?product=purflux-ah319-raitisilmasuodatin"},"modified":"2021-02-21T15:58:53","modified_gmt":"2021-02-21T15:58:53","slug":"purflux-ah319-raitisilmasuodatin","status":"publish","type":"product","link":"https:\/\/www.autonvaraosahaku.fi\/?product=purflux-ah319-raitisilmasuodatin","title":{"rendered":"PURFLUX AH319 Raitisilmasuodatin"},"content":{"rendered":"<p>Suodatintyyppi: Siitep\u00f6lysuodin; Pituus (mm): 286; Leveys (mm): 182; Korkeus (mm): 32; Varusteet: f\u00fcr Fahrzeuge mit Klimaautomatik; CITRO\u00cbN: C2 JM_,C3 I FC_,C4 I LC_,C3 Picasso,C4 Coupe LA_,C3 Pluriel HB_,C4 II B7,DS4,DS5,C4 Stufenheck L,C2 ENTERPRISE,C4 Stufenheck N; PEUGEOT: 307 SW 3H,307 CC 3B,307 3A\/C,308 SW,308 4A_, 4C_,307 Break 3E,RCZ,308 CC,1007 KM_,307 Stufenheck,408; DS: DS 4 \/ DS 4 CROSSBACK; PU1038E, 6479C2, 6447KK, 6447NT, 6447TL, 6479C2, 9636086280, 9687459780, E146155; Sis\u00e4ilmansuodatin,Suodatin, Sis\u00e4ilma<\/p>\n","protected":false},"excerpt":{"rendered":"<p>PURFLUX Raitisilmasuodatin AH319 Sis\u00e4ilmansuodatin,Suodatin, Sis\u00e4ilma CITRO\u00cbN,PEUGEOT,DS,C2 JM_,C3 I FC_,C4 I LC_,C3 Picasso,C4 Coupe LA_<\/p>\n","protected":false},"featured_media":0,"template":"","meta":{"site-sidebar-layout":"default","site-content-layout":"default","ast-global-header-display":"","ast-main-header-display":"","ast-hfb-above-header-display":"","ast-hfb-below-header-display":"","ast-hfb-mobile-header-display":"","site-post-title":"","ast-breadcrumbs-content":"","ast-featured-img":"","footer-sml-layout":"","theme-transparent-header-meta":"","adv-header-id-meta":"","stick-header-meta":"","header-above-stick-meta":"","header-main-stick-meta":"","header-below-stick-meta":""},"pwb-brand":[303],"product_cat":[19],"product_tag":[],"class_list":{"0":"post-28569","1":"product","2":"type-product","3":"status-publish","5":"pwb-brand-purflux","6":"product_cat-raitisilmasuodatin","7":"desktop-align-left","8":"tablet-align-left","9":"mobile-align-left","11":"first","12":"instock","13":"product-type-external"},"brands":[{"id":303,"name":"PURFLUX","slug":"purflux"}],"_links":{"self":[{"href":"https:\/\/www.autonvaraosahaku.fi\/index.php?rest_route=\/wp\/v2\/product\/28569","targetHints":{"allow":["GET"]}}],"collection":[{"href":"https:\/\/www.autonvaraosahaku.fi\/index.php?rest_route=\/wp\/v2\/product"}],"about":[{"href":"https:\/\/www.autonvaraosahaku.fi\/index.php?rest_route=\/wp\/v2\/types\/product"}],"wp:attachment":[{"href":"https:\/\/www.autonvaraosahaku.fi\/index.php?rest_route=%2Fwp%2Fv2%2Fmedia&parent=28569"}],"wp:term":[{"taxonomy":"pwb-brand","embeddable":true,"href":"https:\/\/www.autonvaraosahaku.fi\/index.php?rest_route=%2Fwp%2Fv2%2Fpwb-brand&post=28569"},{"taxonomy":"product_cat","embeddable":true,"href":"https:\/\/www.autonvaraosahaku.fi\/index.php?rest_route=%2Fwp%2Fv2%2Fproduct_cat&post=28569"},{"taxonomy":"product_tag","embeddable":true,"href":"https:\/\/www.autonvaraosahaku.fi\/index.php?rest_route=%2Fwp%2Fv2%2Fproduct_tag&post=28569"}],"curies":[{"name":"wp","href":"https:\/\/api.w.org\/{rel}","templated":true}]}}