{"id":28586,"date":"2021-02-21T15:58:55","date_gmt":"2021-02-21T15:58:55","guid":{"rendered":"https:\/\/www.autonvaraosahaku.fi\/?product=beru-zse032-sytytyspuola"},"modified":"2021-02-21T15:58:56","modified_gmt":"2021-02-21T15:58:56","slug":"beru-zse032-sytytyspuola","status":"publish","type":"product","link":"https:\/\/www.autonvaraosahaku.fi\/?product=beru-zse032-sytytyspuola","title":{"rendered":"BERU ZSE032 Sytytyspuola"},"content":{"rendered":"<p>Liittimet: SAE-Kontaktfeder, Spark Spring; Sytytyspuola: Liit\u00e4nt\u00e4 SAE, Sytytystulppakoskettimella; Liittimi\u00e4: 1; J\u00e4nnite (V): 12; Napojen m\u00e4\u00e4r\u00e4: 4; V\u00e4ri: Punainen; Pituus, sis. liittimen [cm]: 18; TECDOC-moottorinumero: 24758; VW: TOUAREG 7LA, 7L6, 7L7,TOUAREG 7P5; AUDI: A4 Avant 8K5, B8,A6 Avant 4F5, C6,A4 Avant 8ED, B7,A4 Avant 8E5, B6,A4 8E2, B6,A4 8K2, B8,Q5 8R,A6 4F2, C6,A6 Avant 4G5, C7, 4GD,A5 8T3,A4 Cabriolet 8H7, B6, 8HE, B7,A5 Sportback 8TA,A4 8EC, B7,Q7 4L,A8 4E_,A6 4G2, C7, 4GC,A6 Allroad 4FH, C6,A7 Sportback 4GA, 4GF,A5 Cabriolet 8F7,A8 4H_,A6 Allroad 4GH, 4GJ,R8 42,R8 Spyder,Q7 4M; PORSCHE: CAYENNE,PANAMERA; LAMBORGHINI: GALLARDO,GALLARDO SPYDER; 06D905115, 06D905115A, 06D905115C, 06D905115D, 06D905115F, 06D905115G, 06D905115J, 06D905115K, 06E905115, 06E905115A, 06E905115B, 06E905115C, 06E905115D, 06E905115E, 06E905115F, 95860210200, 06E905115B, 06E905115C, 06E905115D, 06E905115E, 06E905115F<\/p>\n","protected":false},"excerpt":{"rendered":"<p>BERU Sytytyspuola ZSE032  VW,AUDI,PORSCHE,TOUAREG 7LA, 7L6, 7L7,TOUAREG 7P5,A4 Avant 8K5, B8,A6 Avant 4F5, C6,A4 Avant 8ED, B7,A4 Avant 8E5, B6<\/p>\n","protected":false},"featured_media":0,"template":"","meta":{"site-sidebar-layout":"default","site-content-layout":"default","ast-global-header-display":"","ast-main-header-display":"","ast-hfb-above-header-display":"","ast-hfb-below-header-display":"","ast-hfb-mobile-header-display":"","site-post-title":"","ast-breadcrumbs-content":"","ast-featured-img":"","footer-sml-layout":"","theme-transparent-header-meta":"","adv-header-id-meta":"","stick-header-meta":"","header-above-stick-meta":"","header-main-stick-meta":"","header-below-stick-meta":""},"pwb-brand":[327],"product_cat":[25],"product_tag":[],"class_list":{"0":"post-28586","1":"product","2":"type-product","3":"status-publish","5":"pwb-brand-beru","6":"product_cat-sytytyspuola","7":"desktop-align-left","8":"tablet-align-left","9":"mobile-align-left","11":"first","12":"instock","13":"product-type-external"},"brands":[{"id":327,"name":"BERU","slug":"beru"}],"_links":{"self":[{"href":"https:\/\/www.autonvaraosahaku.fi\/index.php?rest_route=\/wp\/v2\/product\/28586","targetHints":{"allow":["GET"]}}],"collection":[{"href":"https:\/\/www.autonvaraosahaku.fi\/index.php?rest_route=\/wp\/v2\/product"}],"about":[{"href":"https:\/\/www.autonvaraosahaku.fi\/index.php?rest_route=\/wp\/v2\/types\/product"}],"wp:attachment":[{"href":"https:\/\/www.autonvaraosahaku.fi\/index.php?rest_route=%2Fwp%2Fv2%2Fmedia&parent=28586"}],"wp:term":[{"taxonomy":"pwb-brand","embeddable":true,"href":"https:\/\/www.autonvaraosahaku.fi\/index.php?rest_route=%2Fwp%2Fv2%2Fpwb-brand&post=28586"},{"taxonomy":"product_cat","embeddable":true,"href":"https:\/\/www.autonvaraosahaku.fi\/index.php?rest_route=%2Fwp%2Fv2%2Fproduct_cat&post=28586"},{"taxonomy":"product_tag","embeddable":true,"href":"https:\/\/www.autonvaraosahaku.fi\/index.php?rest_route=%2Fwp%2Fv2%2Fproduct_tag&post=28586"}],"curies":[{"name":"wp","href":"https:\/\/api.w.org\/{rel}","templated":true}]}}