{"id":28608,"date":"2021-02-21T15:59:00","date_gmt":"2021-02-21T15:59:00","guid":{"rendered":"https:\/\/www.autonvaraosahaku.fi\/?product=magneti-marelli-062000654304-sytytystulpat"},"modified":"2021-02-21T15:59:02","modified_gmt":"2021-02-21T15:59:02","slug":"magneti-marelli-062000654304-sytytystulpat","status":"publish","type":"product","link":"https:\/\/www.autonvaraosahaku.fi\/?product=magneti-marelli-062000654304-sytytystulpat","title":{"rendered":"MAGNETI MARELLI 062000654304 Sytytystulpat"},"content":{"rendered":"<p>Sytytystulppa: 1-maaelektroodi, Vastuksella; K\u00e4rkiv\u00e4li (mm): 0,6; Kierremitta: M14; Kierteen pituus (mm): 12,7; Avainv\u00e4li: 20,8; Korvaava tuote\/korvaava tiedote 2: suoralla istukalla; TECDOC-moottorinumero: 9956; SKODA: 105,120 742,105,120 744,130,RAPID 120G, 130G, 135G; SEAT: 600 D; OPEL: KADETT B,MANTA A 58_, 59_,REKORD C,ADMIRAL A,KADETT B Coupe,REKORD D,COMMODORE A,COMMODORE A Coupe,MANTA B CC 53_, 55_,COMMODORE B Coupe,COMMODORE B,REKORD C Coupe,REKORD B,REKORD D Coupe,KADETT B Caravan,REKORD D Caravan,REKORD B Coupe,REKORD B Caravan; DACIA: 1310 Stufenheck U, X,1300; VOLVO: 240 Kombi P245,240 P242, P244,440 K 445,P 544,340-360 343, 345,164,140 142, 144,66,P 122 S AMAZON,140 Kombi 145,P 122 S AMAZON Kombi; FORD: TRANSIT Kasten 81E,TRANSIT Bus 72E, 73E,TAUNUS 17M Turnier 21,TAUNUS 17M Turnier 35F,TAUNUS 12M 11G,TAUNUS 17M Turnier 36F,TAUNUS 12M 12G,TAUNUS 12M Turnier 15G,TAUNUS 12M Coupe 13G; RENAULT: 4 112_,5 122_,4 Kasten R21_, R23_,12,6 118_,5 Kasten 238_,12 Variable 117_,ESTAFETTE 213_,RODEO 6,15 130_,12 Kasten,RODEO 4,RODEO 5; FIAT: 500; CITRO\u00cbN: 2 CV,CX II,CX I MA,DS,CX II Break,CX I Break MA,MEHARI,DS Break,DS Cabriolet; PORSCHE: 356 Coupe,356 Cabriolet\/Speedster; 7554445, 7554445, 596280, 596290, 5962A3, 756761, 95496692, ZCT000011, 6000539311, 6001544751, 7700587168, 7701366057, 7701366267, 7701366515, DACIBO001, 99906850P9006, 9993409685100, 9993409691100, 7554445, 7554445, 5099744, 5099747, 5099784, 92OF12405ASA, 92OF12405BHA, 3490155, 3490175, 3490184, 5503855, 9807655717, 9807656713, 9807656715, 9807656717, 9807656719, 980765671902, 9807656721, 980765672103, 9807656723, 980765672301, 9807656729, 980765672900, 9807656747, 9807656756, 9807656917, 4361799, 4361800, 4378107, 5882087, 7554445, 7554447, 7554448, V4NS, 9009820515, 7554445, 019018110, 019018111, 073018117, 0001594303, 0001596503, 0001597203, 0021597203, 00215972030064, A0001594303, A0001596503, A0001597203, A0021597203, A00215972030064, 03490258, 1214019, 1214021, 1214023, 1214044, 1214111, 1214118, 1214121, 1214131, 1214134, 1214138, 1214700, 1214701, 1214800, 1214801, 1214805, 3490228, 5403277, 5403277X, 5433737, 5433737J, 5433738, 5433738V, 59625Z, 596280, 596290, 5962A3, 596&#8230;; Tulpat,Sytytystulppa<\/p>\n","protected":false},"excerpt":{"rendered":"<p>MAGNETI MARELLI Sytytystulpat 062000654304 Tulpat,Sytytystulppa SKODA,SEAT,OPEL,105,120 742,105,120 744,130,RAPID 120G, 130G, 135G,600 D,KADETT B<\/p>\n","protected":false},"featured_media":0,"template":"","meta":{"site-sidebar-layout":"default","site-content-layout":"default","ast-global-header-display":"","ast-main-header-display":"","ast-hfb-above-header-display":"","ast-hfb-below-header-display":"","ast-hfb-mobile-header-display":"","site-post-title":"","ast-breadcrumbs-content":"","ast-featured-img":"","footer-sml-layout":"","theme-transparent-header-meta":"","adv-header-id-meta":"","stick-header-meta":"","header-above-stick-meta":"","header-main-stick-meta":"","header-below-stick-meta":""},"pwb-brand":[34],"product_cat":[165],"product_tag":[],"class_list":{"0":"post-28608","1":"product","2":"type-product","3":"status-publish","5":"pwb-brand-magneti-marelli","6":"product_cat-sytytystulpat","7":"desktop-align-left","8":"tablet-align-left","9":"mobile-align-left","11":"first","12":"instock","13":"product-type-external"},"brands":[{"id":34,"name":"MAGNETI MARELLI","slug":"magneti-marelli"}],"_links":{"self":[{"href":"https:\/\/www.autonvaraosahaku.fi\/index.php?rest_route=\/wp\/v2\/product\/28608","targetHints":{"allow":["GET"]}}],"collection":[{"href":"https:\/\/www.autonvaraosahaku.fi\/index.php?rest_route=\/wp\/v2\/product"}],"about":[{"href":"https:\/\/www.autonvaraosahaku.fi\/index.php?rest_route=\/wp\/v2\/types\/product"}],"wp:attachment":[{"href":"https:\/\/www.autonvaraosahaku.fi\/index.php?rest_route=%2Fwp%2Fv2%2Fmedia&parent=28608"}],"wp:term":[{"taxonomy":"pwb-brand","embeddable":true,"href":"https:\/\/www.autonvaraosahaku.fi\/index.php?rest_route=%2Fwp%2Fv2%2Fpwb-brand&post=28608"},{"taxonomy":"product_cat","embeddable":true,"href":"https:\/\/www.autonvaraosahaku.fi\/index.php?rest_route=%2Fwp%2Fv2%2Fproduct_cat&post=28608"},{"taxonomy":"product_tag","embeddable":true,"href":"https:\/\/www.autonvaraosahaku.fi\/index.php?rest_route=%2Fwp%2Fv2%2Fproduct_tag&post=28608"}],"curies":[{"name":"wp","href":"https:\/\/api.w.org\/{rel}","templated":true}]}}