{"id":28641,"date":"2021-02-21T15:59:10","date_gmt":"2021-02-21T15:59:10","guid":{"rendered":"https:\/\/www.autonvaraosahaku.fi\/?product=valeo-247616-polttoainetankin-korkki"},"modified":"2021-02-21T15:59:10","modified_gmt":"2021-02-21T15:59:10","slug":"valeo-247616-polttoainetankin-korkki","status":"publish","type":"product","link":"https:\/\/www.autonvaraosahaku.fi\/?product=valeo-247616-polttoainetankin-korkki","title":{"rendered":"VALEO 247616 Polttoainetankin korkki"},"content":{"rendered":"<p>Asennusmalli: Poltti\/ruuvi; Korvaava tuote\/korvaava tiedote 2: Huohotinventtiilill\u00e4; Lukkolaite: Ilman avainta; Ulkol\u00e4pimitta [mm]: 72,5; Sis\u00e4l\u00e4pimitta [mm]: 39,2; Paino [kg]: 0,11; Oviluku: 3; VOLVO: V50 MW,C30,S40 II MS; FORD: FOCUS II Kombi DA_,FOCUS II DA_,S-MAX WA6,GALAXY WA6,C-MAX DM2,FOCUS II Stufenheck DA_,FOCUS II Cabriolet; Tankin Korkki,Korkki, Polttoainetankki<\/p>\n","protected":false},"excerpt":{"rendered":"<p>VALEO Polttoainetankin Korkki 247616 Tankin Korkki,Korkki, Polttoainetankki VOLVO,FORD,V50 MW,C30,S40 II MS,FOCUS II Kombi DA_,FOCUS II DA_,S-MAX WA6<\/p>\n","protected":false},"featured_media":0,"template":"","meta":{"site-sidebar-layout":"default","site-content-layout":"default","ast-global-header-display":"","ast-main-header-display":"","ast-hfb-above-header-display":"","ast-hfb-below-header-display":"","ast-hfb-mobile-header-display":"","site-post-title":"","ast-breadcrumbs-content":"","ast-featured-img":"","footer-sml-layout":"","theme-transparent-header-meta":"","adv-header-id-meta":"","stick-header-meta":"","header-above-stick-meta":"","header-main-stick-meta":"","header-below-stick-meta":""},"pwb-brand":[28],"product_cat":[105],"product_tag":[],"class_list":{"0":"post-28641","1":"product","2":"type-product","3":"status-publish","5":"pwb-brand-valeo","6":"product_cat-polttoainetankin-korkki","7":"desktop-align-left","8":"tablet-align-left","9":"mobile-align-left","11":"first","12":"instock","13":"product-type-external"},"brands":[{"id":28,"name":"VALEO","slug":"valeo"}],"_links":{"self":[{"href":"https:\/\/www.autonvaraosahaku.fi\/index.php?rest_route=\/wp\/v2\/product\/28641","targetHints":{"allow":["GET"]}}],"collection":[{"href":"https:\/\/www.autonvaraosahaku.fi\/index.php?rest_route=\/wp\/v2\/product"}],"about":[{"href":"https:\/\/www.autonvaraosahaku.fi\/index.php?rest_route=\/wp\/v2\/types\/product"}],"wp:attachment":[{"href":"https:\/\/www.autonvaraosahaku.fi\/index.php?rest_route=%2Fwp%2Fv2%2Fmedia&parent=28641"}],"wp:term":[{"taxonomy":"pwb-brand","embeddable":true,"href":"https:\/\/www.autonvaraosahaku.fi\/index.php?rest_route=%2Fwp%2Fv2%2Fpwb-brand&post=28641"},{"taxonomy":"product_cat","embeddable":true,"href":"https:\/\/www.autonvaraosahaku.fi\/index.php?rest_route=%2Fwp%2Fv2%2Fproduct_cat&post=28641"},{"taxonomy":"product_tag","embeddable":true,"href":"https:\/\/www.autonvaraosahaku.fi\/index.php?rest_route=%2Fwp%2Fv2%2Fproduct_tag&post=28641"}],"curies":[{"name":"wp","href":"https:\/\/api.w.org\/{rel}","templated":true}]}}