{"id":28697,"date":"2021-02-21T15:59:19","date_gmt":"2021-02-21T15:59:19","guid":{"rendered":"https:\/\/www.autonvaraosahaku.fi\/?product=febi-bilstein-11107-moottorin-kumityyny"},"modified":"2021-02-21T15:59:22","modified_gmt":"2021-02-21T15:59:22","slug":"febi-bilstein-11107-moottorin-kumityyny","status":"publish","type":"product","link":"https:\/\/www.autonvaraosahaku.fi\/?product=febi-bilstein-11107-moottorin-kumityyny","title":{"rendered":"FEBI BILSTEIN 11107 Moottorin kumityyny"},"content":{"rendered":"<p>Kiinnitysreikien lukum\u00e4\u00e4r\u00e4: 4; Asennuspuoli: Takana; Kiinnitysmalli: Kumimetallilaakeri; Paino [kg]: 0,516, 0,516; MERCEDES-BENZ: C-CLASS W203,E-CLASS W211,C-CLASS W204,C-CLASS T-Model S204,C-CLASS T-Model S203,C-CLASS W202,E-CLASS T-Model S211,SLK R170,E-CLASS W210,E-CLASS W212,C-CLASS Coupe CL203,E-CLASS T-Model S212,GLK-CLASS X204,E-CLASS Kombi S210,SLK R171,CLK C208,SL R129,CLK C209,C-CLASS Kombi S202,S-CLASS W220,CLS C219,SL R230,G-CLASS W463,E-CLASS Coupe C207,CLK Cabriolet A208,CLK Cabriolet A209,S-CLASS W140,C-CLASS Coupe C204,SPRINTER 3-t Kasten 903,SPRINTER 2-t Bus 901, 902,SLK R172,E-CLASS Cabriolet A207,CLC-CLASS CL203,G-CLASS W461,SPRINTER 2-t Kasten 901, 902,SPRINTER 3-t Bus 903,CLS C218,SPRINTER 3-t Pritsche\/Fahrgestell 903,S-CLASS Coupe C215,SPRINTER 4-t Pritsche\/Fahrgestell 904,CLS Shooting Brake X218,SPRINTER 2-t Pritsche\/Fahrgestell 901, 902,S-CLASS Coupe C140,SPRINTER 4-t Kasten 904,G-CLASS Cabrio W463; CHRYSLER: CROSSFIRE,CROSSFIRE Roadster; 05101457AA, 5101457AA, 05101457AA, 5101457AA, 1402401118, 1402401218, 1402401318, 1402401718, 1402401818, 2122400318, 2122400418, 2122400618, 2122400818, 2122401018, 2122401818, 2202400118, 2202400218, 2202400418, 2202400518, 2202400718, 2202401818, A1402401118, A1402401218, A1402401318, A1402401718, A1402401818, A2122400318, A2122400418, A2122400618, A2122400818, A2122401018, A2122401818, A2202400118, A2202400218, A2202400418, A2202400518, A2202400718, A2202401818; Vaihteiston Tuki, Autom.<\/p>\n","protected":false},"excerpt":{"rendered":"<p>FEBI BILSTEIN Vaihdelaatikon Tukikumit 11107 Vaihteiston Tuki, Autom. MERCEDES-BENZ,CHRYSLER,C-CLASS W203,E-CLASS W211,C-CLASS W204<\/p>\n","protected":false},"featured_media":0,"template":"","meta":{"site-sidebar-layout":"default","site-content-layout":"default","ast-global-header-display":"","ast-main-header-display":"","ast-hfb-above-header-display":"","ast-hfb-below-header-display":"","ast-hfb-mobile-header-display":"","site-post-title":"","ast-breadcrumbs-content":"","ast-featured-img":"","footer-sml-layout":"","theme-transparent-header-meta":"","adv-header-id-meta":"","stick-header-meta":"","header-above-stick-meta":"","header-main-stick-meta":"","header-below-stick-meta":""},"pwb-brand":[50],"product_cat":[74],"product_tag":[],"class_list":{"0":"post-28697","1":"product","2":"type-product","3":"status-publish","5":"pwb-brand-febi-bilstein","6":"product_cat-moottorin-kumityyny","7":"desktop-align-left","8":"tablet-align-left","9":"mobile-align-left","11":"first","12":"instock","13":"product-type-external"},"brands":[{"id":50,"name":"FEBI BILSTEIN","slug":"febi-bilstein"}],"_links":{"self":[{"href":"https:\/\/www.autonvaraosahaku.fi\/index.php?rest_route=\/wp\/v2\/product\/28697","targetHints":{"allow":["GET"]}}],"collection":[{"href":"https:\/\/www.autonvaraosahaku.fi\/index.php?rest_route=\/wp\/v2\/product"}],"about":[{"href":"https:\/\/www.autonvaraosahaku.fi\/index.php?rest_route=\/wp\/v2\/types\/product"}],"wp:attachment":[{"href":"https:\/\/www.autonvaraosahaku.fi\/index.php?rest_route=%2Fwp%2Fv2%2Fmedia&parent=28697"}],"wp:term":[{"taxonomy":"pwb-brand","embeddable":true,"href":"https:\/\/www.autonvaraosahaku.fi\/index.php?rest_route=%2Fwp%2Fv2%2Fpwb-brand&post=28697"},{"taxonomy":"product_cat","embeddable":true,"href":"https:\/\/www.autonvaraosahaku.fi\/index.php?rest_route=%2Fwp%2Fv2%2Fproduct_cat&post=28697"},{"taxonomy":"product_tag","embeddable":true,"href":"https:\/\/www.autonvaraosahaku.fi\/index.php?rest_route=%2Fwp%2Fv2%2Fproduct_tag&post=28697"}],"curies":[{"name":"wp","href":"https:\/\/api.w.org\/{rel}","templated":true}]}}