{"id":28701,"date":"2021-02-21T15:59:24","date_gmt":"2021-02-21T15:59:24","guid":{"rendered":"https:\/\/www.autonvaraosahaku.fi\/?product=corteco-12011547b-kampiakselin-tiiviste"},"modified":"2021-02-21T15:59:24","modified_gmt":"2021-02-21T15:59:24","slug":"corteco-12011547b-kampiakselin-tiiviste","status":"publish","type":"product","link":"https:\/\/www.autonvaraosahaku.fi\/?product=corteco-12011547b-kampiakselin-tiiviste","title":{"rendered":"CORTECO 12011547B Kampiakselin tiiviste"},"content":{"rendered":"<p>Asennuspuoli: Etup\u00e4\u00e4; Materiaali: ACM (polyakryyli-kautsu); Suojavaippa: Suojakumilla; Sis\u00e4l\u00e4pimitta 1 [mm]: 35; Ulkol\u00e4pimitta 1 [mm]: 50; Korkeus 1 (mm): 8; Rihlamalli: Vaihdettava kierre; Moottorinumero: 810, 842; RENAULT: 12,18 134_,FUEGO 136_,15 130_,14 121_; FIAT: DUCATO Bus 230,DUCATO Kasten 290,DUCATO Pritsche\/Fahrgestell 290,DUCATO Kasten 280,DUCATO Pritsche\/Fahrgestell 280,DUCATO Panorama 280,DUCATO Panorama 290,TALENTO Kasten 290; PEUGEOT: 306 Schr\u00e4gheck 7A, 7C, N3, N5,205 II 20A\/C,PARTNER Kasten 5,J5 Pritsche\/Fahrgestell 280L,306 Break 7E, N3, N5,J5 Pritsche\/Fahrgestell 290L,BOXER Kasten 230L,306 7B, N3, N5,J5 Kasten 280L,205 I Cabriolet 741B, 20D,EXPERT Kasten 222,J5 Bus 290P,309 II 3C, 3A,205 I 741A\/C,J5 Kasten 290L,J5 Bus 280P,405 I 15B,EXPERT 224,405 II 4B,104,405 II Break 4E,405 I Break 15E,305 II 581M,104 Coupe,305 II Break 581E,EXPERT Pritsche\/Fahrgestell 223; CITRO\u00cbN: BERLINGO MF,BERLINGO Kasten M_,XM Y4,XANTIA X1,ZX N2,BX XB-_,C25 Bus 280_, 290_,JUMPY U6U,JUMPER Kasten 230L,XM Y3,CX I MA,XANTIA Break X1,JUMPER Bus 230P,C25 Pritsche\/Fahrgestell 280_, 290_,ZX Break N2,XM Break Y4,JUMPER Pritsche\/Fahrgestell 230,BX Break XB-_,C25 Kasten 280_, 290_,C15 VD-_,VISA Cabriolet,JUMPY Pritsche\/Fahrgestell BU_, BV_, BW_, BX_,XM Break Y3,C15 Kombi; VOLVO: 66; DACIA: 1310 Stufenheck U, X; ROVER: 800 XS,200 Hatchback XW,800 Hatchback XS,400 Tourer XW,800 Coupe,400 XW; TALBOT: SAMBA Cabriolet 51E,HORIZON,SAMBA 51A; 051415, 7910006487, 93501128, 7701348114, 70224654, 702246562, 26126739, 051415, 7700522314, 7700627112, 7701348114, 7701348297, 7703087075, 7910006487, 023614, 023614, 051415, 7910006487, 3103839; Akselitiiviste, Kampiakseli<\/p>\n","protected":false},"excerpt":{"rendered":"<p>CORTECO Kampiakselin Tiiviste 12011547B Akselitiiviste, Kampiakseli RENAULT,FIAT,PEUGEOT,12,18 134_,FUEGO 136_,15 130_,14 121_,DUCATO Bus 230<\/p>\n","protected":false},"featured_media":0,"template":"","meta":{"site-sidebar-layout":"default","site-content-layout":"default","ast-global-header-display":"","ast-main-header-display":"","ast-hfb-above-header-display":"","ast-hfb-below-header-display":"","ast-hfb-mobile-header-display":"","site-post-title":"","ast-breadcrumbs-content":"","ast-featured-img":"","footer-sml-layout":"","theme-transparent-header-meta":"","adv-header-id-meta":"","stick-header-meta":"","header-above-stick-meta":"","header-main-stick-meta":"","header-below-stick-meta":""},"pwb-brand":[53],"product_cat":[88],"product_tag":[],"class_list":{"0":"post-28701","1":"product","2":"type-product","3":"status-publish","5":"pwb-brand-corteco","6":"product_cat-kampiakselin-tiiviste","7":"desktop-align-left","8":"tablet-align-left","9":"mobile-align-left","11":"first","12":"instock","13":"product-type-external"},"brands":[{"id":53,"name":"CORTECO","slug":"corteco"}],"_links":{"self":[{"href":"https:\/\/www.autonvaraosahaku.fi\/index.php?rest_route=\/wp\/v2\/product\/28701","targetHints":{"allow":["GET"]}}],"collection":[{"href":"https:\/\/www.autonvaraosahaku.fi\/index.php?rest_route=\/wp\/v2\/product"}],"about":[{"href":"https:\/\/www.autonvaraosahaku.fi\/index.php?rest_route=\/wp\/v2\/types\/product"}],"wp:attachment":[{"href":"https:\/\/www.autonvaraosahaku.fi\/index.php?rest_route=%2Fwp%2Fv2%2Fmedia&parent=28701"}],"wp:term":[{"taxonomy":"pwb-brand","embeddable":true,"href":"https:\/\/www.autonvaraosahaku.fi\/index.php?rest_route=%2Fwp%2Fv2%2Fpwb-brand&post=28701"},{"taxonomy":"product_cat","embeddable":true,"href":"https:\/\/www.autonvaraosahaku.fi\/index.php?rest_route=%2Fwp%2Fv2%2Fproduct_cat&post=28701"},{"taxonomy":"product_tag","embeddable":true,"href":"https:\/\/www.autonvaraosahaku.fi\/index.php?rest_route=%2Fwp%2Fv2%2Fproduct_tag&post=28701"}],"curies":[{"name":"wp","href":"https:\/\/api.w.org\/{rel}","templated":true}]}}