{"id":28788,"date":"2021-02-21T15:59:42","date_gmt":"2021-02-21T15:59:42","guid":{"rendered":"https:\/\/www.autonvaraosahaku.fi\/?product=febi-bilstein-30645-jaahdytysnesteen-lampotila-anturi"},"modified":"2021-02-21T15:59:44","modified_gmt":"2021-02-21T15:59:44","slug":"febi-bilstein-30645-jaahdytysnesteen-lampotila-anturi","status":"publish","type":"product","link":"https:\/\/www.autonvaraosahaku.fi\/?product=febi-bilstein-30645-jaahdytysnesteen-lampotila-anturi","title":{"rendered":"FEBI BILSTEIN 30645 J\u00e4\u00e4hdytysnesteen l\u00e4mp\u00f6tila anturi"},"content":{"rendered":"<p>Pituus (mm): 64; Leveys (mm): 30,0; Liittimi\u00e4: 2; V\u00e4ri: Musta; Materiaali: Muovi; Asennuspuoli: j\u00e4\u00e4hdytt\u00e4j\u00e4n takana, j\u00e4\u00e4hdytt\u00e4j\u00e4n takana; Paino [kg]: 0,016, 0,016; Moottorinumero: M73N; BMW: 3 E46,3 Touring E91,3 E90,5 E39,5 E60,1 E87,5 Touring E61,3 Touring E46,X3 E83,5 Touring E39,5 F10, F18,3 Compact E46,3 Coupe E46,X1 E84,1 E81,1 F20,X5 E70,X5 E53,3 Touring F31,3 Cabriolet E46,3 F30, F35, F80,7 E38,Z4 E85,3 Cabriolet E93,7 E65, E66, E67,1 F21,1 Cabriolet E88,7 F01, F02, F03, F04,1 Coupe E82,5 Gran Turismo F07,X6 E71, E72,6 E63,Z4 Coupe E86,6 Cabriolet E64,6 Coupe F13,6 Cabriolet F12,Z8 E52; LAND ROVER: FREELANDER LN,RANGE ROVER III LM,RANGE ROVER IV LG; 13621433077, MEK105210, NSC000100; J\u00e4\u00e4hdytysnestel\u00e4mp\u00f6tilan Sensori<\/p>\n","protected":false},"excerpt":{"rendered":"<p>FEBI BILSTEIN J\u00e4\u00e4hdytysnesteen L\u00e4mp\u00f6tila Anturi 30645 J\u00e4\u00e4hdytysnestel\u00e4mp\u00f6tilan Sensori BMW,LAND ROVER,3 E46,3 Touring E91,3 E90,5 E39,5 E60,1 E87<\/p>\n","protected":false},"featured_media":0,"template":"","meta":{"site-sidebar-layout":"default","site-content-layout":"default","ast-global-header-display":"","ast-main-header-display":"","ast-hfb-above-header-display":"","ast-hfb-below-header-display":"","ast-hfb-mobile-header-display":"","site-post-title":"","ast-breadcrumbs-content":"","ast-featured-img":"","footer-sml-layout":"","theme-transparent-header-meta":"","adv-header-id-meta":"","stick-header-meta":"","header-above-stick-meta":"","header-main-stick-meta":"","header-below-stick-meta":""},"pwb-brand":[50],"product_cat":[200],"product_tag":[],"class_list":{"0":"post-28788","1":"product","2":"type-product","3":"status-publish","5":"pwb-brand-febi-bilstein","6":"product_cat-jaahdytysnesteen-lampotila-anturi","7":"desktop-align-left","8":"tablet-align-left","9":"mobile-align-left","11":"first","12":"instock","13":"product-type-external"},"brands":[{"id":50,"name":"FEBI BILSTEIN","slug":"febi-bilstein"}],"_links":{"self":[{"href":"https:\/\/www.autonvaraosahaku.fi\/index.php?rest_route=\/wp\/v2\/product\/28788","targetHints":{"allow":["GET"]}}],"collection":[{"href":"https:\/\/www.autonvaraosahaku.fi\/index.php?rest_route=\/wp\/v2\/product"}],"about":[{"href":"https:\/\/www.autonvaraosahaku.fi\/index.php?rest_route=\/wp\/v2\/types\/product"}],"wp:attachment":[{"href":"https:\/\/www.autonvaraosahaku.fi\/index.php?rest_route=%2Fwp%2Fv2%2Fmedia&parent=28788"}],"wp:term":[{"taxonomy":"pwb-brand","embeddable":true,"href":"https:\/\/www.autonvaraosahaku.fi\/index.php?rest_route=%2Fwp%2Fv2%2Fpwb-brand&post=28788"},{"taxonomy":"product_cat","embeddable":true,"href":"https:\/\/www.autonvaraosahaku.fi\/index.php?rest_route=%2Fwp%2Fv2%2Fproduct_cat&post=28788"},{"taxonomy":"product_tag","embeddable":true,"href":"https:\/\/www.autonvaraosahaku.fi\/index.php?rest_route=%2Fwp%2Fv2%2Fproduct_tag&post=28788"}],"curies":[{"name":"wp","href":"https:\/\/api.w.org\/{rel}","templated":true}]}}